{"id":2555,"date":"2025-08-29T08:14:09","date_gmt":"2025-08-29T12:14:09","guid":{"rendered":"https:\/\/fantaisiescaninfelin.com\/?product=healthy-dog-bouchees-de-repas-dinde-14-oz"},"modified":"2025-11-12T19:28:50","modified_gmt":"2025-11-13T00:28:50","slug":"healthy-dog-bouchees-de-repas-dinde-14-oz","status":"publish","type":"product","link":"https:\/\/fantaisiescaninfelin.com\/?product=healthy-dog-bouchees-de-repas-dinde-14-oz","title":{"rendered":"Healthy dog bouch\u00e9es de repas dinde 14 oz"},"content":{"rendered":"<p><span>Un repas cru lyophilis\u00e9 complet et \u00e9quilibr\u00e9, pr\u00e9par\u00e9 avec de la dinde de qualit\u00e9 bouch\u00e8re, des superaliments et des pr\u00e9- et postbiotiques. Ces bouch\u00e9es croquantes sont parfaites pour les chiens difficiles ayant un estomac sensible, et constituent \u00e9galement une excellente nourriture d&rsquo;entra\u00eenement&nbsp;!<\/span><\/p>\n<p><span><\/span><\/p>\n<p>\ud83c\udde8\ud83c\udde6<span> Produit <\/span>con\u00e7u<span> au <\/span>Canada<\/p>\n<p>\ud83c\uddfa\ud83c\uddf8<span> <\/span>Fabriqu\u00e9<span> aux <\/span>\u00c9tats Unis<span> <\/span><\/p>\n","protected":false},"excerpt":{"rendered":"<p>Un repas cru lyophilis\u00e9 complet et \u00e9quilibr\u00e9, pr\u00e9par\u00e9 avec de la dinde de qualit\u00e9 bouch\u00e8re, des superaliments et des pr\u00e9-&#8230;<\/p>\n","protected":false},"featured_media":2553,"comment_status":"open","ping_status":"closed","template":"","meta":{"advanced_seo_description":"","jetpack_seo_html_title":"","jetpack_seo_noindex":false},"product_brand":[],"product_cat":[58,16],"product_tag":[43],"class_list":{"0":"post-2555","1":"product","2":"type-product","3":"status-publish","4":"has-post-thumbnail","6":"product_cat-crue-deshydratee-lyophilisee","7":"product_cat-nourriture","8":"product_tag-noel","10":"first","11":"instock","12":"taxable","13":"shipping-taxable","14":"purchasable","15":"product-type-simple"},"jetpack_sharing_enabled":true,"_links":{"self":[{"href":"https:\/\/fantaisiescaninfelin.com\/index.php?rest_route=\/wp\/v2\/product\/2555","targetHints":{"allow":["GET"]}}],"collection":[{"href":"https:\/\/fantaisiescaninfelin.com\/index.php?rest_route=\/wp\/v2\/product"}],"about":[{"href":"https:\/\/fantaisiescaninfelin.com\/index.php?rest_route=\/wp\/v2\/types\/product"}],"replies":[{"embeddable":true,"href":"https:\/\/fantaisiescaninfelin.com\/index.php?rest_route=%2Fwp%2Fv2%2Fcomments&post=2555"}],"wp:featuredmedia":[{"embeddable":true,"href":"https:\/\/fantaisiescaninfelin.com\/index.php?rest_route=\/wp\/v2\/media\/2553"}],"wp:attachment":[{"href":"https:\/\/fantaisiescaninfelin.com\/index.php?rest_route=%2Fwp%2Fv2%2Fmedia&parent=2555"}],"wp:term":[{"taxonomy":"product_brand","embeddable":true,"href":"https:\/\/fantaisiescaninfelin.com\/index.php?rest_route=%2Fwp%2Fv2%2Fproduct_brand&post=2555"},{"taxonomy":"product_cat","embeddable":true,"href":"https:\/\/fantaisiescaninfelin.com\/index.php?rest_route=%2Fwp%2Fv2%2Fproduct_cat&post=2555"},{"taxonomy":"product_tag","embeddable":true,"href":"https:\/\/fantaisiescaninfelin.com\/index.php?rest_route=%2Fwp%2Fv2%2Fproduct_tag&post=2555"}],"curies":[{"name":"wp","href":"https:\/\/api.w.org\/{rel}","templated":true}]}}