{"id":256,"date":"2024-09-03T08:37:54","date_gmt":"2024-09-03T12:37:54","guid":{"rendered":"https:\/\/fantaisies:8890\/?post_type=product&#038;p=256"},"modified":"2025-03-07T18:54:45","modified_gmt":"2025-03-07T23:54:45","slug":"livstrong-supplement-defense-des-voies-urinaires","status":"publish","type":"product","link":"https:\/\/fantaisiescaninfelin.com\/?product=livstrong-supplement-defense-des-voies-urinaires","title":{"rendered":"Livstrong suppl\u00e9ment d\u00e9fense des voies urinaires"},"content":{"rendered":"<p>Votre animal fait souvent des infections urinaires ?<\/p>\n<p>Ce suppl\u00e9ment est un \u00b4must&rsquo; \u00e0 avoir pour la pr\u00e9vention des infections urinaires.<\/p>\n<p>Gr\u00e2ce aux compos\u00e9s de la pr\u00eale, les pissenlits et les canneberges vont d\u00e9fendre les voies urinaires par leur bienfaits.<\/p>\n<p>&#8211; La pr\u00eale des champs est une plante qui nettoie les voies urinaires et \u00e0 lutter contre les infections , les inflammations et les mictions douloureuses.<\/p>\n<p>&#8211; Le pissenlit reconstitue les min\u00e9raux dans les urines<\/p>\n<p>&#8211; La canneberge est un puissant antioxydant qui aide \u00e0 renforcer le syst\u00e8me immunitaire et \u00e0 r\u00e9duire l&rsquo;inflammation. C&rsquo;est l&rsquo;une des pr\u00e9ventions naturelles les plus courantes des infections des voies urinaires car ses compos\u00e9s phytochimiques pr\u00e9sents emp\u00eachent les bact\u00e9ries d&rsquo;adh\u00e9rer aux parois des voies urinaires .<\/p>\n<p>Format en 175 gr avec un 1-4 de cuill\u00e8re \u00e0 caf\u00e9 pour son utilisation rapide et facile.<\/p>\n<p>Produit utiliser sur les chats et les chiens<\/p>\n","protected":false},"excerpt":{"rendered":"<p>Votre animal fait souvent des infections urinaires ? Ce suppl\u00e9ment est un \u00b4must&rsquo; \u00e0 avoir pour la pr\u00e9vention des infections&#8230;<\/p>\n","protected":false},"featured_media":277,"comment_status":"open","ping_status":"closed","template":"","meta":{"advanced_seo_description":"","jetpack_seo_html_title":"","jetpack_seo_noindex":false},"product_brand":[],"product_cat":[20,27,25],"product_tag":[],"class_list":{"0":"post-256","1":"product","2":"type-product","3":"status-publish","4":"has-post-thumbnail","6":"product_cat-miaou","7":"product_cat-non-classe","8":"product_cat-urinaire","10":"first","11":"instock","12":"taxable","13":"shipping-taxable","14":"purchasable","15":"product-type-simple"},"jetpack_sharing_enabled":true,"_links":{"self":[{"href":"https:\/\/fantaisiescaninfelin.com\/index.php?rest_route=\/wp\/v2\/product\/256","targetHints":{"allow":["GET"]}}],"collection":[{"href":"https:\/\/fantaisiescaninfelin.com\/index.php?rest_route=\/wp\/v2\/product"}],"about":[{"href":"https:\/\/fantaisiescaninfelin.com\/index.php?rest_route=\/wp\/v2\/types\/product"}],"replies":[{"embeddable":true,"href":"https:\/\/fantaisiescaninfelin.com\/index.php?rest_route=%2Fwp%2Fv2%2Fcomments&post=256"}],"wp:featuredmedia":[{"embeddable":true,"href":"https:\/\/fantaisiescaninfelin.com\/index.php?rest_route=\/wp\/v2\/media\/277"}],"wp:attachment":[{"href":"https:\/\/fantaisiescaninfelin.com\/index.php?rest_route=%2Fwp%2Fv2%2Fmedia&parent=256"}],"wp:term":[{"taxonomy":"product_brand","embeddable":true,"href":"https:\/\/fantaisiescaninfelin.com\/index.php?rest_route=%2Fwp%2Fv2%2Fproduct_brand&post=256"},{"taxonomy":"product_cat","embeddable":true,"href":"https:\/\/fantaisiescaninfelin.com\/index.php?rest_route=%2Fwp%2Fv2%2Fproduct_cat&post=256"},{"taxonomy":"product_tag","embeddable":true,"href":"https:\/\/fantaisiescaninfelin.com\/index.php?rest_route=%2Fwp%2Fv2%2Fproduct_tag&post=256"}],"curies":[{"name":"wp","href":"https:\/\/api.w.org\/{rel}","templated":true}]}}