{"id":2560,"date":"2025-08-29T08:16:55","date_gmt":"2025-08-29T12:16:55","guid":{"rendered":"https:\/\/fantaisiescaninfelin.com\/?product=healthy-bud-galettes-repas-dinde-14-oz"},"modified":"2025-10-24T17:46:53","modified_gmt":"2025-10-24T21:46:53","slug":"healthy-bud-galettes-repas-dinde-14-oz","status":"publish","type":"product","link":"https:\/\/fantaisiescaninfelin.com\/?product=healthy-bud-galettes-repas-dinde-14-oz","title":{"rendered":"Healthy Bud galettes repas dinde 14 oz"},"content":{"rendered":"<p><span>Un repas cru complet et \u00e9quilibr\u00e9 lyophilis\u00e9, pr\u00e9par\u00e9 avec de la dinde de qualit\u00e9 bouch\u00e8re, des superaliments, ainsi que des pr\u00e9- et postbiotiques. Ces galettes molles et r\u00e9hydratables sont parfaites pour les chiens difficiles et les estomacs sensibles.<\/span><\/p>\n<p><span><\/span><\/p>\n<p>\ud83c\udde8\ud83c\udde6<span> Produit con\u00e7u au <\/span>Canada<span> <\/span><\/p>\n<p>\ud83c\uddfa\ud83c\uddf8 Fabriqu\u00e9 aux \u00c9tats Unis<\/p>\n","protected":false},"excerpt":{"rendered":"<p>Un repas cru complet et \u00e9quilibr\u00e9 lyophilis\u00e9, pr\u00e9par\u00e9 avec de la dinde de qualit\u00e9 bouch\u00e8re, des superaliments, ainsi que des&#8230;<\/p>\n","protected":false},"featured_media":2557,"comment_status":"open","ping_status":"closed","template":"","meta":{"advanced_seo_description":"","jetpack_seo_html_title":"","jetpack_seo_noindex":false},"product_brand":[],"product_cat":[58,23],"product_tag":[43],"class_list":{"0":"post-2560","1":"product","2":"type-product","3":"status-publish","4":"has-post-thumbnail","6":"product_cat-crue-deshydratee-lyophilisee","7":"product_cat-digestion","8":"product_tag-noel","10":"first","11":"instock","12":"taxable","13":"shipping-taxable","14":"purchasable","15":"product-type-simple"},"jetpack_sharing_enabled":true,"_links":{"self":[{"href":"https:\/\/fantaisiescaninfelin.com\/index.php?rest_route=\/wp\/v2\/product\/2560","targetHints":{"allow":["GET"]}}],"collection":[{"href":"https:\/\/fantaisiescaninfelin.com\/index.php?rest_route=\/wp\/v2\/product"}],"about":[{"href":"https:\/\/fantaisiescaninfelin.com\/index.php?rest_route=\/wp\/v2\/types\/product"}],"replies":[{"embeddable":true,"href":"https:\/\/fantaisiescaninfelin.com\/index.php?rest_route=%2Fwp%2Fv2%2Fcomments&post=2560"}],"wp:featuredmedia":[{"embeddable":true,"href":"https:\/\/fantaisiescaninfelin.com\/index.php?rest_route=\/wp\/v2\/media\/2557"}],"wp:attachment":[{"href":"https:\/\/fantaisiescaninfelin.com\/index.php?rest_route=%2Fwp%2Fv2%2Fmedia&parent=2560"}],"wp:term":[{"taxonomy":"product_brand","embeddable":true,"href":"https:\/\/fantaisiescaninfelin.com\/index.php?rest_route=%2Fwp%2Fv2%2Fproduct_brand&post=2560"},{"taxonomy":"product_cat","embeddable":true,"href":"https:\/\/fantaisiescaninfelin.com\/index.php?rest_route=%2Fwp%2Fv2%2Fproduct_cat&post=2560"},{"taxonomy":"product_tag","embeddable":true,"href":"https:\/\/fantaisiescaninfelin.com\/index.php?rest_route=%2Fwp%2Fv2%2Fproduct_tag&post=2560"}],"curies":[{"name":"wp","href":"https:\/\/api.w.org\/{rel}","templated":true}]}}