{"id":2566,"date":"2025-09-04T19:32:47","date_gmt":"2025-09-04T23:32:47","guid":{"rendered":"https:\/\/fantaisiescaninfelin.com\/?product=healthy-bud-poumons-de-boeuf-60gr"},"modified":"2025-09-08T19:05:56","modified_gmt":"2025-09-08T23:05:56","slug":"healthy-bud-poumons-de-boeuf-60gr","status":"publish","type":"product","link":"https:\/\/fantaisiescaninfelin.com\/?product=healthy-bud-poumons-de-boeuf-60gr","title":{"rendered":"Healthy Bud Poumons de b\u0153uf 60gr"},"content":{"rendered":"<p><span>La g\u00e2terie ultime \u00e0 haute r\u00e9compense pour les mangeurs difficiles. Ces gaufrettes l\u00e9g\u00e8res et riches en prot\u00e9ines sont faciles \u00e0 casser, parfaites pour l&rsquo;entra\u00eenement, et charg\u00e9es en fer et en nutriments essentiels. Doucement cuites pour une texture que les chiens adorent\u2014simple, propre et irr\u00e9sistible.<\/span><\/p>\n<p><span><\/span><\/p>\n<p><strong>INGR\u00c9DIENTS<span>: <\/span><\/strong><span>Poumon de b\u0153uf<\/span><span><span class=\"Apple-converted-space\">&nbsp;<\/span><\/span><em>(c&rsquo;est tout !)<\/em><\/p>\n<p>\ud83c\udde8\ud83c\udde6<strong><span> Produit <\/span>fi\u00e8rement<span> canadien <\/span><\/strong><\/p>\n","protected":false},"excerpt":{"rendered":"<p>La g\u00e2terie ultime \u00e0 haute r\u00e9compense pour les mangeurs difficiles. Ces gaufrettes l\u00e9g\u00e8res et riches en prot\u00e9ines sont faciles \u00e0&#8230;<\/p>\n","protected":false},"featured_media":2563,"comment_status":"open","ping_status":"closed","template":"","meta":{"advanced_seo_description":"","jetpack_seo_html_title":"","jetpack_seo_noindex":false},"product_brand":[],"product_cat":[18,15],"product_tag":[43],"class_list":{"0":"post-2566","1":"product","2":"type-product","3":"status-publish","4":"has-post-thumbnail","6":"product_cat-fine-gueule","7":"product_cat-uncategorized","8":"product_tag-noel","10":"first","11":"instock","12":"taxable","13":"shipping-taxable","14":"purchasable","15":"product-type-simple"},"jetpack_sharing_enabled":true,"_links":{"self":[{"href":"https:\/\/fantaisiescaninfelin.com\/index.php?rest_route=\/wp\/v2\/product\/2566","targetHints":{"allow":["GET"]}}],"collection":[{"href":"https:\/\/fantaisiescaninfelin.com\/index.php?rest_route=\/wp\/v2\/product"}],"about":[{"href":"https:\/\/fantaisiescaninfelin.com\/index.php?rest_route=\/wp\/v2\/types\/product"}],"replies":[{"embeddable":true,"href":"https:\/\/fantaisiescaninfelin.com\/index.php?rest_route=%2Fwp%2Fv2%2Fcomments&post=2566"}],"wp:featuredmedia":[{"embeddable":true,"href":"https:\/\/fantaisiescaninfelin.com\/index.php?rest_route=\/wp\/v2\/media\/2563"}],"wp:attachment":[{"href":"https:\/\/fantaisiescaninfelin.com\/index.php?rest_route=%2Fwp%2Fv2%2Fmedia&parent=2566"}],"wp:term":[{"taxonomy":"product_brand","embeddable":true,"href":"https:\/\/fantaisiescaninfelin.com\/index.php?rest_route=%2Fwp%2Fv2%2Fproduct_brand&post=2566"},{"taxonomy":"product_cat","embeddable":true,"href":"https:\/\/fantaisiescaninfelin.com\/index.php?rest_route=%2Fwp%2Fv2%2Fproduct_cat&post=2566"},{"taxonomy":"product_tag","embeddable":true,"href":"https:\/\/fantaisiescaninfelin.com\/index.php?rest_route=%2Fwp%2Fv2%2Fproduct_tag&post=2566"}],"curies":[{"name":"wp","href":"https:\/\/api.w.org\/{rel}","templated":true}]}}