{"id":257,"date":"2024-09-03T08:37:54","date_gmt":"2024-09-03T12:37:54","guid":{"rendered":"https:\/\/fantaisies:8890\/?post_type=product&#038;p=257"},"modified":"2025-01-17T22:44:37","modified_gmt":"2025-01-18T03:44:37","slug":"livstrong-supplement-supermix-champignon-puissant-pour-soutenir-la-sante-de-votre-animal","status":"publish","type":"product","link":"https:\/\/fantaisiescaninfelin.com\/?product=livstrong-supplement-supermix-champignon-puissant-pour-soutenir-la-sante-de-votre-animal","title":{"rendered":"Livstrong suppl\u00e9ment Supermix champignon puissant pour soutenir la sant\u00e9 de votre animal"},"content":{"rendered":"<p>Ce suppl\u00e9ment est compos\u00e9s des champignons Reishi et de la mousse d&rsquo;Irlande.<\/p>\n<p>&#8211; Le champignon Reishi ou appel\u00e9 champignon de l&rsquo;immortalit\u00e9 c&rsquo;est un puissant champignon m\u00e9dicinal qui apporte plusieurs b\u00e9n\u00e9fices dont : soutenir un syst\u00e8me immunitaire,anti-inflammatoire,antioxydants,protecteur du foie,sant\u00e9 des reins,soulagement des allergies ,contr\u00f4ler la glyc\u00e9mie et \u00e0 r\u00e9guler la pression art\u00e9rielle pour un c\u0153ur sain.<\/p>\n<p>&#8211; La mousse d&rsquo;Irlande est un type d&rsquo;algue qui regorge de nutriments ,\u00e0 aider et \u00e0 apaiser les troubles digestifs.<\/p>\n<p>Format de 130 gr avec une petite cuill\u00e8re doseuse<\/p>\n<p>Produit utiliser sur les chats et les chiens<\/p>\n","protected":false},"excerpt":{"rendered":"<p>Ce suppl\u00e9ment est compos\u00e9s des champignons Reishi et de la mousse d&rsquo;Irlande. &#8211; Le champignon Reishi ou appel\u00e9 champignon de&#8230;<\/p>\n","protected":false},"featured_media":278,"comment_status":"open","ping_status":"closed","template":"","meta":{"advanced_seo_description":"","jetpack_seo_html_title":"","jetpack_seo_noindex":false},"product_brand":[],"product_cat":[23,22,20,27,28],"product_tag":[],"class_list":{"0":"post-257","1":"product","2":"type-product","3":"status-publish","4":"has-post-thumbnail","6":"product_cat-digestion","7":"product_cat-inconfort-quotidiens","8":"product_cat-miaou","9":"product_cat-non-classe","10":"product_cat-peau-pelage","12":"first","13":"instock","14":"taxable","15":"shipping-taxable","16":"purchasable","17":"product-type-simple"},"jetpack_sharing_enabled":true,"_links":{"self":[{"href":"https:\/\/fantaisiescaninfelin.com\/index.php?rest_route=\/wp\/v2\/product\/257","targetHints":{"allow":["GET"]}}],"collection":[{"href":"https:\/\/fantaisiescaninfelin.com\/index.php?rest_route=\/wp\/v2\/product"}],"about":[{"href":"https:\/\/fantaisiescaninfelin.com\/index.php?rest_route=\/wp\/v2\/types\/product"}],"replies":[{"embeddable":true,"href":"https:\/\/fantaisiescaninfelin.com\/index.php?rest_route=%2Fwp%2Fv2%2Fcomments&post=257"}],"wp:featuredmedia":[{"embeddable":true,"href":"https:\/\/fantaisiescaninfelin.com\/index.php?rest_route=\/wp\/v2\/media\/278"}],"wp:attachment":[{"href":"https:\/\/fantaisiescaninfelin.com\/index.php?rest_route=%2Fwp%2Fv2%2Fmedia&parent=257"}],"wp:term":[{"taxonomy":"product_brand","embeddable":true,"href":"https:\/\/fantaisiescaninfelin.com\/index.php?rest_route=%2Fwp%2Fv2%2Fproduct_brand&post=257"},{"taxonomy":"product_cat","embeddable":true,"href":"https:\/\/fantaisiescaninfelin.com\/index.php?rest_route=%2Fwp%2Fv2%2Fproduct_cat&post=257"},{"taxonomy":"product_tag","embeddable":true,"href":"https:\/\/fantaisiescaninfelin.com\/index.php?rest_route=%2Fwp%2Fv2%2Fproduct_tag&post=257"}],"curies":[{"name":"wp","href":"https:\/\/api.w.org\/{rel}","templated":true}]}}