{"id":2584,"date":"2025-09-04T19:50:40","date_gmt":"2025-09-04T23:50:40","guid":{"rendered":"https:\/\/fantaisiescaninfelin.com\/?product=healthy-bud-gateries-dentrainement-au-poulet-184gr"},"modified":"2026-01-14T20:01:52","modified_gmt":"2026-01-15T01:01:52","slug":"healthy-bud-gateries-dentrainement-au-poulet-184gr","status":"publish","type":"product","link":"https:\/\/fantaisiescaninfelin.com\/?product=healthy-bud-gateries-dentrainement-au-poulet-184gr","title":{"rendered":"Healthy Bud g\u00e2teries d\u2019entra\u00eenement au poulet 184gr"},"content":{"rendered":"<p><span>Am\u00e9liorez la concentration et l&rsquo;ob\u00e9issance avec ces mini g\u00e2teries d&rsquo;entra\u00eenement \u00e0 1 calorie. Les premi\u00e8res du genre \u00e0 inclure des superaliments comme la Crini\u00e8re de Lion, le Reishi et l&rsquo;Huile de Saumon pour la sant\u00e9 du cerveau, ces petites bouch\u00e9es font saliver m\u00eame les chiens les plus difficiles.<\/span><\/p>\n<p><span><\/span><\/p>\n<p><strong>INGR\u00c9DIENTS<span>: <\/span><\/strong><span>Boeuf, Foie de boeuf, Farine de sarrasin, Glyc\u00e9rine v\u00e9g\u00e9tale, Citrouille, Huile de saumon, Crini\u00e8re de lion biologique, Reishi biologique, Extrait de romarin.<\/span><\/p>\n<p><span><\/span><\/p>\n<p><span>\ud83c\udde8\ud83c\udde6<\/span><span> Produit <\/span>fi\u00e8rement<span> canadien <\/span><\/p>\n","protected":false},"excerpt":{"rendered":"<p>Am\u00e9liorez la concentration et l&rsquo;ob\u00e9issance avec ces mini g\u00e2teries d&rsquo;entra\u00eenement \u00e0 1 calorie. Les premi\u00e8res du genre \u00e0 inclure des&#8230;<\/p>\n","protected":false},"featured_media":2582,"comment_status":"open","ping_status":"closed","template":"","meta":{"advanced_seo_description":"","jetpack_seo_html_title":"","jetpack_seo_noindex":false},"product_brand":[],"product_cat":[18,15],"product_tag":[43],"class_list":{"0":"post-2584","1":"product","2":"type-product","3":"status-publish","4":"has-post-thumbnail","6":"product_cat-fine-gueule","7":"product_cat-uncategorized","8":"product_tag-noel","10":"first","11":"instock","12":"taxable","13":"shipping-taxable","14":"product-type-simple"},"jetpack_sharing_enabled":true,"_links":{"self":[{"href":"https:\/\/fantaisiescaninfelin.com\/index.php?rest_route=\/wp\/v2\/product\/2584","targetHints":{"allow":["GET"]}}],"collection":[{"href":"https:\/\/fantaisiescaninfelin.com\/index.php?rest_route=\/wp\/v2\/product"}],"about":[{"href":"https:\/\/fantaisiescaninfelin.com\/index.php?rest_route=\/wp\/v2\/types\/product"}],"replies":[{"embeddable":true,"href":"https:\/\/fantaisiescaninfelin.com\/index.php?rest_route=%2Fwp%2Fv2%2Fcomments&post=2584"}],"wp:featuredmedia":[{"embeddable":true,"href":"https:\/\/fantaisiescaninfelin.com\/index.php?rest_route=\/wp\/v2\/media\/2582"}],"wp:attachment":[{"href":"https:\/\/fantaisiescaninfelin.com\/index.php?rest_route=%2Fwp%2Fv2%2Fmedia&parent=2584"}],"wp:term":[{"taxonomy":"product_brand","embeddable":true,"href":"https:\/\/fantaisiescaninfelin.com\/index.php?rest_route=%2Fwp%2Fv2%2Fproduct_brand&post=2584"},{"taxonomy":"product_cat","embeddable":true,"href":"https:\/\/fantaisiescaninfelin.com\/index.php?rest_route=%2Fwp%2Fv2%2Fproduct_cat&post=2584"},{"taxonomy":"product_tag","embeddable":true,"href":"https:\/\/fantaisiescaninfelin.com\/index.php?rest_route=%2Fwp%2Fv2%2Fproduct_tag&post=2584"}],"curies":[{"name":"wp","href":"https:\/\/api.w.org\/{rel}","templated":true}]}}