{"id":2589,"date":"2025-09-04T19:57:47","date_gmt":"2025-09-04T23:57:47","guid":{"rendered":"https:\/\/fantaisiescaninfelin.com\/?product=healthy-bud-bouchees-de-repas-boeuf-14-oz"},"modified":"2026-03-18T10:05:56","modified_gmt":"2026-03-18T14:05:56","slug":"healthy-bud-bouchees-de-repas-boeuf-14-oz","status":"publish","type":"product","link":"https:\/\/fantaisiescaninfelin.com\/?product=healthy-bud-bouchees-de-repas-boeuf-14-oz","title":{"rendered":"Healthy Bud bouch\u00e9es de repas b\u0153uf 14 oZ"},"content":{"rendered":"<p><span>Un repas cru lyophilis\u00e9 complet et \u00e9quilibr\u00e9, pr\u00e9par\u00e9 avec du b\u0153uf de qualit\u00e9 bouch\u00e8re, des superaliments et des pr\u00e9- et postbiotiques. Ces bouch\u00e9es croquantes sont parfaites pour les chiens difficiles ayant un estomac sensible, et constituent \u00e9galement une excellente nourriture d&rsquo;entra\u00eenement !<\/span><\/p>\n<p><span>\ud83c\udde8\ud83c\udde6<\/span><span> Produit <\/span>con\u00e7u<span> au <\/span>Canada<span> <\/span><\/p>\n<p><span>\ud83c\uddfa\ud83c\uddf8<\/span><span> Fabriquer aux <\/span>\u00c9tats Unis<span> <\/span><\/p>\n","protected":false},"excerpt":{"rendered":"<p>Un repas cru lyophilis\u00e9 complet et \u00e9quilibr\u00e9, pr\u00e9par\u00e9 avec du b\u0153uf de qualit\u00e9 bouch\u00e8re, des superaliments et des pr\u00e9- et&#8230;<\/p>\n","protected":false},"featured_media":2588,"comment_status":"open","ping_status":"closed","template":"","meta":{"advanced_seo_description":"","jetpack_seo_html_title":"","jetpack_seo_noindex":false},"product_brand":[],"product_cat":[58,23,16,15],"product_tag":[43],"class_list":{"0":"post-2589","1":"product","2":"type-product","3":"status-publish","4":"has-post-thumbnail","6":"product_cat-crue-deshydratee-lyophilisee","7":"product_cat-digestion","8":"product_cat-nourriture","9":"product_cat-uncategorized","10":"product_tag-noel","12":"first","13":"outofstock","14":"taxable","15":"shipping-taxable","16":"purchasable","17":"product-type-simple"},"jetpack_sharing_enabled":true,"_links":{"self":[{"href":"https:\/\/fantaisiescaninfelin.com\/index.php?rest_route=\/wp\/v2\/product\/2589","targetHints":{"allow":["GET"]}}],"collection":[{"href":"https:\/\/fantaisiescaninfelin.com\/index.php?rest_route=\/wp\/v2\/product"}],"about":[{"href":"https:\/\/fantaisiescaninfelin.com\/index.php?rest_route=\/wp\/v2\/types\/product"}],"replies":[{"embeddable":true,"href":"https:\/\/fantaisiescaninfelin.com\/index.php?rest_route=%2Fwp%2Fv2%2Fcomments&post=2589"}],"wp:featuredmedia":[{"embeddable":true,"href":"https:\/\/fantaisiescaninfelin.com\/index.php?rest_route=\/wp\/v2\/media\/2588"}],"wp:attachment":[{"href":"https:\/\/fantaisiescaninfelin.com\/index.php?rest_route=%2Fwp%2Fv2%2Fmedia&parent=2589"}],"wp:term":[{"taxonomy":"product_brand","embeddable":true,"href":"https:\/\/fantaisiescaninfelin.com\/index.php?rest_route=%2Fwp%2Fv2%2Fproduct_brand&post=2589"},{"taxonomy":"product_cat","embeddable":true,"href":"https:\/\/fantaisiescaninfelin.com\/index.php?rest_route=%2Fwp%2Fv2%2Fproduct_cat&post=2589"},{"taxonomy":"product_tag","embeddable":true,"href":"https:\/\/fantaisiescaninfelin.com\/index.php?rest_route=%2Fwp%2Fv2%2Fproduct_tag&post=2589"}],"curies":[{"name":"wp","href":"https:\/\/api.w.org\/{rel}","templated":true}]}}