{"id":2594,"date":"2025-09-04T20:00:18","date_gmt":"2025-09-05T00:00:18","guid":{"rendered":"https:\/\/fantaisiescaninfelin.com\/?product=healthy-bud-galettes-repas-au-boeuf-14-oz"},"modified":"2025-10-24T17:46:40","modified_gmt":"2025-10-24T21:46:40","slug":"healthy-bud-galettes-repas-au-boeuf-14-oz","status":"publish","type":"product","link":"https:\/\/fantaisiescaninfelin.com\/?product=healthy-bud-galettes-repas-au-boeuf-14-oz","title":{"rendered":"Healthy Bud galettes repas au b\u0153uf 14 oZ"},"content":{"rendered":"<p><span>Un repas cru lyophilis\u00e9 complet et \u00e9quilibr\u00e9, pr\u00e9par\u00e9 avec du b\u0153uf de qualit\u00e9 bouch\u00e8re, des superaliments, ainsi que des pr\u00e9- et postbiotiques. Ces galettes molles et r\u00e9hydratables sont parfaites pour les chiens difficiles et les estomacs sensibles.<\/span><\/p>\n<p><span><\/span><\/p>\n<p><span>\ud83c\udde8\ud83c\udde6<\/span><span> Produit <\/span>con\u00e7u<span> <\/span>au<span> <\/span>Canada<span> <\/span><\/p>\n<p><span>\ud83c\uddfa\ud83c\uddf8<\/span><span> Fabriquer aux <\/span>\u00c9tats Unis<span> <\/span><\/p>\n","protected":false},"excerpt":{"rendered":"<p>Un repas cru lyophilis\u00e9 complet et \u00e9quilibr\u00e9, pr\u00e9par\u00e9 avec du b\u0153uf de qualit\u00e9 bouch\u00e8re, des superaliments, ainsi que des pr\u00e9-&#8230;<\/p>\n","protected":false},"featured_media":2592,"comment_status":"open","ping_status":"closed","template":"","meta":{"advanced_seo_description":"","jetpack_seo_html_title":"","jetpack_seo_noindex":false},"product_brand":[],"product_cat":[58,23,16,15],"product_tag":[43],"class_list":{"0":"post-2594","1":"product","2":"type-product","3":"status-publish","4":"has-post-thumbnail","6":"product_cat-crue-deshydratee-lyophilisee","7":"product_cat-digestion","8":"product_cat-nourriture","9":"product_cat-uncategorized","10":"product_tag-noel","12":"first","13":"instock","14":"taxable","15":"shipping-taxable","16":"product-type-simple"},"jetpack_sharing_enabled":true,"_links":{"self":[{"href":"https:\/\/fantaisiescaninfelin.com\/index.php?rest_route=\/wp\/v2\/product\/2594","targetHints":{"allow":["GET"]}}],"collection":[{"href":"https:\/\/fantaisiescaninfelin.com\/index.php?rest_route=\/wp\/v2\/product"}],"about":[{"href":"https:\/\/fantaisiescaninfelin.com\/index.php?rest_route=\/wp\/v2\/types\/product"}],"replies":[{"embeddable":true,"href":"https:\/\/fantaisiescaninfelin.com\/index.php?rest_route=%2Fwp%2Fv2%2Fcomments&post=2594"}],"wp:featuredmedia":[{"embeddable":true,"href":"https:\/\/fantaisiescaninfelin.com\/index.php?rest_route=\/wp\/v2\/media\/2592"}],"wp:attachment":[{"href":"https:\/\/fantaisiescaninfelin.com\/index.php?rest_route=%2Fwp%2Fv2%2Fmedia&parent=2594"}],"wp:term":[{"taxonomy":"product_brand","embeddable":true,"href":"https:\/\/fantaisiescaninfelin.com\/index.php?rest_route=%2Fwp%2Fv2%2Fproduct_brand&post=2594"},{"taxonomy":"product_cat","embeddable":true,"href":"https:\/\/fantaisiescaninfelin.com\/index.php?rest_route=%2Fwp%2Fv2%2Fproduct_cat&post=2594"},{"taxonomy":"product_tag","embeddable":true,"href":"https:\/\/fantaisiescaninfelin.com\/index.php?rest_route=%2Fwp%2Fv2%2Fproduct_tag&post=2594"}],"curies":[{"name":"wp","href":"https:\/\/api.w.org\/{rel}","templated":true}]}}