{"id":2599,"date":"2025-09-07T16:47:21","date_gmt":"2025-09-07T20:47:21","guid":{"rendered":"https:\/\/fantaisiescaninfelin.com\/?product=natural-farm-sabot-de-vache-garnie-au-beurre-darachides"},"modified":"2025-09-08T19:32:43","modified_gmt":"2025-09-08T23:32:43","slug":"natural-farm-sabot-de-vache-garnie-au-beurre-darachides","status":"publish","type":"product","link":"https:\/\/fantaisiescaninfelin.com\/?product=natural-farm-sabot-de-vache-garnie-au-beurre-darachides","title":{"rendered":"Natural Farm sabot de vache garnie au beurre d\u2019arachides"},"content":{"rendered":"<p>Les sabots sont soigneusement \u00e9labor\u00e9s pour garantir l&rsquo;absence de produits chimiques nocifs,de conservateurs ou d&rsquo;ar\u00f4mes artificiels. Nous sommes fiers d&rsquo;utiliser uniquement des ingr\u00e9dients naturels , sans danger pour votre compagnon \u00e0 quatre pattes . Les sabots fourr\u00e9s au beurre d&rsquo;arachide sont une excellente source de prot\u00e9ines et d&rsquo;autres nutriments essentiels dont votre chien a besoin pour une sant\u00e9 optimale. Ils contribuent \u00e9galement \u00e0 la sant\u00e9 des dents et des gencives , r\u00e9duisant ainsi le risque de probl\u00e8mes dentaires<\/p>\n<p>Id\u00e9al pour les m\u00e2chouilleurs \u00e0 niveau de moyen \u00e0 \u00e9lev\u00e9<\/p>\n<p>Contribue \u00e0 la sant\u00e9 dentaire et stimule les muscles de la m\u00e2choire<\/p>\n<p>Fabriqu\u00e9 \u00e0 partir de bovins \u00e9l\u00e8ves en libert\u00e9<\/p>\n<p>\ud83c\udde7\ud83c\uddf7 Produit fabriqu\u00e9 au Br\u00e9sil<\/p>\n<pre class=\"tw-data-text tw-text-large tw-ta\" data-placeholder=\"Traduction\" id=\"tw-target-text\" role=\"text\" data-ved=\"2ahUKEwjXyMOZwcePAxV6wvACHW8PIIsQ3ewLegQIChAV\" dir=\"ltr\" aria-label=\"Texte traduit\u00a0: Nos sabots sont soigneusement \u00e9labor\u00e9s pour garantir l'absence de produits chimiques nocifs, de conservateurs ou d'ar\u00f4mes artificiels. Nous sommes fiers d'utiliser uniquement des ingr\u00e9dients naturels, sans danger pour votre compagnon \u00e0 quatre pattes. Nos sabots fourr\u00e9s au beurre de cacahu\u00e8te sont une excellente source de prot\u00e9ines et d'autres nutriments essentiels dont votre chien a besoin pour une sant\u00e9 optimale. Ils contribuent \u00e9galement \u00e0 la sant\u00e9 des dents et des gencives, r\u00e9duisant ainsi le risque de probl\u00e8mes dentaires. Id\u00e9al pour les chiens \u00e0 m\u00e2cher moyens et lourds Contribue \u00e0 la sant\u00e9 dentaire et stimule les muscles de la m\u00e2choire Fabriqu\u00e9 \u00e0 partir de bovins \u00e9lev\u00e9s en libert\u00e9, nourris \u00e0 l'herbe et finis \u00e0 l'herbe au Br\u00e9sil\" style=\"font-size: 28px;line-height: 36px;background-color: transparent;border: none;padding: 2px 0.14em 2px 0px;position: relative;margin: -2px 0px;font-family: inherit;overflow: hidden;text-align: left;width: 270px;font-style: normal;font-weight: 400;letter-spacing: normal;text-indent: 0px;text-transform: none;text-decoration: none\"><span class=\"Y2IQFc\" lang=\"fr\">Nos sabots sont soigneusement \u00e9labor\u00e9s pour garantir l'absence de produits chimiques nocifs, de conservateurs ou d'ar\u00f4mes artificiels. Nous sommes fiers d'utiliser uniquement des ingr\u00e9dients naturels, sans danger pour votre compagnon \u00e0 quatre pattes. Nos sabots fourr\u00e9s au beurre de cacahu\u00e8te sont une excellente source de prot\u00e9ines et d'autres nutriments essentiels dont votre chien a besoin pour une sant\u00e9 optimale. Ils contribuent \u00e9galement \u00e0 la sant\u00e9 des dents et des gencives, r\u00e9duisant ainsi le risque de probl\u00e8mes dentaires.<\/span>\u2029<span class=\"Y2IQFc\" lang=\"fr\"><\/span>\u2029<span class=\"Y2IQFc\" lang=\"fr\">Id\u00e9al pour les chiens \u00e0 m\u00e2cher moyens et lourds<\/span>\u2029<span class=\"Y2IQFc\" lang=\"fr\">Contribue \u00e0 la sant\u00e9 dentaire et stimule les muscles de la m\u00e2choire<\/span>\u2029<span class=\"Y2IQFc\" lang=\"fr\">Fabriqu\u00e9 \u00e0 partir de bovins \u00e9lev\u00e9s en libert\u00e9, nourris \u00e0 l'herbe et finis \u00e0 l'herbe au Br\u00e9sil<\/span><\/pre>\n","protected":false},"excerpt":{"rendered":"<p>Les sabots sont soigneusement \u00e9labor\u00e9s pour garantir l&rsquo;absence de produits chimiques nocifs,de conservateurs ou d&rsquo;ar\u00f4mes artificiels. Nous sommes fiers d&rsquo;utiliser&#8230;<\/p>\n","protected":false},"featured_media":2598,"comment_status":"open","ping_status":"closed","template":"","meta":{"advanced_seo_description":"","jetpack_seo_html_title":"","jetpack_seo_noindex":false},"product_brand":[],"product_cat":[30,15],"product_tag":[43],"class_list":{"0":"post-2599","1":"product","2":"type-product","3":"status-publish","4":"has-post-thumbnail","6":"product_cat-mastication","7":"product_cat-uncategorized","8":"product_tag-noel","10":"first","11":"instock","12":"taxable","13":"shipping-taxable","14":"purchasable","15":"product-type-simple"},"jetpack_sharing_enabled":true,"_links":{"self":[{"href":"https:\/\/fantaisiescaninfelin.com\/index.php?rest_route=\/wp\/v2\/product\/2599","targetHints":{"allow":["GET"]}}],"collection":[{"href":"https:\/\/fantaisiescaninfelin.com\/index.php?rest_route=\/wp\/v2\/product"}],"about":[{"href":"https:\/\/fantaisiescaninfelin.com\/index.php?rest_route=\/wp\/v2\/types\/product"}],"replies":[{"embeddable":true,"href":"https:\/\/fantaisiescaninfelin.com\/index.php?rest_route=%2Fwp%2Fv2%2Fcomments&post=2599"}],"wp:featuredmedia":[{"embeddable":true,"href":"https:\/\/fantaisiescaninfelin.com\/index.php?rest_route=\/wp\/v2\/media\/2598"}],"wp:attachment":[{"href":"https:\/\/fantaisiescaninfelin.com\/index.php?rest_route=%2Fwp%2Fv2%2Fmedia&parent=2599"}],"wp:term":[{"taxonomy":"product_brand","embeddable":true,"href":"https:\/\/fantaisiescaninfelin.com\/index.php?rest_route=%2Fwp%2Fv2%2Fproduct_brand&post=2599"},{"taxonomy":"product_cat","embeddable":true,"href":"https:\/\/fantaisiescaninfelin.com\/index.php?rest_route=%2Fwp%2Fv2%2Fproduct_cat&post=2599"},{"taxonomy":"product_tag","embeddable":true,"href":"https:\/\/fantaisiescaninfelin.com\/index.php?rest_route=%2Fwp%2Fv2%2Fproduct_tag&post=2599"}],"curies":[{"name":"wp","href":"https:\/\/api.w.org\/{rel}","templated":true}]}}