{"id":2607,"date":"2025-09-07T20:51:16","date_gmt":"2025-09-08T00:51:16","guid":{"rendered":"https:\/\/fantaisiescaninfelin.com\/?product=pill-partner-gateries-cache-pilule-dinde-150gr"},"modified":"2025-12-03T12:04:29","modified_gmt":"2025-12-03T17:04:29","slug":"pill-partner-gateries-cache-pilule-dinde-150gr","status":"publish","type":"product","link":"https:\/\/fantaisiescaninfelin.com\/?product=pill-partner-gateries-cache-pilule-dinde-150gr","title":{"rendered":"Pill Partner g\u00e2teries cache pilule dinde 150gr"},"content":{"rendered":"<p>Enfin une g\u00e2terie cache pilule r\u00e9volutionnaire et qui sont go\u00fbteuse par ses ingr\u00e9dients naturels<\/p>\n<p>\ud83d\ude3b<\/p>\n<p><strong>INGR\u00c9DIENTS: <\/strong><span style=\"font-family: Cambria;font-size: 18px;font-style: normal;font-weight: 400;letter-spacing: normal;text-align: left;text-indent: 0px;text-transform: none;text-decoration: none;display: inline !important;float: none\">Farine d&rsquo;orge, glyc\u00e9rine, huile de canola, levure de bi\u00e8re, m\u00e9lasse noire, poudre de lactos\u00e9rum, farine de dinde, ar\u00f4me de poulet, gomme de guar, l\u00e9cithine, acide citrique, poudre de romarin.<\/span><\/p>\n<p><span style=\"font-family: Cambria;font-size: 18px;font-style: normal;font-weight: 400;letter-spacing: normal;text-align: left;text-indent: 0px;text-transform: none;text-decoration: none;display: inline !important;float: none\">\ud83c\udde8\ud83c\udde6<\/span><span style=\"font-family: Cambria;font-size: 18px;font-style: normal;font-weight: 400;letter-spacing: normal;text-align: left;text-indent: 0px;text-transform: none;text-decoration: none;display: inline !important;float: none\"> Produit <\/span>fi\u00e8rement<span style=\"font-family: Cambria;font-size: 18px;font-style: normal;font-weight: 400;letter-spacing: normal;text-align: left;text-indent: 0px;text-transform: none;text-decoration: none;display: inline !important;float: none\"> canadien <\/span><\/p>\n","protected":false},"excerpt":{"rendered":"<p>Enfin une g\u00e2terie cache pilule r\u00e9volutionnaire et qui sont go\u00fbteuse par ses ingr\u00e9dients naturels \ud83d\ude3b INGR\u00c9DIENTS: Farine d&rsquo;orge, glyc\u00e9rine, huile&#8230;<\/p>\n","protected":false},"featured_media":2606,"comment_status":"open","ping_status":"closed","template":"","meta":{"advanced_seo_description":"","jetpack_seo_html_title":"","jetpack_seo_noindex":false},"product_brand":[],"product_cat":[15],"product_tag":[43],"class_list":{"0":"post-2607","1":"product","2":"type-product","3":"status-publish","4":"has-post-thumbnail","6":"product_cat-uncategorized","7":"product_tag-noel","9":"first","10":"instock","11":"taxable","12":"shipping-taxable","13":"purchasable","14":"product-type-simple"},"jetpack_sharing_enabled":true,"_links":{"self":[{"href":"https:\/\/fantaisiescaninfelin.com\/index.php?rest_route=\/wp\/v2\/product\/2607","targetHints":{"allow":["GET"]}}],"collection":[{"href":"https:\/\/fantaisiescaninfelin.com\/index.php?rest_route=\/wp\/v2\/product"}],"about":[{"href":"https:\/\/fantaisiescaninfelin.com\/index.php?rest_route=\/wp\/v2\/types\/product"}],"replies":[{"embeddable":true,"href":"https:\/\/fantaisiescaninfelin.com\/index.php?rest_route=%2Fwp%2Fv2%2Fcomments&post=2607"}],"wp:featuredmedia":[{"embeddable":true,"href":"https:\/\/fantaisiescaninfelin.com\/index.php?rest_route=\/wp\/v2\/media\/2606"}],"wp:attachment":[{"href":"https:\/\/fantaisiescaninfelin.com\/index.php?rest_route=%2Fwp%2Fv2%2Fmedia&parent=2607"}],"wp:term":[{"taxonomy":"product_brand","embeddable":true,"href":"https:\/\/fantaisiescaninfelin.com\/index.php?rest_route=%2Fwp%2Fv2%2Fproduct_brand&post=2607"},{"taxonomy":"product_cat","embeddable":true,"href":"https:\/\/fantaisiescaninfelin.com\/index.php?rest_route=%2Fwp%2Fv2%2Fproduct_cat&post=2607"},{"taxonomy":"product_tag","embeddable":true,"href":"https:\/\/fantaisiescaninfelin.com\/index.php?rest_route=%2Fwp%2Fv2%2Fproduct_tag&post=2607"}],"curies":[{"name":"wp","href":"https:\/\/api.w.org\/{rel}","templated":true}]}}