{"id":2609,"date":"2025-09-07T20:55:18","date_gmt":"2025-09-08T00:55:18","guid":{"rendered":"https:\/\/fantaisiescaninfelin.com\/?product=jouet-kong-knots-hypopotame"},"modified":"2025-12-03T12:00:00","modified_gmt":"2025-12-03T17:00:00","slug":"jouet-kong-knots-hypopotame","status":"publish","type":"product","link":"https:\/\/fantaisiescaninfelin.com\/?product=jouet-kong-knots-hypopotame","title":{"rendered":"Jouet Kong Knots Hypopotame"},"content":{"rendered":"<p data-start=\"84\" data-end=\"421\" style=\"margin: 15px 0px;font-family: Poppins, sans-serif;font-size: 16px;font-style: normal;font-weight: 300;letter-spacing: normal;text-align: start;text-indent: 0px;text-transform: none;text-decoration: none\">Le&nbsp;<strong data-start=\"87\" data-end=\"119\" style=\"font-weight: bolder\">KONG Knots Belly Hippopotame<\/strong><span class=\"Apple-converted-space\">&nbsp;<\/span>allie<span class=\"Apple-converted-space\">&nbsp;<\/span><strong data-start=\"126\" data-end=\"151\" style=\"font-weight: bolder\">douceur et r\u00e9sistance<\/strong>, offrant \u00e0 votre chien un compagnon de jeu aussi r\u00e9confortant que stimulant. Son<span class=\"Apple-converted-space\">&nbsp;<\/span><strong data-start=\"233\" data-end=\"268\" style=\"font-weight: bolder\">ventre rond et l\u00e9g\u00e8rement lest\u00e9<\/strong>cache une<span class=\"Apple-converted-space\">&nbsp;<\/span><strong data-start=\"279\" data-end=\"303\" style=\"font-weight: bolder\">balle en corde nou\u00e9e<\/strong>, qui apporte du poids et du mouvement, encourageant ainsi les jeux de<span class=\"Apple-converted-space\">&nbsp;<\/span><strong data-start=\"374\" data-end=\"418\" style=\"font-weight: bolder\">tiraillement, de lancer et de mordillage<\/strong>.<\/p>\n<p data-start=\"423\" data-end=\"697\" style=\"margin: 15px 0px;font-family: Poppins, sans-serif;font-size: 16px;font-style: normal;font-weight: 300;letter-spacing: normal;text-align: start;text-indent: 0px;text-transform: none;text-decoration: none\">Dot\u00e9 d\u2019un<span class=\"Apple-converted-space\">&nbsp;<\/span><strong data-start=\"433\" data-end=\"466\" style=\"font-weight: bolder\">couineur int\u00e9gr\u00e9 dans la t\u00eate<\/strong>, ce jouet<span class=\"Apple-converted-space\">&nbsp;<\/span><strong data-start=\"477\" data-end=\"535\" style=\"font-weight: bolder\">\u00e9veille la curiosit\u00e9 et prolonge l\u2019engagement du chien<\/strong>. Son design robuste, combin\u00e9 \u00e0 une texture agr\u00e9able, en fait un<span class=\"Apple-converted-space\">&nbsp;<\/span><strong data-start=\"600\" data-end=\"620\" style=\"font-weight: bolder\">jouet polyvalent<\/strong>, parfait pour les moments de jeu actifs comme pour les instants de c\u00e2lins.<\/p>\n<h3 data-start=\"699\" data-end=\"725\" style=\"margin: 30px 0px 15px;font-family\"><strong data-start=\"703\" data-end=\"723\" style=\"font-weight: bolder\">Caract\u00e9ristiques<\/strong><\/h3>\n<ul data-start=\"726\" data-end=\"1153\" style=\"margin: 15px 0px 15px 30px;padding: 0px;font-family: Poppins, sans-serif;font-size: 16px;font-style: normal;font-weight: 300;letter-spacing: normal;text-align: start;text-indent: 0px;text-transform: none;text-decoration: none\">\n<li data-start=\"726\" data-end=\"793\"><strong data-start=\"728\" data-end=\"748\" style=\"font-weight: bolder\">Structure solide<\/strong>, id\u00e9ale pour secouer, lancer et mordiller.<\/li>\n<li data-start=\"794\" data-end=\"898\"><strong data-start=\"796\" data-end=\"827\" style=\"font-weight: bolder\">Ext\u00e9rieur doux et r\u00e9sistant<\/strong>, adapt\u00e9 aux chiens qui aiment jouer et se blottir contre leur jouet.<\/li>\n<li data-start=\"899\" data-end=\"968\"><strong data-start=\"901\" data-end=\"924\" style=\"font-weight: bolder\">Jouet multifonction<\/strong>, offrant des possibilit\u00e9s de jeu vari\u00e9es.<\/li>\n<li data-start=\"969\" data-end=\"1055\"><strong data-start=\"971\" data-end=\"1004\" style=\"font-weight: bolder\">Couineur int\u00e9gr\u00e9 dans la t\u00eate<\/strong>, stimulant l\u2019int\u00e9r\u00eat et prolongeant l\u2019amusement.<\/li>\n<li data-start=\"1056\" data-end=\"1153\"><strong data-start=\"1058\" data-end=\"1090\" style=\"font-weight: bolder\">Balle en corde nou\u00e9e interne<\/strong>, ajoutant du poids et du mouvement pour un plaisir renforc\u00e9.<\/li>\n<\/ul>\n<p data-start=\"1155\" data-end=\"1286\" data-is-last-node=\"\" data-is-only-node=\"\" style=\"margin: 15px 0px;font-family: Poppins, sans-serif;font-size: 16px;font-style: normal;font-weight: 300;letter-spacing: normal;text-align: start;text-indent: 0px;text-transform: none;text-decoration: none\">Un jouet<span class=\"Apple-converted-space\">&nbsp;<\/span><strong data-start=\"1164\" data-end=\"1188\" style=\"font-weight: bolder\">robuste et engageant<\/strong>, con\u00e7u pour satisfaire l\u2019instinct naturel du chien tout en lui offrant un compagnon r\u00e9confortant.<\/p>\n","protected":false},"excerpt":{"rendered":"<p>Le&nbsp;KONG Knots Belly Hippopotame&nbsp;allie&nbsp;douceur et r\u00e9sistance, offrant \u00e0 votre chien un compagnon de jeu aussi r\u00e9confortant que stimulant. Son&nbsp;ventre rond&#8230;<\/p>\n","protected":false},"featured_media":2608,"comment_status":"open","ping_status":"closed","template":"","meta":{"advanced_seo_description":"","jetpack_seo_html_title":"","jetpack_seo_noindex":false},"product_brand":[],"product_cat":[15],"product_tag":[],"class_list":{"0":"post-2609","1":"product","2":"type-product","3":"status-publish","4":"has-post-thumbnail","6":"product_cat-uncategorized","8":"first","9":"instock","10":"taxable","11":"shipping-taxable","12":"purchasable","13":"product-type-simple"},"jetpack_sharing_enabled":true,"_links":{"self":[{"href":"https:\/\/fantaisiescaninfelin.com\/index.php?rest_route=\/wp\/v2\/product\/2609","targetHints":{"allow":["GET"]}}],"collection":[{"href":"https:\/\/fantaisiescaninfelin.com\/index.php?rest_route=\/wp\/v2\/product"}],"about":[{"href":"https:\/\/fantaisiescaninfelin.com\/index.php?rest_route=\/wp\/v2\/types\/product"}],"replies":[{"embeddable":true,"href":"https:\/\/fantaisiescaninfelin.com\/index.php?rest_route=%2Fwp%2Fv2%2Fcomments&post=2609"}],"wp:featuredmedia":[{"embeddable":true,"href":"https:\/\/fantaisiescaninfelin.com\/index.php?rest_route=\/wp\/v2\/media\/2608"}],"wp:attachment":[{"href":"https:\/\/fantaisiescaninfelin.com\/index.php?rest_route=%2Fwp%2Fv2%2Fmedia&parent=2609"}],"wp:term":[{"taxonomy":"product_brand","embeddable":true,"href":"https:\/\/fantaisiescaninfelin.com\/index.php?rest_route=%2Fwp%2Fv2%2Fproduct_brand&post=2609"},{"taxonomy":"product_cat","embeddable":true,"href":"https:\/\/fantaisiescaninfelin.com\/index.php?rest_route=%2Fwp%2Fv2%2Fproduct_cat&post=2609"},{"taxonomy":"product_tag","embeddable":true,"href":"https:\/\/fantaisiescaninfelin.com\/index.php?rest_route=%2Fwp%2Fv2%2Fproduct_tag&post=2609"}],"curies":[{"name":"wp","href":"https:\/\/api.w.org\/{rel}","templated":true}]}}