{"id":2706,"date":"2025-11-10T19:34:38","date_gmt":"2025-11-11T00:34:38","guid":{"rendered":"https:\/\/fantaisiescaninfelin.com\/?product=oven-baked-tradition-tubes-a-lecher-pour-chats-sans-grains-boules-de-poils-canard-12x15g"},"modified":"2025-11-10T19:34:41","modified_gmt":"2025-11-11T00:34:41","slug":"oven-baked-tradition-tubes-a-lecher-pour-chats-sans-grains-boules-de-poils-canard-12x15g","status":"publish","type":"product","link":"https:\/\/fantaisiescaninfelin.com\/?product=oven-baked-tradition-tubes-a-lecher-pour-chats-sans-grains-boules-de-poils-canard-12x15g","title":{"rendered":"Oven Baked Tradition tubes \u00e0 l\u00e9cher pour chats Sans Grains, Boules De Poils &#8211; Canard 12x15g"},"content":{"rendered":"<ul>\n<li style=\"margin-top: 0rem;margin-bottom: 1rem\">Les g\u00e2teries \u00e0 l\u00e9cher pour chat Cr\u00e8mia sont id\u00e9ales pour interagir avec votre chat.<\/li>\n<li style=\"margin-top: 0rem;margin-bottom: 1rem\">Cette g\u00e2terie en pur\u00e9e contient de la poudre de cellulose et de la brom\u00e9line (une enzyme de l&rsquo;ananas qui d\u00e9grade les poils), qui aident \u00e0 r\u00e9duire les boules de poils.<\/li>\n<li style=\"margin-top: 0rem;margin-bottom: 1rem\">Faible en gras, sans grains et sans gluten et sans gommes.<\/li>\n<li style=\"margin-top: 0rem;margin-bottom: 1rem\">Sans sel, sucre ou saveur &amp; colorants artificiels.<\/li>\n<\/ul>\n<p><strong>INGR\u00c9DIENTS:<\/strong><\/p>\n<ul>\n<li style=\"margin-top: 0rem;margin-bottom: 1rem\">Canard (viande de canard, bouillon), manioc, extrait de levures, carottes, cellulose en poudre, pois verts, taurine, brom\u00e9line, om\u00e9ga-3.<\/li>\n<\/ul>\n<p><strong>INSTRUCTION:<\/strong><\/p>\n<ul>\n<li style=\"margin-top: 0rem;margin-bottom: 1rem\">Veiller \u00e0 ce que l\u2019animal dispose toujours d\u2019eau propre et fra\u00eeche.<\/li>\n<li style=\"margin-top: 0rem;margin-bottom: 1rem\">Entreposer dans un endroit frais et sec.<\/li>\n<li style=\"margin-top: 0rem;margin-bottom: 1rem\">Ce produit n\u2019est pas destin\u00e9 \u00e0 servir de repas.<\/li>\n<li style=\"margin-top: 0rem;margin-bottom: 1rem\">R\u00e9frig\u00e9rer apr\u00e8s ouverture.<\/li>\n<li style=\"margin-top: 0rem;margin-bottom: 1rem\">Ne laisser pas votre chat m\u00e2cher ou avaler le mat\u00e9riau d\u2019emballage.<\/li>\n<\/ul>\n<p>\ud83c\udde8\ud83c\udde6 Produit fi\u00e8rement qu\u00e9b\u00e9cois<\/p>\n","protected":false},"excerpt":{"rendered":"<p>Les g\u00e2teries \u00e0 l\u00e9cher pour chat Cr\u00e8mia sont id\u00e9ales pour interagir avec votre chat. Cette g\u00e2terie en pur\u00e9e contient de&#8230;<\/p>\n","protected":false},"featured_media":2705,"comment_status":"open","ping_status":"closed","template":"","meta":{"advanced_seo_description":"","jetpack_seo_html_title":"","jetpack_seo_noindex":false},"product_brand":[],"product_cat":[20,31,15],"product_tag":[],"class_list":{"0":"post-2706","1":"product","2":"type-product","3":"status-publish","4":"has-post-thumbnail","6":"product_cat-miaou","7":"product_cat-oven-baked-tradition","8":"product_cat-uncategorized","10":"first","11":"instock","12":"taxable","13":"shipping-taxable","14":"purchasable","15":"product-type-simple"},"jetpack_sharing_enabled":true,"_links":{"self":[{"href":"https:\/\/fantaisiescaninfelin.com\/index.php?rest_route=\/wp\/v2\/product\/2706","targetHints":{"allow":["GET"]}}],"collection":[{"href":"https:\/\/fantaisiescaninfelin.com\/index.php?rest_route=\/wp\/v2\/product"}],"about":[{"href":"https:\/\/fantaisiescaninfelin.com\/index.php?rest_route=\/wp\/v2\/types\/product"}],"replies":[{"embeddable":true,"href":"https:\/\/fantaisiescaninfelin.com\/index.php?rest_route=%2Fwp%2Fv2%2Fcomments&post=2706"}],"wp:featuredmedia":[{"embeddable":true,"href":"https:\/\/fantaisiescaninfelin.com\/index.php?rest_route=\/wp\/v2\/media\/2705"}],"wp:attachment":[{"href":"https:\/\/fantaisiescaninfelin.com\/index.php?rest_route=%2Fwp%2Fv2%2Fmedia&parent=2706"}],"wp:term":[{"taxonomy":"product_brand","embeddable":true,"href":"https:\/\/fantaisiescaninfelin.com\/index.php?rest_route=%2Fwp%2Fv2%2Fproduct_brand&post=2706"},{"taxonomy":"product_cat","embeddable":true,"href":"https:\/\/fantaisiescaninfelin.com\/index.php?rest_route=%2Fwp%2Fv2%2Fproduct_cat&post=2706"},{"taxonomy":"product_tag","embeddable":true,"href":"https:\/\/fantaisiescaninfelin.com\/index.php?rest_route=%2Fwp%2Fv2%2Fproduct_tag&post=2706"}],"curies":[{"name":"wp","href":"https:\/\/api.w.org\/{rel}","templated":true}]}}