{"id":2714,"date":"2025-11-10T19:50:10","date_gmt":"2025-11-11T00:50:10","guid":{"rendered":"https:\/\/fantaisiescaninfelin.com\/?product=oven-baked-tradition-nourriture-sans-grains-pour-chat-systeme-urinaire-poulet-5-lb"},"modified":"2025-11-10T19:50:14","modified_gmt":"2025-11-11T00:50:14","slug":"oven-baked-tradition-nourriture-sans-grains-pour-chat-systeme-urinaire-poulet-5-lb","status":"publish","type":"product","link":"https:\/\/fantaisiescaninfelin.com\/?product=oven-baked-tradition-nourriture-sans-grains-pour-chat-systeme-urinaire-poulet-5-lb","title":{"rendered":"Oven Baked Tradition nourriture Sans Grains Pour Chat \/ Syst\u00e8me Urinaire &#8211; Poulet 5 Lb"},"content":{"rendered":"<ul>\n<li style=\"margin-top: 0rem;margin-bottom: 1rem\">La nouvelle gamme SOIN de Oven-Baked Tradition a \u00e9t\u00e9 formul\u00e9e pour r\u00e9pondre \u00e0 des besoins sp\u00e9cifiques.<\/li>\n<li style=\"margin-top: 0rem;margin-bottom: 1rem\">Cette formule pour chats de tous \u00e2ges est un aliment complet, pour soutenir la sant\u00e9 urinaire.<\/li>\n<li style=\"margin-top: 0rem;margin-bottom: 1rem\">Min\u00e9raux contr\u00f4l\u00e9s pour des ratios optimaux de magn\u00e9sium et de phosphore afin de ralentir la formation et la croissance des cristaux urinaires.<\/li>\n<li style=\"margin-top: 0rem;margin-bottom: 1rem\">Contribue \u00e0 r\u00e9duire l&rsquo;inflammation de la vessie gr\u00e2ce aux canneberges et aux extraits de th\u00e9 vert.<\/li>\n<\/ul>\n<p><strong>INGR\u00c9DIENTS:<\/strong><\/p>\n<ul>\n<li style=\"margin-top: 0rem;margin-bottom: 1rem\">Poulet frais d\u00e9soss\u00e9, pois entiers moulus, farine de poulet, pomme de terre, tapioca, produit d\u2019\u0153ufs s\u00e9ch\u00e9s, poisson d\u00e9shydrat\u00e9, fibre de pois, saveur naturelle, gras de poulet (conserv\u00e9 avec un m\u00e9lange de tocoph\u00e9rols et d&rsquo;acide citrique), levure de bi\u00e8re, \u00e9pinards, sulfate de calcium, citrouille, produit de fermentation de bacillus coagulans s\u00e9ch\u00e9, taurine, chlorure de potassium, sulfate de fer, sulfate de zinc, suppl\u00e9ment de vitamine E, suppl\u00e9ment de niacine, canneberges, pommes, bananes, bleuets, brocoli, algues s\u00e9ch\u00e9es, patate douce, sulfate de cuivre, suppl\u00e9ment de vitamine A, sulfate de mangan\u00e8se, inuline, mononitrate de thiamine, extrait de yucca schidigera, d-pantoth\u00e9nate de calcium, chlorhydrate de pyridoxine, biotine, suppl\u00e9ment de riboflavine, suppl\u00e9ment de vitamine B12, suppl\u00e9ment de vitamine D3, calcium iodate, acide folique, s\u00e9l\u00e9nite de sodium, extrait de romarin. Peut contenir des traces d&rsquo;arachides.<\/li>\n<\/ul>\n<p>\ud83c\udde8\ud83c\udde6 Produit fi\u00e8rement qu\u00e9b\u00e9cois<\/p>\n","protected":false},"excerpt":{"rendered":"<p>La nouvelle gamme SOIN de Oven-Baked Tradition a \u00e9t\u00e9 formul\u00e9e pour r\u00e9pondre \u00e0 des besoins sp\u00e9cifiques. Cette formule pour chats&#8230;<\/p>\n","protected":false},"featured_media":2713,"comment_status":"open","ping_status":"closed","template":"","meta":{"advanced_seo_description":"","jetpack_seo_html_title":"","jetpack_seo_noindex":false},"product_brand":[],"product_cat":[20,31,15,25],"product_tag":[],"class_list":{"0":"post-2714","1":"product","2":"type-product","3":"status-publish","4":"has-post-thumbnail","6":"product_cat-miaou","7":"product_cat-oven-baked-tradition","8":"product_cat-uncategorized","9":"product_cat-urinaire","11":"first","12":"instock","13":"taxable","14":"shipping-taxable","15":"purchasable","16":"product-type-simple"},"jetpack_sharing_enabled":true,"_links":{"self":[{"href":"https:\/\/fantaisiescaninfelin.com\/index.php?rest_route=\/wp\/v2\/product\/2714","targetHints":{"allow":["GET"]}}],"collection":[{"href":"https:\/\/fantaisiescaninfelin.com\/index.php?rest_route=\/wp\/v2\/product"}],"about":[{"href":"https:\/\/fantaisiescaninfelin.com\/index.php?rest_route=\/wp\/v2\/types\/product"}],"replies":[{"embeddable":true,"href":"https:\/\/fantaisiescaninfelin.com\/index.php?rest_route=%2Fwp%2Fv2%2Fcomments&post=2714"}],"wp:featuredmedia":[{"embeddable":true,"href":"https:\/\/fantaisiescaninfelin.com\/index.php?rest_route=\/wp\/v2\/media\/2713"}],"wp:attachment":[{"href":"https:\/\/fantaisiescaninfelin.com\/index.php?rest_route=%2Fwp%2Fv2%2Fmedia&parent=2714"}],"wp:term":[{"taxonomy":"product_brand","embeddable":true,"href":"https:\/\/fantaisiescaninfelin.com\/index.php?rest_route=%2Fwp%2Fv2%2Fproduct_brand&post=2714"},{"taxonomy":"product_cat","embeddable":true,"href":"https:\/\/fantaisiescaninfelin.com\/index.php?rest_route=%2Fwp%2Fv2%2Fproduct_cat&post=2714"},{"taxonomy":"product_tag","embeddable":true,"href":"https:\/\/fantaisiescaninfelin.com\/index.php?rest_route=%2Fwp%2Fv2%2Fproduct_tag&post=2714"}],"curies":[{"name":"wp","href":"https:\/\/api.w.org\/{rel}","templated":true}]}}