{"id":2722,"date":"2025-11-12T18:25:15","date_gmt":"2025-11-12T23:25:15","guid":{"rendered":"https:\/\/fantaisiescaninfelin.com\/?product=oven-baked-tradition-nourriture-seche-sans-grains-pour-chat-peau-et-estomac-poisson-5-lb"},"modified":"2025-11-12T18:26:09","modified_gmt":"2025-11-12T23:26:09","slug":"oven-baked-tradition-nourriture-seche-sans-grains-pour-chat-peau-et-estomac-poisson-5-lb","status":"publish","type":"product","link":"https:\/\/fantaisiescaninfelin.com\/?product=oven-baked-tradition-nourriture-seche-sans-grains-pour-chat-peau-et-estomac-poisson-5-lb","title":{"rendered":"Oven Baked Tradition Nourriture S\u00e8che Sans Grains Pour Chat \/ Peau Et Estomac &#8211; Poisson 5 Lb"},"content":{"rendered":"<ul>\n<li style=\"margin-top: 0rem;margin-bottom: 1rem\">La nouvelle gamme SOIN de Oven-Baked Tradition a \u00e9t\u00e9 formul\u00e9e pour r\u00e9pondre \u00e0 des besoins sp\u00e9cifiques.<\/li>\n<li style=\"margin-top: 0rem;margin-bottom: 1rem\">Cette formule pour chats adultes est un aliment complet, pour soutenir la sant\u00e9 digestive ainsi que la peau et le pelage.<\/li>\n<li style=\"margin-top: 0rem;margin-bottom: 1rem\">Aide \u00e0 r\u00e9duire l&rsquo;inflammation intestinale gr\u00e2ce \u00e0 l&rsquo;utilisation de z\u00e9olite naturelle.<\/li>\n<li style=\"margin-top: 0rem;margin-bottom: 1rem\">Contribue \u00e0 soutenir le syst\u00e8me immunitaire et la microflore intestinale de l&rsquo;animal gr\u00e2ce \u00e0 l&rsquo;utilisation de post-biotiques.<\/li>\n<li style=\"margin-top: 0rem;margin-bottom: 1rem\">Recette de hareng et de saumon frais, une bonne source naturelle d&rsquo;om\u00e9ga-3, pour aider le pelage \u00e0 briller et r\u00e9duire l&rsquo;inflammation.<\/li>\n<li style=\"margin-top: 0rem;margin-bottom: 1rem\">Ajout de Vitamine C et DHA pour une sant\u00e9 optimale de la peau et du pelage.<\/li>\n<\/ul>\n<p><strong>INGR\u00c9DIENTS:<\/strong><\/p>\n<ul>\n<li style=\"margin-top: 0rem;margin-bottom: 1rem\">Hareng frais, saumon frais, farine de hareng, pois chiches entiers moulus, lentilles vertes enti\u00e8res moulues, huile de canola, pomme de terre, farine de saumon, pulpe de betterave s\u00e9ch\u00e9e, prot\u00e9ine de pois, saveur naturelle, graines de lin enti\u00e8res moulues, levure de bi\u00e8re, z\u00e9olite naturelle (aluminosilicate de sodium hydrat\u00e9), herbe de miscanthus moulue, culture de levures, citrouille, patate douce, sulfate de calcium, chlorure de choline, inuline, produit de fermentation s\u00e9ch\u00e9 de bacillus coagulans, dl-m\u00e9thionine, taurine, pommes, micro algue marine (source d\u2019acide docosahexa\u00e9no\u00efque (ADH)), suppl\u00e9ment de vitamine E, huile de saumon, \u00e9pinards, acide ascorbique (vitamine C), curcuma, extrait de yucca schidigera, sulfate de fer, gingembre, sulfate de zinc, canneberges, bananes, bleuets, brocoli, suppl\u00e9ment de niacine, sulfate de cuivre, suppl\u00e9ment de vitamine A, sulfate de mangan\u00e8se, mononitrate de thiamine, d-pantoth\u00e9nate de calcium, chlorhydrate de pyridoxine, biotine, suppl\u00e9ment de riboflavine, suppl\u00e9ment de vitamine B12, suppl\u00e9ment de vitamine D3, iodate de calcium, acide folique, s\u00e9l\u00e9nite de sodium, extrait de romarin. Peut contenir des traces d&rsquo;arachides.<\/li>\n<\/ul>\n<p>\ud83c\udde8\ud83c\udde6Produit fi\u00e8rement qu\u00e9b\u00e9cois<\/p>\n","protected":false},"excerpt":{"rendered":"<p>La nouvelle gamme SOIN de Oven-Baked Tradition a \u00e9t\u00e9 formul\u00e9e pour r\u00e9pondre \u00e0 des besoins sp\u00e9cifiques. Cette formule pour chats&#8230;<\/p>\n","protected":false},"featured_media":2721,"comment_status":"open","ping_status":"closed","template":"","meta":{"advanced_seo_description":"","jetpack_seo_html_title":"","jetpack_seo_noindex":false},"product_brand":[],"product_cat":[23,20,31,28,15],"product_tag":[],"class_list":{"0":"post-2722","1":"product","2":"type-product","3":"status-publish","4":"has-post-thumbnail","6":"product_cat-digestion","7":"product_cat-miaou","8":"product_cat-oven-baked-tradition","9":"product_cat-peau-pelage","10":"product_cat-uncategorized","12":"first","13":"instock","14":"taxable","15":"shipping-taxable","16":"purchasable","17":"product-type-simple"},"jetpack_sharing_enabled":true,"_links":{"self":[{"href":"https:\/\/fantaisiescaninfelin.com\/index.php?rest_route=\/wp\/v2\/product\/2722","targetHints":{"allow":["GET"]}}],"collection":[{"href":"https:\/\/fantaisiescaninfelin.com\/index.php?rest_route=\/wp\/v2\/product"}],"about":[{"href":"https:\/\/fantaisiescaninfelin.com\/index.php?rest_route=\/wp\/v2\/types\/product"}],"replies":[{"embeddable":true,"href":"https:\/\/fantaisiescaninfelin.com\/index.php?rest_route=%2Fwp%2Fv2%2Fcomments&post=2722"}],"wp:featuredmedia":[{"embeddable":true,"href":"https:\/\/fantaisiescaninfelin.com\/index.php?rest_route=\/wp\/v2\/media\/2721"}],"wp:attachment":[{"href":"https:\/\/fantaisiescaninfelin.com\/index.php?rest_route=%2Fwp%2Fv2%2Fmedia&parent=2722"}],"wp:term":[{"taxonomy":"product_brand","embeddable":true,"href":"https:\/\/fantaisiescaninfelin.com\/index.php?rest_route=%2Fwp%2Fv2%2Fproduct_brand&post=2722"},{"taxonomy":"product_cat","embeddable":true,"href":"https:\/\/fantaisiescaninfelin.com\/index.php?rest_route=%2Fwp%2Fv2%2Fproduct_cat&post=2722"},{"taxonomy":"product_tag","embeddable":true,"href":"https:\/\/fantaisiescaninfelin.com\/index.php?rest_route=%2Fwp%2Fv2%2Fproduct_tag&post=2722"}],"curies":[{"name":"wp","href":"https:\/\/api.w.org\/{rel}","templated":true}]}}