{"id":2728,"date":"2025-11-12T18:36:11","date_gmt":"2025-11-12T23:36:11","guid":{"rendered":"https:\/\/fantaisiescaninfelin.com\/?product=oven-baked-tradition-obt-nourriture-semi-humide-pour-chien-poisson-5-lb"},"modified":"2025-11-12T18:36:53","modified_gmt":"2025-11-12T23:36:53","slug":"oven-baked-tradition-obt-nourriture-semi-humide-pour-chien-poisson-5-lb","status":"publish","type":"product","link":"https:\/\/fantaisiescaninfelin.com\/?product=oven-baked-tradition-obt-nourriture-semi-humide-pour-chien-poisson-5-lb","title":{"rendered":"Oven Baked Tradition Obt Nourriture Semi-humide Pour Chien &#8211; Poisson 5 Lb"},"content":{"rendered":"<ul>\n<li style=\"margin-top: 0rem;margin-bottom: 1rem\">Cette recette lentement cuite au four est faite d&rsquo;ingr\u00e9dients naturels et suppl\u00e9ment\u00e9s en vitamines et min\u00e9raux pour une meilleure biodisponibilit\u00e9 des nutriments.<\/li>\n<li style=\"margin-top: 0rem;margin-bottom: 1rem\">Faite de poisson frais comme premier ingr\u00e9dient.<\/li>\n<li style=\"margin-top: 0rem;margin-bottom: 1rem\">Elle contient des antioxydants naturels (Vitamine E, extrait de romarin), des sources naturelles d\u2019acides gras om\u00e9ga-3 et om\u00e9ga-6 pour une peau saine et un pelage et suppl\u00e9ment\u00e9 avec des sources naturelles de glucosamine et de chondro\u00eftine.<\/li>\n<li style=\"margin-top: 0rem;margin-bottom: 1rem\">Regorgeant de saveur, ce sera un festin id\u00e9al pour les chiens les plus difficiles.<\/li>\n<li style=\"margin-top: 0rem;margin-bottom: 1rem\">Cuit au four.<\/li>\n<li style=\"margin-top: 0rem;margin-bottom: 1rem\">Fabriqu\u00e9 au Qu\u00e9bec.<\/li>\n<\/ul>\n<p><strong>INGR\u00c9DIENTS:<\/strong><\/p>\n<ul>\n<li style=\"margin-top: 0rem;margin-bottom: 1rem\">Poisson frais, farine de poisson, orge mond\u00e9 moulu, seigle entier moulu, pois entiers, glyc\u00e9rine de noix de coco, huile de canola (conserv\u00e9e avec un m\u00e9lange de tocoph\u00e9rols et d&rsquo;acide citrique), farine de riz, herbe de miscanthus moulue, g\u00e9latine, phosphate dicalcique, acide docosahexa\u00e9no\u00efque (ADH) (source d\u2019om\u00e9ga-3), saveur naturelle, chlorure de choline, chlorure de potassium, chlorhydrate de glucosamine, sulfate de chondro\u00eftine, prot\u00e9inate de zinc, prot\u00e9inate de fer, suppl\u00e9ment de vitamine E, prot\u00e9inate de cuivre, prot\u00e9inate de mangan\u00e8se, suppl\u00e9ment de niacine, suppl\u00e9ment de vitamine A, d-pantoth\u00e9nate de calcium, suppl\u00e9ment de riboflavine, mononitrate de thiamine, suppl\u00e9ment de vitamin D3, suppl\u00e9ment de vitamine B12, chlorhydrate de pyridoxine, iodate de calcium, acide folique, s\u00e9l\u00e9nite de sodium, extrait de romarin. Peut contenir des traces d&rsquo;arachides.<\/li>\n<\/ul>\n","protected":false},"excerpt":{"rendered":"<p>Cette recette lentement cuite au four est faite d&rsquo;ingr\u00e9dients naturels et suppl\u00e9ment\u00e9s en vitamines et min\u00e9raux pour une meilleure biodisponibilit\u00e9&#8230;<\/p>\n","protected":false},"featured_media":2727,"comment_status":"open","ping_status":"closed","template":"","meta":{"advanced_seo_description":"","jetpack_seo_html_title":"","jetpack_seo_noindex":false},"product_brand":[],"product_cat":[16,31,15],"product_tag":[],"class_list":{"0":"post-2728","1":"product","2":"type-product","3":"status-publish","4":"has-post-thumbnail","6":"product_cat-nourriture","7":"product_cat-oven-baked-tradition","8":"product_cat-uncategorized","10":"first","11":"instock","12":"taxable","13":"shipping-taxable","14":"purchasable","15":"product-type-simple"},"jetpack_sharing_enabled":true,"_links":{"self":[{"href":"https:\/\/fantaisiescaninfelin.com\/index.php?rest_route=\/wp\/v2\/product\/2728","targetHints":{"allow":["GET"]}}],"collection":[{"href":"https:\/\/fantaisiescaninfelin.com\/index.php?rest_route=\/wp\/v2\/product"}],"about":[{"href":"https:\/\/fantaisiescaninfelin.com\/index.php?rest_route=\/wp\/v2\/types\/product"}],"replies":[{"embeddable":true,"href":"https:\/\/fantaisiescaninfelin.com\/index.php?rest_route=%2Fwp%2Fv2%2Fcomments&post=2728"}],"wp:featuredmedia":[{"embeddable":true,"href":"https:\/\/fantaisiescaninfelin.com\/index.php?rest_route=\/wp\/v2\/media\/2727"}],"wp:attachment":[{"href":"https:\/\/fantaisiescaninfelin.com\/index.php?rest_route=%2Fwp%2Fv2%2Fmedia&parent=2728"}],"wp:term":[{"taxonomy":"product_brand","embeddable":true,"href":"https:\/\/fantaisiescaninfelin.com\/index.php?rest_route=%2Fwp%2Fv2%2Fproduct_brand&post=2728"},{"taxonomy":"product_cat","embeddable":true,"href":"https:\/\/fantaisiescaninfelin.com\/index.php?rest_route=%2Fwp%2Fv2%2Fproduct_cat&post=2728"},{"taxonomy":"product_tag","embeddable":true,"href":"https:\/\/fantaisiescaninfelin.com\/index.php?rest_route=%2Fwp%2Fv2%2Fproduct_tag&post=2728"}],"curies":[{"name":"wp","href":"https:\/\/api.w.org\/{rel}","templated":true}]}}