{"id":2743,"date":"2025-11-29T17:08:15","date_gmt":"2025-11-29T22:08:15","guid":{"rendered":"https:\/\/fantaisiescaninfelin.com\/?post_type=product&#038;p=2743"},"modified":"2025-11-29T17:13:42","modified_gmt":"2025-11-29T22:13:42","slug":"earthrated-sac-a-caca-1-rouleau","status":"publish","type":"product","link":"https:\/\/fantaisiescaninfelin.com\/?product=earthrated-sac-a-caca-1-rouleau","title":{"rendered":"Earthrated sac \u00e0 caca 1 rouleau"},"content":{"rendered":"<p>Toujours avoir sur soi ce \u00b4must \u00b4 de sac \u00e0 crotte qui est 100% \u00e9tanche<\/p>\n<p>Ce qui rend ce sac les mieux not\u00e9s : <span style=\"font-family: FilsonPro, Helvetica, Arial, sans-serif;font-size: 15px;font-style: normal;font-weight: 400;letter-spacing: normal;text-align: start;text-indent: 0px;text-transform: none;text-decoration: none;display: inline !important;float: none\">Extra longs, plus r\u00e9sistants et garantis 100% anti-fuite pour <\/span>prot\u00e9ger<span style=\"font-family: FilsonPro, Helvetica, Arial, sans-serif;font-size: 15px;font-style: normal;font-weight: 400;letter-spacing: normal;text-align: start;text-indent: 0px;text-transform: none;text-decoration: none;display: inline !important;float: none\"> vos mains d&rsquo;un maladroit accident. <\/span><\/p>\n<p><span style=\"font-family: FilsonPro, Helvetica, Arial, sans-serif;font-size: 15px;font-style: normal;font-weight: 400;letter-spacing: normal;text-align: start;text-indent: 0px;text-transform: none;text-decoration: none;display: inline !important;float: none\"><\/span><\/p>\n<p><span style=\"font-family: FilsonPro, Helvetica, Arial, sans-serif;font-size: 15px;font-style: normal;font-weight: 400;letter-spacing: normal;text-align: start;text-indent: 0px;text-transform: none;text-decoration: none;display: inline !important;float: none\">Fabriques \u00e0 partir <\/span><span style=\"font-family: FilsonPro, Helvetica, Arial, sans-serif;font-size: 15px;font-style: normal;font-weight: 400;letter-spacing: normal;text-align: start;text-indent: 0px;text-transform: none;text-decoration: none;display: inline !important;float: none\">de 65% de plastique certifi\u00e9 recycl\u00e9 post-consommation. Donnant une seconde vie \u00e0 plus de 5 millions de livres de plastique destin\u00e9 \u00e0 l\u2019enfouissement chaque ann\u00e9e.<\/span><\/p>\n<p><span style=\"font-family: FilsonPro, Helvetica, Arial, sans-serif;font-size: 15px;font-style: normal;font-weight: 400;letter-spacing: normal;text-align: start;text-indent: 0px;text-transform: none;text-decoration: none;display: inline !important;float: none\"><\/span><\/p>\n<p><span style=\"font-family: FilsonPro, Helvetica, Arial, sans-serif;font-size: 15px;font-style: normal;font-weight: 400;letter-spacing: normal;text-align: start;text-indent: 0px;text-transform: none;text-decoration: none;display: inline !important;float: none\">Ce sac \u00e0 caca va devenir <\/span>votre fid\u00e8le<span style=\"font-family: FilsonPro, Helvetica, Arial, sans-serif;font-size: 15px;font-style: normal;font-weight: 400;letter-spacing: normal;text-align: start;text-indent: 0px;text-transform: none;text-decoration: none;display: inline !important;float: none\"> bras droit lors de vos promenades avec pitou <\/span><\/p>\n","protected":false},"excerpt":{"rendered":"<p>Toujours avoir sur soi ce \u00b4must \u00b4 de sac \u00e0 crotte qui est 100% \u00e9tanche Ce qui rend ce sac&#8230;<\/p>\n","protected":false},"featured_media":2741,"comment_status":"open","ping_status":"closed","template":"","meta":{"advanced_seo_description":"","jetpack_seo_html_title":"","jetpack_seo_noindex":false},"product_brand":[],"product_cat":[15],"product_tag":[],"class_list":{"0":"post-2743","1":"product","2":"type-product","3":"status-publish","4":"has-post-thumbnail","6":"product_cat-uncategorized","8":"first","9":"instock","10":"taxable","11":"shipping-taxable","12":"purchasable","13":"product-type-variable"},"jetpack_sharing_enabled":true,"_links":{"self":[{"href":"https:\/\/fantaisiescaninfelin.com\/index.php?rest_route=\/wp\/v2\/product\/2743","targetHints":{"allow":["GET"]}}],"collection":[{"href":"https:\/\/fantaisiescaninfelin.com\/index.php?rest_route=\/wp\/v2\/product"}],"about":[{"href":"https:\/\/fantaisiescaninfelin.com\/index.php?rest_route=\/wp\/v2\/types\/product"}],"replies":[{"embeddable":true,"href":"https:\/\/fantaisiescaninfelin.com\/index.php?rest_route=%2Fwp%2Fv2%2Fcomments&post=2743"}],"wp:featuredmedia":[{"embeddable":true,"href":"https:\/\/fantaisiescaninfelin.com\/index.php?rest_route=\/wp\/v2\/media\/2741"}],"wp:attachment":[{"href":"https:\/\/fantaisiescaninfelin.com\/index.php?rest_route=%2Fwp%2Fv2%2Fmedia&parent=2743"}],"wp:term":[{"taxonomy":"product_brand","embeddable":true,"href":"https:\/\/fantaisiescaninfelin.com\/index.php?rest_route=%2Fwp%2Fv2%2Fproduct_brand&post=2743"},{"taxonomy":"product_cat","embeddable":true,"href":"https:\/\/fantaisiescaninfelin.com\/index.php?rest_route=%2Fwp%2Fv2%2Fproduct_cat&post=2743"},{"taxonomy":"product_tag","embeddable":true,"href":"https:\/\/fantaisiescaninfelin.com\/index.php?rest_route=%2Fwp%2Fv2%2Fproduct_tag&post=2743"}],"curies":[{"name":"wp","href":"https:\/\/api.w.org\/{rel}","templated":true}]}}