{"id":2766,"date":"2025-12-02T19:15:20","date_gmt":"2025-12-03T00:15:20","guid":{"rendered":"https:\/\/fantaisiescaninfelin.com\/?post_type=product&#038;p=2766"},"modified":"2025-12-28T11:39:01","modified_gmt":"2025-12-28T16:39:01","slug":"nutrisource-gateries-grillingrillers","status":"publish","type":"product","link":"https:\/\/fantaisiescaninfelin.com\/?product=nutrisource-gateries-grillingrillers","title":{"rendered":"Nutrisource g\u00e2teries Grillin\u2019Grillers"},"content":{"rendered":"<ul class=\"prod-bullets\">\n<li style=\"margin: 0px 0px 0.5rem;padding: 0px;border: 0px;font-size: 17px;vertical-align: baseline;background-color: transparent\">Les grillades de NutriSource Choice sont faites avec des prot\u00e9ines de haute qualit\u00e9.<\/li>\n<li style=\"margin: 0px 0px 0.5rem;padding: 0px;border: 0px;font-size: 17px;vertical-align: baseline;background-color: transparent\">Des ingr\u00e9dients sains que les chiens adorent dans une friandise les rendent totalement satisfaisants&nbsp;!<\/li>\n<li style=\"margin: 0px 0px 0.5rem;padding: 0px;border: 0px;font-size: 17px;vertical-align: baseline;background-color: transparent\">AUCUNE Traces de poulet<\/li>\n<\/ul>\n<ul class=\"prod-bullets\">\n<li style=\"margin: 0px 0px 0.5rem;padding: 0px;border: 0px;font-size: 17px;vertical-align: baseline;background-color: transparent\">Des ingr\u00e9dients sains que les chiens adorent dans une friandise les rendent totalement satisfaisants&nbsp;!<\/li>\n<\/ul>\n<p>Votre chien sera satisfait par ces friandises qui d\u00e9gage une odeur all\u00e9chante<\/p>\n<p>Les saveurs disponible sont : Poisson blanc , Dinde et B\u0153uf<\/p>\n<p>Format de 12 oZ<\/p>\n<p>\ud83c\uddfa\ud83c\uddf8 Produit fabriqu\u00e9 aux \u00c9tats Unis<\/p>\n","protected":false},"excerpt":{"rendered":"<p>Les grillades de NutriSource Choice sont faites avec des prot\u00e9ines de haute qualit\u00e9. Des ingr\u00e9dients sains que les chiens adorent&#8230;<\/p>\n","protected":false},"featured_media":2764,"comment_status":"open","ping_status":"closed","template":"","meta":{"advanced_seo_description":"","jetpack_seo_html_title":"","jetpack_seo_noindex":false},"product_brand":[],"product_cat":[18,15],"product_tag":[43],"class_list":{"0":"post-2766","1":"product","2":"type-product","3":"status-publish","4":"has-post-thumbnail","6":"product_cat-fine-gueule","7":"product_cat-uncategorized","8":"product_tag-noel","10":"first","11":"instock","12":"taxable","13":"shipping-taxable","14":"purchasable","15":"product-type-variable"},"jetpack_sharing_enabled":true,"_links":{"self":[{"href":"https:\/\/fantaisiescaninfelin.com\/index.php?rest_route=\/wp\/v2\/product\/2766","targetHints":{"allow":["GET"]}}],"collection":[{"href":"https:\/\/fantaisiescaninfelin.com\/index.php?rest_route=\/wp\/v2\/product"}],"about":[{"href":"https:\/\/fantaisiescaninfelin.com\/index.php?rest_route=\/wp\/v2\/types\/product"}],"replies":[{"embeddable":true,"href":"https:\/\/fantaisiescaninfelin.com\/index.php?rest_route=%2Fwp%2Fv2%2Fcomments&post=2766"}],"wp:featuredmedia":[{"embeddable":true,"href":"https:\/\/fantaisiescaninfelin.com\/index.php?rest_route=\/wp\/v2\/media\/2764"}],"wp:attachment":[{"href":"https:\/\/fantaisiescaninfelin.com\/index.php?rest_route=%2Fwp%2Fv2%2Fmedia&parent=2766"}],"wp:term":[{"taxonomy":"product_brand","embeddable":true,"href":"https:\/\/fantaisiescaninfelin.com\/index.php?rest_route=%2Fwp%2Fv2%2Fproduct_brand&post=2766"},{"taxonomy":"product_cat","embeddable":true,"href":"https:\/\/fantaisiescaninfelin.com\/index.php?rest_route=%2Fwp%2Fv2%2Fproduct_cat&post=2766"},{"taxonomy":"product_tag","embeddable":true,"href":"https:\/\/fantaisiescaninfelin.com\/index.php?rest_route=%2Fwp%2Fv2%2Fproduct_tag&post=2766"}],"curies":[{"name":"wp","href":"https:\/\/api.w.org\/{rel}","templated":true}]}}