{"id":2775,"date":"2025-12-02T19:29:47","date_gmt":"2025-12-03T00:29:47","guid":{"rendered":"https:\/\/fantaisiescaninfelin.com\/?product=guru-baton-de-pere-noel"},"modified":"2025-12-02T19:30:14","modified_gmt":"2025-12-03T00:30:14","slug":"guru-baton-de-pere-noel","status":"publish","type":"product","link":"https:\/\/fantaisiescaninfelin.com\/?product=guru-baton-de-pere-noel","title":{"rendered":"Guru b\u00e2ton de p\u00e8re No\u00ebl"},"content":{"rendered":"<p>Votre chien va S&rsquo;amuser comme un vrai fou avec ce grand couineur !<\/p>\n<p>Ce jouet offre deux couches de tissus pour offrir un temps de jeu plus long<\/p>\n","protected":false},"excerpt":{"rendered":"<p>Votre chien va S&rsquo;amuser comme un vrai fou avec ce grand couineur ! Ce jouet offre deux couches de tissus&#8230;<\/p>\n","protected":false},"featured_media":2774,"comment_status":"open","ping_status":"closed","template":"","meta":{"advanced_seo_description":"","jetpack_seo_html_title":"","jetpack_seo_noindex":false},"product_brand":[],"product_cat":[15],"product_tag":[43],"class_list":{"0":"post-2775","1":"product","2":"type-product","3":"status-publish","4":"has-post-thumbnail","6":"product_cat-uncategorized","7":"product_tag-noel","9":"first","10":"instock","11":"taxable","12":"shipping-taxable","13":"purchasable","14":"product-type-simple"},"jetpack_sharing_enabled":true,"_links":{"self":[{"href":"https:\/\/fantaisiescaninfelin.com\/index.php?rest_route=\/wp\/v2\/product\/2775","targetHints":{"allow":["GET"]}}],"collection":[{"href":"https:\/\/fantaisiescaninfelin.com\/index.php?rest_route=\/wp\/v2\/product"}],"about":[{"href":"https:\/\/fantaisiescaninfelin.com\/index.php?rest_route=\/wp\/v2\/types\/product"}],"replies":[{"embeddable":true,"href":"https:\/\/fantaisiescaninfelin.com\/index.php?rest_route=%2Fwp%2Fv2%2Fcomments&post=2775"}],"wp:featuredmedia":[{"embeddable":true,"href":"https:\/\/fantaisiescaninfelin.com\/index.php?rest_route=\/wp\/v2\/media\/2774"}],"wp:attachment":[{"href":"https:\/\/fantaisiescaninfelin.com\/index.php?rest_route=%2Fwp%2Fv2%2Fmedia&parent=2775"}],"wp:term":[{"taxonomy":"product_brand","embeddable":true,"href":"https:\/\/fantaisiescaninfelin.com\/index.php?rest_route=%2Fwp%2Fv2%2Fproduct_brand&post=2775"},{"taxonomy":"product_cat","embeddable":true,"href":"https:\/\/fantaisiescaninfelin.com\/index.php?rest_route=%2Fwp%2Fv2%2Fproduct_cat&post=2775"},{"taxonomy":"product_tag","embeddable":true,"href":"https:\/\/fantaisiescaninfelin.com\/index.php?rest_route=%2Fwp%2Fv2%2Fproduct_tag&post=2775"}],"curies":[{"name":"wp","href":"https:\/\/api.w.org\/{rel}","templated":true}]}}