{"id":2781,"date":"2025-12-02T20:14:13","date_gmt":"2025-12-03T01:14:13","guid":{"rendered":"https:\/\/fantaisiescaninfelin.com\/?product=kong-rope-anneau-double"},"modified":"2025-12-02T20:14:46","modified_gmt":"2025-12-03T01:14:46","slug":"kong-rope-anneau-double","status":"publish","type":"product","link":"https:\/\/fantaisiescaninfelin.com\/?product=kong-rope-anneau-double","title":{"rendered":"Kong Rope Anneau doubl\u00e9"},"content":{"rendered":"<p>Une corde tress\u00e9e faite de coton et de tissu molletonn\u00e9 pour du plaisir \u00e0 volont\u00e9<\/p>\n<p>Les 2 anneaux sont id\u00e9als pour le jeu interactif<\/p>\n<p>Mat\u00e9riau de fabrication solide pour pouvoir \u00eatre \u00e9tir\u00e9 \u00e0 volont\u00e9<\/p>\n","protected":false},"excerpt":{"rendered":"<p>Une corde tress\u00e9e faite de coton et de tissu molletonn\u00e9 pour du plaisir \u00e0 volont\u00e9 Les 2 anneaux sont id\u00e9als&#8230;<\/p>\n","protected":false},"featured_media":2780,"comment_status":"open","ping_status":"closed","template":"","meta":{"advanced_seo_description":"","jetpack_seo_html_title":"","jetpack_seo_noindex":false},"product_brand":[],"product_cat":[41],"product_tag":[43],"class_list":{"0":"post-2781","1":"product","2":"type-product","3":"status-publish","4":"has-post-thumbnail","6":"product_cat-linteractive","7":"product_tag-noel","9":"first","10":"instock","11":"taxable","12":"shipping-taxable","13":"purchasable","14":"product-type-simple"},"jetpack_sharing_enabled":true,"_links":{"self":[{"href":"https:\/\/fantaisiescaninfelin.com\/index.php?rest_route=\/wp\/v2\/product\/2781","targetHints":{"allow":["GET"]}}],"collection":[{"href":"https:\/\/fantaisiescaninfelin.com\/index.php?rest_route=\/wp\/v2\/product"}],"about":[{"href":"https:\/\/fantaisiescaninfelin.com\/index.php?rest_route=\/wp\/v2\/types\/product"}],"replies":[{"embeddable":true,"href":"https:\/\/fantaisiescaninfelin.com\/index.php?rest_route=%2Fwp%2Fv2%2Fcomments&post=2781"}],"wp:featuredmedia":[{"embeddable":true,"href":"https:\/\/fantaisiescaninfelin.com\/index.php?rest_route=\/wp\/v2\/media\/2780"}],"wp:attachment":[{"href":"https:\/\/fantaisiescaninfelin.com\/index.php?rest_route=%2Fwp%2Fv2%2Fmedia&parent=2781"}],"wp:term":[{"taxonomy":"product_brand","embeddable":true,"href":"https:\/\/fantaisiescaninfelin.com\/index.php?rest_route=%2Fwp%2Fv2%2Fproduct_brand&post=2781"},{"taxonomy":"product_cat","embeddable":true,"href":"https:\/\/fantaisiescaninfelin.com\/index.php?rest_route=%2Fwp%2Fv2%2Fproduct_cat&post=2781"},{"taxonomy":"product_tag","embeddable":true,"href":"https:\/\/fantaisiescaninfelin.com\/index.php?rest_route=%2Fwp%2Fv2%2Fproduct_tag&post=2781"}],"curies":[{"name":"wp","href":"https:\/\/api.w.org\/{rel}","templated":true}]}}