{"id":2837,"date":"2026-03-12T09:09:05","date_gmt":"2026-03-12T13:09:05","guid":{"rendered":"https:\/\/fantaisiescaninfelin.com\/?product=wawwaw-poumons-dagneau-sac-de-250-gr"},"modified":"2026-03-12T09:10:21","modified_gmt":"2026-03-12T13:10:21","slug":"wawwaw-poumons-dagneau-sac-de-250-gr","status":"publish","type":"product","link":"https:\/\/fantaisiescaninfelin.com\/?product=wawwaw-poumons-dagneau-sac-de-250-gr","title":{"rendered":"Wawwaw Poumons D&rsquo;agneau  sac de 250 gr"},"content":{"rendered":"<p>1 seul ingr\u00e9dient \ud83d\udc49 Poumon d&rsquo;agneau<\/p>\n<ul>\n<li style=\"margin-top: 0rem;margin-bottom: 1rem\">Les g\u00e2teries de mastication naturelles WaWWaW pour chien sont faites pour r\u00e9pondre \u00e0 leurs besoins, pour les r\u00e9compenser, pour d\u00e9penser leur \u00e9nergie, pour d\u00e9tourner leur attention et pour les occuper vraiment longtemps!<\/li>\n<li style=\"margin-top: 0rem;margin-bottom: 1rem\"><\/li>\n<li style=\"margin-top: 0rem;margin-bottom: 1rem\">WaWWaW r\u00e9cup\u00e8re des pi\u00e8ces qui seraient simplement jet\u00e9es. Ils les d\u00e9shydrate sans ajouter d\u2019ingr\u00e9dients bizarres pour en faire des g\u00e2teries naturelles pour chien.<\/li>\n<li style=\"margin-top: 0rem;margin-bottom: 1rem\">L\u00e9gers et croquants, parfaits pour les chiens qui adorent mastiquer!<\/li>\n<li style=\"margin-top: 0rem;margin-bottom: 1rem\">Ultrasavoureux et faibles en calories. Prot\u00e9ine alternative parfaite pour les chiens avec des allergies.<\/li>\n<\/ul>\n","protected":false},"excerpt":{"rendered":"<p>1 seul ingr\u00e9dient \ud83d\udc49 Poumon d&rsquo;agneau Les g\u00e2teries de mastication naturelles WaWWaW pour chien sont faites pour r\u00e9pondre \u00e0 leurs&#8230;<\/p>\n","protected":false},"featured_media":2836,"comment_status":"open","ping_status":"closed","template":"","meta":{"advanced_seo_description":"","jetpack_seo_html_title":"","jetpack_seo_noindex":false},"product_brand":[],"product_cat":[18,30],"product_tag":[],"class_list":{"0":"post-2837","1":"product","2":"type-product","3":"status-publish","4":"has-post-thumbnail","6":"product_cat-fine-gueule","7":"product_cat-mastication","9":"first","10":"instock","11":"taxable","12":"shipping-taxable","13":"purchasable","14":"product-type-simple"},"jetpack_sharing_enabled":true,"_links":{"self":[{"href":"https:\/\/fantaisiescaninfelin.com\/index.php?rest_route=\/wp\/v2\/product\/2837","targetHints":{"allow":["GET"]}}],"collection":[{"href":"https:\/\/fantaisiescaninfelin.com\/index.php?rest_route=\/wp\/v2\/product"}],"about":[{"href":"https:\/\/fantaisiescaninfelin.com\/index.php?rest_route=\/wp\/v2\/types\/product"}],"replies":[{"embeddable":true,"href":"https:\/\/fantaisiescaninfelin.com\/index.php?rest_route=%2Fwp%2Fv2%2Fcomments&post=2837"}],"wp:featuredmedia":[{"embeddable":true,"href":"https:\/\/fantaisiescaninfelin.com\/index.php?rest_route=\/wp\/v2\/media\/2836"}],"wp:attachment":[{"href":"https:\/\/fantaisiescaninfelin.com\/index.php?rest_route=%2Fwp%2Fv2%2Fmedia&parent=2837"}],"wp:term":[{"taxonomy":"product_brand","embeddable":true,"href":"https:\/\/fantaisiescaninfelin.com\/index.php?rest_route=%2Fwp%2Fv2%2Fproduct_brand&post=2837"},{"taxonomy":"product_cat","embeddable":true,"href":"https:\/\/fantaisiescaninfelin.com\/index.php?rest_route=%2Fwp%2Fv2%2Fproduct_cat&post=2837"},{"taxonomy":"product_tag","embeddable":true,"href":"https:\/\/fantaisiescaninfelin.com\/index.php?rest_route=%2Fwp%2Fv2%2Fproduct_tag&post=2837"}],"curies":[{"name":"wp","href":"https:\/\/api.w.org\/{rel}","templated":true}]}}