{"id":32,"date":"2024-09-03T08:35:38","date_gmt":"2024-09-03T12:35:38","guid":{"rendered":"https:\/\/fantaisies:8890\/?post_type=product&#038;p=32"},"modified":"2025-08-27T13:37:21","modified_gmt":"2025-08-27T17:37:21","slug":"foie-de-boeuf-benny-bullys-a-la-noix-de-coco","status":"publish","type":"product","link":"https:\/\/fantaisiescaninfelin.com\/?product=foie-de-boeuf-benny-bullys-a-la-noix-de-coco","title":{"rendered":"Foie de boeuf Benny Bully&rsquo;s \u00e0 la noix de coco"},"content":{"rendered":"<p>Foie de b\u0153uf nutritives,pures et naturelles \u00e0 la noix de coco. Ces g\u00e2teries favorise un syst\u00e8me immunitaire sain. Tr\u00e8s gouteuse avec ses ingr\u00e9dients sains.\u00a0 Ce foie de b\u0153uf se casse super bien ! .<\/p>\n","protected":false},"excerpt":{"rendered":"<p>Foie de b\u0153uf nutritives,pures et naturelles \u00e0 la noix de coco. Ces g\u00e2teries favorise un syst\u00e8me immunitaire sain. Tr\u00e8s gouteuse&#8230;<\/p>\n","protected":false},"featured_media":77,"comment_status":"open","ping_status":"closed","template":"","meta":{"advanced_seo_description":"","jetpack_seo_html_title":"","jetpack_seo_noindex":false},"product_brand":[],"product_cat":[18],"product_tag":[],"class_list":{"0":"post-32","1":"product","2":"type-product","3":"status-publish","4":"has-post-thumbnail","6":"product_cat-fine-gueule","8":"first","9":"instock","10":"taxable","11":"shipping-taxable","12":"purchasable","13":"product-type-simple"},"jetpack_sharing_enabled":true,"_links":{"self":[{"href":"https:\/\/fantaisiescaninfelin.com\/index.php?rest_route=\/wp\/v2\/product\/32","targetHints":{"allow":["GET"]}}],"collection":[{"href":"https:\/\/fantaisiescaninfelin.com\/index.php?rest_route=\/wp\/v2\/product"}],"about":[{"href":"https:\/\/fantaisiescaninfelin.com\/index.php?rest_route=\/wp\/v2\/types\/product"}],"replies":[{"embeddable":true,"href":"https:\/\/fantaisiescaninfelin.com\/index.php?rest_route=%2Fwp%2Fv2%2Fcomments&post=32"}],"wp:featuredmedia":[{"embeddable":true,"href":"https:\/\/fantaisiescaninfelin.com\/index.php?rest_route=\/wp\/v2\/media\/77"}],"wp:attachment":[{"href":"https:\/\/fantaisiescaninfelin.com\/index.php?rest_route=%2Fwp%2Fv2%2Fmedia&parent=32"}],"wp:term":[{"taxonomy":"product_brand","embeddable":true,"href":"https:\/\/fantaisiescaninfelin.com\/index.php?rest_route=%2Fwp%2Fv2%2Fproduct_brand&post=32"},{"taxonomy":"product_cat","embeddable":true,"href":"https:\/\/fantaisiescaninfelin.com\/index.php?rest_route=%2Fwp%2Fv2%2Fproduct_cat&post=32"},{"taxonomy":"product_tag","embeddable":true,"href":"https:\/\/fantaisiescaninfelin.com\/index.php?rest_route=%2Fwp%2Fv2%2Fproduct_tag&post=32"}],"curies":[{"name":"wp","href":"https:\/\/api.w.org\/{rel}","templated":true}]}}