{"id":44,"date":"2024-09-03T08:35:38","date_gmt":"2024-09-03T12:35:38","guid":{"rendered":"https:\/\/fantaisies:8890\/?post_type=product&#038;p=44"},"modified":"2025-12-04T12:36:49","modified_gmt":"2025-12-04T17:36:49","slug":"legacy-formule-viandes-rouges","status":"publish","type":"product","link":"https:\/\/fantaisiescaninfelin.com\/?product=legacy-formule-viandes-rouges","title":{"rendered":"Legacy formule viandes rouges"},"content":{"rendered":"<ul>\n<li>Formule \u00e9lev\u00e9e en viande avec un m\u00e9lange de porc et d&rsquo;agneau comme source de prot\u00e9ines animales<\/li>\n<li>Pois sans OGM et sans gluten comme source de glucides<\/li>\n<li>Boost d\u2019antioxydants avec l\u2019ajout de fruits et l\u00e9gumes frais \u2013 aucune poudre<\/li>\n<li>Yucca schidigera pour la sant\u00e9 des articulations et la r\u00e9duction de l\u2019inflammation<\/li>\n<li>Ajout de colostrum pour renforcer l&rsquo;immunit\u00e9 et la d\u00e9fense anti-inflammatoire<\/li>\n<li>Ajout de taurine pour la sant\u00e9 cardiaque<\/li>\n<li>Fortifi\u00e9 en vitamines, en min\u00e9raux ch\u00e9lat\u00e9s et en v\u00e9g\u00e9taux<\/li>\n<li>600 millions de UFC\/lb de probiotiques ajout\u00e9s apr\u00e8s la cuisson<\/li>\n<li>Ingr\u00e9dients \u00e0 faible indice glyc\u00e9mique pour contr\u00f4ler le taux de sucre dans le sang<\/li>\n<li>Di\u00e8te rotative possible avec toutes les formules Legacy<\/li>\n<\/ul>\n<p>Fabriqu\u00e9 fi\u00e8rement au canada.<\/p>\n","protected":false},"excerpt":{"rendered":"<p>Formule \u00e9lev\u00e9e en viande avec un m\u00e9lange de porc et d&rsquo;agneau comme source de prot\u00e9ines animales Pois sans OGM et&#8230;<\/p>\n","protected":false},"featured_media":84,"comment_status":"open","ping_status":"closed","template":"","meta":{"advanced_seo_description":"","jetpack_seo_html_title":"","jetpack_seo_noindex":false},"product_brand":[],"product_cat":[16],"product_tag":[],"class_list":{"0":"post-44","1":"product","2":"type-product","3":"status-publish","4":"has-post-thumbnail","6":"product_cat-nourriture","8":"first","9":"instock","10":"taxable","11":"shipping-taxable","12":"purchasable","13":"product-type-simple"},"jetpack_sharing_enabled":true,"_links":{"self":[{"href":"https:\/\/fantaisiescaninfelin.com\/index.php?rest_route=\/wp\/v2\/product\/44","targetHints":{"allow":["GET"]}}],"collection":[{"href":"https:\/\/fantaisiescaninfelin.com\/index.php?rest_route=\/wp\/v2\/product"}],"about":[{"href":"https:\/\/fantaisiescaninfelin.com\/index.php?rest_route=\/wp\/v2\/types\/product"}],"replies":[{"embeddable":true,"href":"https:\/\/fantaisiescaninfelin.com\/index.php?rest_route=%2Fwp%2Fv2%2Fcomments&post=44"}],"wp:featuredmedia":[{"embeddable":true,"href":"https:\/\/fantaisiescaninfelin.com\/index.php?rest_route=\/wp\/v2\/media\/84"}],"wp:attachment":[{"href":"https:\/\/fantaisiescaninfelin.com\/index.php?rest_route=%2Fwp%2Fv2%2Fmedia&parent=44"}],"wp:term":[{"taxonomy":"product_brand","embeddable":true,"href":"https:\/\/fantaisiescaninfelin.com\/index.php?rest_route=%2Fwp%2Fv2%2Fproduct_brand&post=44"},{"taxonomy":"product_cat","embeddable":true,"href":"https:\/\/fantaisiescaninfelin.com\/index.php?rest_route=%2Fwp%2Fv2%2Fproduct_cat&post=44"},{"taxonomy":"product_tag","embeddable":true,"href":"https:\/\/fantaisiescaninfelin.com\/index.php?rest_route=%2Fwp%2Fv2%2Fproduct_tag&post=44"}],"curies":[{"name":"wp","href":"https:\/\/api.w.org\/{rel}","templated":true}]}}