{"id":663,"date":"2024-09-16T01:11:20","date_gmt":"2024-09-16T01:11:20","guid":{"rendered":"https:\/\/fantaisies:8890\/?post_type=product&#038;p=663"},"modified":"2025-12-28T11:31:05","modified_gmt":"2025-12-28T16:31:05","slug":"go-digestive-au-saumon-avec-anciens-grains-2","status":"publish","type":"product","link":"https:\/\/fantaisiescaninfelin.com\/?product=go-digestive-au-saumon-avec-anciens-grains-2","title":{"rendered":"GO! Digestive au saumon avec anciens grains"},"content":{"rendered":"<p><span style=\"font-family: Gotham, sans-serif;font-size: 16px;font-style: normal;font-weight: 400;letter-spacing: normal;text-align: start;text-indent: 0px;text-transform: none;text-decoration: none;float: none\">La voie vers la sant\u00e9 (et le c\u0153ur) d&rsquo;un chien passe souvent par son estomac ! Notre recette au saumon et grains anciens Go! Solutions Digestion + Gut Health offre un m\u00e9lange sp\u00e9cialis\u00e9 de probiotiques brevet\u00e9s con\u00e7us pour survivre le tube digestif et soutenir la digestion, un m\u00e9lange de trois levures pour soutenir un microbiome intestinal sain et des grains anciens riches en fibres, notamment le quinoa, le sorgho, le millet et l\u2019avoine.<\/span><\/p>\n<p><span style=\"font-family: Gotham, sans-serif;font-size: 16px;font-style: normal;font-weight: 400;letter-spacing: normal;text-align: start;text-indent: 0px;text-transform: none;text-decoration: none;float: none\"><\/span><\/p>\n<p><span style=\"font-family: Gotham, sans-serif;font-size: 16px;font-style: normal;font-weight: 400;letter-spacing: normal;text-align: start;text-indent: 0px;text-transform: none;text-decoration: none;float: none\">Format disponible en 3,5lbs et 22lbs <\/span><\/p>\n<p><span style=\"font-family: Gotham, sans-serif;font-size: 16px;font-style: normal;font-weight: 400;letter-spacing: normal;text-align: start;text-indent: 0px;text-transform: none;text-decoration: none;float: none\">Produit <\/span>fi\u00e8rement<span style=\"font-family: Gotham, sans-serif;font-size: 16px;font-style: normal;font-weight: 400;letter-spacing: normal;text-align: start;text-indent: 0px;text-transform: none;text-decoration: none;float: none\"> canadien !<\/span><\/p>\n","protected":false},"excerpt":{"rendered":"<p>La voie vers la sant\u00e9 (et le c\u0153ur) d&rsquo;un chien passe souvent par son estomac ! Notre recette au saumon&#8230;<\/p>\n","protected":false},"featured_media":155,"comment_status":"open","ping_status":"closed","template":"","meta":{"advanced_seo_description":"","jetpack_seo_html_title":"","jetpack_seo_noindex":false},"product_brand":[],"product_cat":[23,26,27,16],"product_tag":[],"class_list":{"0":"post-663","1":"product","2":"type-product","3":"status-publish","4":"has-post-thumbnail","6":"product_cat-digestion","7":"product_cat-go-solution","8":"product_cat-non-classe","9":"product_cat-nourriture","11":"first","12":"instock","13":"taxable","14":"shipping-taxable","15":"purchasable","16":"product-type-variable","17":"has-default-attributes"},"jetpack_sharing_enabled":true,"_links":{"self":[{"href":"https:\/\/fantaisiescaninfelin.com\/index.php?rest_route=\/wp\/v2\/product\/663","targetHints":{"allow":["GET"]}}],"collection":[{"href":"https:\/\/fantaisiescaninfelin.com\/index.php?rest_route=\/wp\/v2\/product"}],"about":[{"href":"https:\/\/fantaisiescaninfelin.com\/index.php?rest_route=\/wp\/v2\/types\/product"}],"replies":[{"embeddable":true,"href":"https:\/\/fantaisiescaninfelin.com\/index.php?rest_route=%2Fwp%2Fv2%2Fcomments&post=663"}],"wp:featuredmedia":[{"embeddable":true,"href":"https:\/\/fantaisiescaninfelin.com\/index.php?rest_route=\/wp\/v2\/media\/155"}],"wp:attachment":[{"href":"https:\/\/fantaisiescaninfelin.com\/index.php?rest_route=%2Fwp%2Fv2%2Fmedia&parent=663"}],"wp:term":[{"taxonomy":"product_brand","embeddable":true,"href":"https:\/\/fantaisiescaninfelin.com\/index.php?rest_route=%2Fwp%2Fv2%2Fproduct_brand&post=663"},{"taxonomy":"product_cat","embeddable":true,"href":"https:\/\/fantaisiescaninfelin.com\/index.php?rest_route=%2Fwp%2Fv2%2Fproduct_cat&post=663"},{"taxonomy":"product_tag","embeddable":true,"href":"https:\/\/fantaisiescaninfelin.com\/index.php?rest_route=%2Fwp%2Fv2%2Fproduct_tag&post=663"}],"curies":[{"name":"wp","href":"https:\/\/api.w.org\/{rel}","templated":true}]}}