{"id":665,"date":"2024-09-16T01:11:39","date_gmt":"2024-09-16T01:11:39","guid":{"rendered":"https:\/\/fantaisies:8890\/?post_type=product&#038;p=665"},"modified":"2024-09-16T01:11:39","modified_gmt":"2024-09-16T01:11:39","slug":"spare-ribs-au-boeuf-2","status":"publish","type":"product","link":"https:\/\/fantaisiescaninfelin.com\/?product=spare-ribs-au-boeuf-2","title":{"rendered":"Spare Ribs au b\u0153uf"},"content":{"rendered":"<p>Les Spare ribs sont id\u00e9als pour les s\u00e9ances de mastication. Votre chien va les adorer par leur go\u00fbt et leur odeur.<\/p>\n<p>Produit Bellerive 100% qu\u00e9b\u00e9cois<\/p>\n<p>100 % naturelle<\/p>\n<p>\u2b50\ufe0f Toujours avoir une supervision lors des s\u00e9ances de mastication<\/p>\n","protected":false},"excerpt":{"rendered":"<p>Les Spare ribs sont id\u00e9als pour les s\u00e9ances de mastication. Votre chien va les adorer par leur go\u00fbt et leur&#8230;<\/p>\n","protected":false},"featured_media":216,"comment_status":"open","ping_status":"closed","template":"","meta":{"advanced_seo_description":"","jetpack_seo_html_title":"","jetpack_seo_noindex":false},"product_brand":[],"product_cat":[30,27],"product_tag":[],"class_list":{"0":"post-665","1":"product","2":"type-product","3":"status-publish","4":"has-post-thumbnail","6":"product_cat-mastication","7":"product_cat-non-classe","9":"first","10":"instock","11":"taxable","12":"shipping-taxable","13":"purchasable","14":"product-type-simple"},"jetpack_sharing_enabled":true,"_links":{"self":[{"href":"https:\/\/fantaisiescaninfelin.com\/index.php?rest_route=\/wp\/v2\/product\/665","targetHints":{"allow":["GET"]}}],"collection":[{"href":"https:\/\/fantaisiescaninfelin.com\/index.php?rest_route=\/wp\/v2\/product"}],"about":[{"href":"https:\/\/fantaisiescaninfelin.com\/index.php?rest_route=\/wp\/v2\/types\/product"}],"replies":[{"embeddable":true,"href":"https:\/\/fantaisiescaninfelin.com\/index.php?rest_route=%2Fwp%2Fv2%2Fcomments&post=665"}],"wp:featuredmedia":[{"embeddable":true,"href":"https:\/\/fantaisiescaninfelin.com\/index.php?rest_route=\/wp\/v2\/media\/216"}],"wp:attachment":[{"href":"https:\/\/fantaisiescaninfelin.com\/index.php?rest_route=%2Fwp%2Fv2%2Fmedia&parent=665"}],"wp:term":[{"taxonomy":"product_brand","embeddable":true,"href":"https:\/\/fantaisiescaninfelin.com\/index.php?rest_route=%2Fwp%2Fv2%2Fproduct_brand&post=665"},{"taxonomy":"product_cat","embeddable":true,"href":"https:\/\/fantaisiescaninfelin.com\/index.php?rest_route=%2Fwp%2Fv2%2Fproduct_cat&post=665"},{"taxonomy":"product_tag","embeddable":true,"href":"https:\/\/fantaisiescaninfelin.com\/index.php?rest_route=%2Fwp%2Fv2%2Fproduct_tag&post=665"}],"curies":[{"name":"wp","href":"https:\/\/api.w.org\/{rel}","templated":true}]}}