{"id":677,"date":"2024-09-16T01:12:50","date_gmt":"2024-09-16T01:12:50","guid":{"rendered":"https:\/\/fantaisies:8890\/?post_type=product&#038;p=677"},"modified":"2025-08-20T10:17:12","modified_gmt":"2025-08-20T14:17:12","slug":"nulo-conserve-pour-chats-recette-boeuf-et-agneau","status":"publish","type":"product","link":"https:\/\/fantaisiescaninfelin.com\/?product=nulo-conserve-pour-chats-recette-boeuf-et-agneau","title":{"rendered":"Nulo conserve pour chats recette b\u0153uf et agneau"},"content":{"rendered":"<p>Apr\u00e8s une longue journ\u00e9e de jeu, votre chat appr\u00e9ciera le go\u00fbt savoureux et les prot\u00e9ines de notre recette B\u0153uf et agneau, qui lui permettront de rester rassasi\u00e9 toute la journ\u00e9e. SANS c\u00e9r\u00e9ales, carragh\u00e9nane, sous-produits de viande, ma\u00efs, bl\u00e9, soja ni agents de conservation, colorants ou ar\u00f4mes artificiels.<\/p>\n<p>LES MEILLEURES TENEURS EN VIANDE DE L\u2019INDUSTRIE<\/p>\n<p>D\u00e9couvrez nos 3 principaux ingr\u00e9dients. Le m\u00e9lange sp\u00e9cial de Nulo fournit une abondance de prot\u00e9ines dont les chats et les chatons ont besoin pour se d\u00e9velopper et conserver une masse musculaire maigre.<\/p>\n<p>DES INGR\u00c9DIENTS<\/p>\n<p>OM\u00c9GA 3 ET 6 POUR LA PEAU ET LE POIL<\/p>\n<p>Une quantit\u00e9 \u00e9quilibr\u00e9e d\u2019acides gras om\u00e9ga-3 et om\u00e9ga-6 nourrit la peau de votre chat et favorise un beau poil luisant.<\/p>\n<p>TENEUR \u00c9LEV\u00c9E EN HUMIDIT\u00c9<\/p>\n<p>Les niveaux \u00e9lev\u00e9s d\u2019humidit\u00e9 aident les chats \u00e0 rester hydrat\u00e9s.<\/p>\n<p>UTILES POUR LA<\/p>\n<p>SANT\u00c9 AU QUOTIDIEN<\/p>\n<p>La vitamine A et la taurine favorisent la vision et le bon fonctionnement du c\u0153ur.<\/p>\n<p>Format 5,5Oz<\/p>\n<p>Produit fabriqu\u00e9 aux \u00c9tats Unis<\/p>\n","protected":false},"excerpt":{"rendered":"<p>Apr\u00e8s une longue journ\u00e9e de jeu, votre chat appr\u00e9ciera le go\u00fbt savoureux et les prot\u00e9ines de notre recette B\u0153uf et&#8230;<\/p>\n","protected":false},"featured_media":678,"comment_status":"open","ping_status":"closed","template":"","meta":{"advanced_seo_description":"","jetpack_seo_html_title":"","jetpack_seo_noindex":false},"product_brand":[],"product_cat":[20,27,16,37],"product_tag":[],"class_list":{"0":"post-677","1":"product","2":"type-product","3":"status-publish","4":"has-post-thumbnail","6":"product_cat-miaou","7":"product_cat-non-classe","8":"product_cat-nourriture","9":"product_cat-nulo","11":"first","12":"instock","13":"taxable","14":"shipping-taxable","15":"purchasable","16":"product-type-simple"},"jetpack_sharing_enabled":true,"_links":{"self":[{"href":"https:\/\/fantaisiescaninfelin.com\/index.php?rest_route=\/wp\/v2\/product\/677","targetHints":{"allow":["GET"]}}],"collection":[{"href":"https:\/\/fantaisiescaninfelin.com\/index.php?rest_route=\/wp\/v2\/product"}],"about":[{"href":"https:\/\/fantaisiescaninfelin.com\/index.php?rest_route=\/wp\/v2\/types\/product"}],"replies":[{"embeddable":true,"href":"https:\/\/fantaisiescaninfelin.com\/index.php?rest_route=%2Fwp%2Fv2%2Fcomments&post=677"}],"wp:featuredmedia":[{"embeddable":true,"href":"https:\/\/fantaisiescaninfelin.com\/index.php?rest_route=\/wp\/v2\/media\/678"}],"wp:attachment":[{"href":"https:\/\/fantaisiescaninfelin.com\/index.php?rest_route=%2Fwp%2Fv2%2Fmedia&parent=677"}],"wp:term":[{"taxonomy":"product_brand","embeddable":true,"href":"https:\/\/fantaisiescaninfelin.com\/index.php?rest_route=%2Fwp%2Fv2%2Fproduct_brand&post=677"},{"taxonomy":"product_cat","embeddable":true,"href":"https:\/\/fantaisiescaninfelin.com\/index.php?rest_route=%2Fwp%2Fv2%2Fproduct_cat&post=677"},{"taxonomy":"product_tag","embeddable":true,"href":"https:\/\/fantaisiescaninfelin.com\/index.php?rest_route=%2Fwp%2Fv2%2Fproduct_tag&post=677"}],"curies":[{"name":"wp","href":"https:\/\/api.w.org\/{rel}","templated":true}]}}