{"id":684,"date":"2024-09-16T01:13:12","date_gmt":"2024-09-16T01:13:12","guid":{"rendered":"https:\/\/fantaisies:8890\/?post_type=product&#038;p=684"},"modified":"2025-11-19T14:06:48","modified_gmt":"2025-11-19T19:06:48","slug":"nulo-nourriture-recette-canard-et-lentilles-chat-dinterieur-sans-grains","status":"publish","type":"product","link":"https:\/\/fantaisiescaninfelin.com\/?product=nulo-nourriture-recette-canard-et-lentilles-chat-dinterieur-sans-grains","title":{"rendered":"Nulo nourriture recette Canard et lentilles \u2013 Chat d\u2019int\u00e9rieur sans grains"},"content":{"rendered":"<p>Nos amis f\u00e9lins ont besoin de prot\u00e9ines riches pour rester en forme et en bonne sant\u00e9. Avec 82 % de prot\u00e9ines provenant de viandes v\u00e9ritables, comme du canard, du poulet et de la dinde, votre chat est s\u00fbr de recevoir les acides amin\u00e9s dont il a besoin pour d\u00e9velopper des muscles puissants et se remettre apr\u00e8s une journ\u00e9e de jeu. Nos ingr\u00e9dients \u00e0 faible teneur en glucides et nos probiotiques perfectionn\u00e9s garantissent qu\u2019il b\u00e9n\u00e9ficie de la nutrition qu\u2019il m\u00e9rite. En fait, comparez nos quatre principaux ingr\u00e9dients avec la marque que vous proposez actuellement \u00e0 vos petits tigres bondissants.<\/p>\n<p>Ingr\u00e9dients<\/p>\n<p>Canard d\u00e9soss\u00e9, farine de poulet, farine de dinde, morue d\u00e9soss\u00e9e, pois entiers, lentilles, gras de poulet (conserv\u00e9 avec un m\u00e9lange de tocoph\u00e9rols et d\u2019acide citrique), fibres de pois, ar\u00f4me naturel, graines de lin moulues, racine de chicor\u00e9e s\u00e9ch\u00e9e, varech s\u00e9ch\u00e9, patate douce s\u00e9ch\u00e9e, canneberges s\u00e9ch\u00e9es, carbonate de calcium, DL-m\u00e9thionine, taurine, prot\u00e9inate de zinc, chlorure de choline, suppl\u00e9ment<\/p>\n<p>de vitamine E, L-Ascorbyl-2-Polyphosphate (source de vitamine C), prot\u00e9inate de fer, suppl\u00e9ment de niacine, prot\u00e9inate de cuivre, mononitrate de thiamine, pantoth\u00e9nate de calcium, suppl\u00e9ment de vitamine A, prot\u00e9inate de mangan\u00e8se, chlorhydrate de pyridoxine, s\u00e9l\u00e9nite de sodium, suppl\u00e9ment de riboflavine, produit de fermentation de Bacillus coagulans s\u00e9ch\u00e9, extrait de Yucca Schidigera, suppl\u00e9ment de vitamine B12, iodate de calcium, acide folique, extrait de romarin.<\/p>\n<p>Format 5,44 kg<\/p>\n<p>Produit fabriqu\u00e9 aux \u00c9tats Unis<\/p>\n","protected":false},"excerpt":{"rendered":"<p>Nos amis f\u00e9lins ont besoin de prot\u00e9ines riches pour rester en forme et en bonne sant\u00e9. Avec 82 % de&#8230;<\/p>\n","protected":false},"featured_media":685,"comment_status":"open","ping_status":"closed","template":"","meta":{"advanced_seo_description":"","jetpack_seo_html_title":"","jetpack_seo_noindex":false},"product_brand":[],"product_cat":[20,27,16,37],"product_tag":[],"class_list":{"0":"post-684","1":"product","2":"type-product","3":"status-publish","4":"has-post-thumbnail","6":"product_cat-miaou","7":"product_cat-non-classe","8":"product_cat-nourriture","9":"product_cat-nulo","11":"first","12":"instock","13":"sale","14":"taxable","15":"shipping-taxable","16":"purchasable","17":"product-type-simple"},"jetpack_sharing_enabled":true,"_links":{"self":[{"href":"https:\/\/fantaisiescaninfelin.com\/index.php?rest_route=\/wp\/v2\/product\/684","targetHints":{"allow":["GET"]}}],"collection":[{"href":"https:\/\/fantaisiescaninfelin.com\/index.php?rest_route=\/wp\/v2\/product"}],"about":[{"href":"https:\/\/fantaisiescaninfelin.com\/index.php?rest_route=\/wp\/v2\/types\/product"}],"replies":[{"embeddable":true,"href":"https:\/\/fantaisiescaninfelin.com\/index.php?rest_route=%2Fwp%2Fv2%2Fcomments&post=684"}],"wp:featuredmedia":[{"embeddable":true,"href":"https:\/\/fantaisiescaninfelin.com\/index.php?rest_route=\/wp\/v2\/media\/685"}],"wp:attachment":[{"href":"https:\/\/fantaisiescaninfelin.com\/index.php?rest_route=%2Fwp%2Fv2%2Fmedia&parent=684"}],"wp:term":[{"taxonomy":"product_brand","embeddable":true,"href":"https:\/\/fantaisiescaninfelin.com\/index.php?rest_route=%2Fwp%2Fv2%2Fproduct_brand&post=684"},{"taxonomy":"product_cat","embeddable":true,"href":"https:\/\/fantaisiescaninfelin.com\/index.php?rest_route=%2Fwp%2Fv2%2Fproduct_cat&post=684"},{"taxonomy":"product_tag","embeddable":true,"href":"https:\/\/fantaisiescaninfelin.com\/index.php?rest_route=%2Fwp%2Fv2%2Fproduct_tag&post=684"}],"curies":[{"name":"wp","href":"https:\/\/api.w.org\/{rel}","templated":true}]}}