{"id":694,"date":"2024-09-16T01:13:48","date_gmt":"2024-09-16T01:13:48","guid":{"rendered":"https:\/\/fantaisies:8890\/?post_type=product&#038;p=694"},"modified":"2024-12-18T20:23:30","modified_gmt":"2024-12-19T01:23:30","slug":"nulo-gateries-dentrainement-pour-chien-au-saumon","status":"publish","type":"product","link":"https:\/\/fantaisiescaninfelin.com\/?product=nulo-gateries-dentrainement-pour-chien-au-saumon","title":{"rendered":"Nulo g\u00e2teries d\u2019entra\u00eenement pour chien au saumon"},"content":{"rendered":"<p>Sans agents de conservation, sans couleurs ni ar\u00f4mes de fum\u00e9e artificiels, nos g\u00e2teries d\u2019entra\u00eenement au saumon offrent \u00e0 votre chiot une alimentation saine sous forme de r\u00e9compenses de grande valeur pour avoir \u00e9t\u00e9 un bon chien ! Nos g\u00e2teries d\u2019entra\u00eenement constituent une r\u00e9compense hypocalorique,<\/p>\n<p>avec seulement 2 kcal par g\u00e2terie, pour favoriser le poids sant\u00e9 et le bon comportement de votre animal.<\/p>\n<p>Ingr\u00e9dients<\/p>\n<p>Saumon, pois chiches secs moulus, pois secs moulus, miel, glyc\u00e9rine de noix de coco, g\u00e9latine, ar\u00f4me naturel, cerises, bleuets, graines de lin, huile de saumon, sel, acide citrique, vinaigre distill\u00e9, m\u00e9lange de tocoph\u00e9rols, extrait de romarin.<\/p>\n<p>SEULEMENT 2 KCAL\/ G\u00c2TERIE<\/p>\n<p>Favorise un poids sain avec des r\u00e9compenses hypocaloriques.<\/p>\n<p>DES SUPER ALIMENTS STIMULANTS<\/p>\n<p>Du miel, des cerises et des bleuets.<\/p>\n<p>NATURELLEMENT D\u00c9LICIEUX<\/p>\n<p>Sans colorants, ar\u00f4mes de fum\u00e9e ni agents de conservation artificiels.<\/p>\n<p>PARFAIT POUR LES CHIOTS<\/p>\n<p>L\u2019huile de saumon et les graines de lin fournissent du DHA et d\u2019autres acides gras om\u00e9ga-3.<\/p>\n<p>Format 4oz<\/p>\n<p>Produit fabriqu\u00e9 aux \u00c9tats Unis<\/p>\n","protected":false},"excerpt":{"rendered":"<p>Sans agents de conservation, sans couleurs ni ar\u00f4mes de fum\u00e9e artificiels, nos g\u00e2teries d\u2019entra\u00eenement au saumon offrent \u00e0 votre chiot&#8230;<\/p>\n","protected":false},"featured_media":695,"comment_status":"open","ping_status":"closed","template":"","meta":{"advanced_seo_description":"","jetpack_seo_html_title":"","jetpack_seo_noindex":false},"product_brand":[],"product_cat":[18,27,37],"product_tag":[],"class_list":{"0":"post-694","1":"product","2":"type-product","3":"status-publish","4":"has-post-thumbnail","6":"product_cat-fine-gueule","7":"product_cat-non-classe","8":"product_cat-nulo","10":"first","11":"outofstock","12":"taxable","13":"shipping-taxable","14":"purchasable","15":"product-type-simple"},"jetpack_sharing_enabled":true,"_links":{"self":[{"href":"https:\/\/fantaisiescaninfelin.com\/index.php?rest_route=\/wp\/v2\/product\/694","targetHints":{"allow":["GET"]}}],"collection":[{"href":"https:\/\/fantaisiescaninfelin.com\/index.php?rest_route=\/wp\/v2\/product"}],"about":[{"href":"https:\/\/fantaisiescaninfelin.com\/index.php?rest_route=\/wp\/v2\/types\/product"}],"replies":[{"embeddable":true,"href":"https:\/\/fantaisiescaninfelin.com\/index.php?rest_route=%2Fwp%2Fv2%2Fcomments&post=694"}],"wp:featuredmedia":[{"embeddable":true,"href":"https:\/\/fantaisiescaninfelin.com\/index.php?rest_route=\/wp\/v2\/media\/695"}],"wp:attachment":[{"href":"https:\/\/fantaisiescaninfelin.com\/index.php?rest_route=%2Fwp%2Fv2%2Fmedia&parent=694"}],"wp:term":[{"taxonomy":"product_brand","embeddable":true,"href":"https:\/\/fantaisiescaninfelin.com\/index.php?rest_route=%2Fwp%2Fv2%2Fproduct_brand&post=694"},{"taxonomy":"product_cat","embeddable":true,"href":"https:\/\/fantaisiescaninfelin.com\/index.php?rest_route=%2Fwp%2Fv2%2Fproduct_cat&post=694"},{"taxonomy":"product_tag","embeddable":true,"href":"https:\/\/fantaisiescaninfelin.com\/index.php?rest_route=%2Fwp%2Fv2%2Fproduct_tag&post=694"}],"curies":[{"name":"wp","href":"https:\/\/api.w.org\/{rel}","templated":true}]}}