{"id":70,"date":"2024-09-03T08:36:03","date_gmt":"2024-09-03T12:36:03","guid":{"rendered":"https:\/\/fantaisies:8890\/?post_type=product&#038;p=70"},"modified":"2025-11-11T13:18:45","modified_gmt":"2025-11-11T18:18:45","slug":"nutram-t26-recette-elabore-a-partir-dagneau-et-de-lentilles","status":"publish","type":"product","link":"https:\/\/fantaisiescaninfelin.com\/?product=nutram-t26-recette-elabore-a-partir-dagneau-et-de-lentilles","title":{"rendered":"Nutram t26 recette \u00e9labor\u00e9 \u00e0 partir d\u2019agneau et de lentilles"},"content":{"rendered":"<p>La nourriture naturelle pour chiens Nutram Total sans grains T26 (Nutram Total Grain-Free\u00ae) \u00e0 l&rsquo;agneau et l\u00e9gumineuses est une pr\u00e9paration holistique, riche en nutriments et aux nombreux bienfaits, qui am\u00e9liore le mieux-\u00eatre de votre animal de compagnie par la nutrition. Notre approche holistique repose sur l\u2019utilisation d\u2019ingr\u00e9dients sains dont le nom est facile \u00e0 prononcer, tel qu\u2019un m\u00e9lange \u00e0 faible indice glyc\u00e9mique de lentilles, de pois verts et de pois chiches comme source de bons glucides et de prot\u00e9ines de qualit\u00e9. Nous y avons ajout\u00e9 de la vraie viande d\u2019agneau, une source de prot\u00e9ines faciles \u00e0 dig\u00e9rer, ainsi que de la citrouille, riche en fibres naturelles, pour cr\u00e9er un milieu optimal favorisant la digestion. Mieux encore, les combinaisons optimales de Nutram, \u00ab\u00a0Optimum Combinations<sup>MC<\/sup>\u00a0\u00bb, renferment des acides gras om\u00e9ga-3 un anti-inflammatoires provenant d\u2019aliments complets comme des graines de lin et des moules vertes, pour am\u00e9liorer la mobilit\u00e9 des articulations. Vous pouvez avoir la certitude que la nourriture de votre animal est saine et b\u00e9n\u00e9fique, et qu\u2019elle contribue \u00e0 son mieux-\u00eatre g\u00e9n\u00e9ral.<\/p>\n<p>Produit fi\u00e8rement canadien.<\/p>\n","protected":false},"excerpt":{"rendered":"<p>La nourriture naturelle pour chiens Nutram Total sans grains T26 (Nutram Total Grain-Free\u00ae) \u00e0 l&rsquo;agneau et l\u00e9gumineuses est une pr\u00e9paration&#8230;<\/p>\n","protected":false},"featured_media":110,"comment_status":"open","ping_status":"closed","template":"","meta":{"advanced_seo_description":"","jetpack_seo_html_title":"","jetpack_seo_noindex":false},"product_brand":[],"product_cat":[16,19],"product_tag":[],"class_list":{"0":"post-70","1":"product","2":"type-product","3":"status-publish","4":"has-post-thumbnail","6":"product_cat-nourriture","7":"product_cat-nutram","9":"first","10":"outofstock","11":"taxable","12":"shipping-taxable","13":"purchasable","14":"product-type-simple"},"jetpack_sharing_enabled":true,"_links":{"self":[{"href":"https:\/\/fantaisiescaninfelin.com\/index.php?rest_route=\/wp\/v2\/product\/70","targetHints":{"allow":["GET"]}}],"collection":[{"href":"https:\/\/fantaisiescaninfelin.com\/index.php?rest_route=\/wp\/v2\/product"}],"about":[{"href":"https:\/\/fantaisiescaninfelin.com\/index.php?rest_route=\/wp\/v2\/types\/product"}],"replies":[{"embeddable":true,"href":"https:\/\/fantaisiescaninfelin.com\/index.php?rest_route=%2Fwp%2Fv2%2Fcomments&post=70"}],"wp:featuredmedia":[{"embeddable":true,"href":"https:\/\/fantaisiescaninfelin.com\/index.php?rest_route=\/wp\/v2\/media\/110"}],"wp:attachment":[{"href":"https:\/\/fantaisiescaninfelin.com\/index.php?rest_route=%2Fwp%2Fv2%2Fmedia&parent=70"}],"wp:term":[{"taxonomy":"product_brand","embeddable":true,"href":"https:\/\/fantaisiescaninfelin.com\/index.php?rest_route=%2Fwp%2Fv2%2Fproduct_brand&post=70"},{"taxonomy":"product_cat","embeddable":true,"href":"https:\/\/fantaisiescaninfelin.com\/index.php?rest_route=%2Fwp%2Fv2%2Fproduct_cat&post=70"},{"taxonomy":"product_tag","embeddable":true,"href":"https:\/\/fantaisiescaninfelin.com\/index.php?rest_route=%2Fwp%2Fv2%2Fproduct_tag&post=70"}],"curies":[{"name":"wp","href":"https:\/\/api.w.org\/{rel}","templated":true}]}}