{"id":702,"date":"2024-09-16T01:14:16","date_gmt":"2024-09-16T01:14:16","guid":{"rendered":"https:\/\/fantaisies:8890\/?post_type=product&#038;p=702"},"modified":"2025-08-25T08:15:33","modified_gmt":"2025-08-25T12:15:33","slug":"nulo-gateries-charqui-au-canard-et-prune","status":"publish","type":"product","link":"https:\/\/fantaisiescaninfelin.com\/?product=nulo-gateries-charqui-au-canard-et-prune","title":{"rendered":"Nulo g\u00e2teries charqui au canard et prune"},"content":{"rendered":"<p>Assis, couch\u00e9, reste, bon chien ! Du canard, des patates douces et des prunes composent cette recette de languettes de viande s\u00e9ch\u00e9e au canard et aux prunes. Ces charquis de viande s\u00e9ch\u00e9e ne contiennent ni sucre ajout\u00e9 ni m\u00e9lasse de canne, car votre chien Nulo m\u00e9rite ce qu\u2019il y a de mieux. Divisez ces g\u00e2teries souples en morceaux ou donnez-les enti\u00e8res comme r\u00e9compense lorsque votre chiot m\u00e9rite une g\u00e2terie occasionnelle !<\/p>\n<p>Ingr\u00e9dients<\/p>\n<p>Canard, patates douces, prunes, glyc\u00e9rine de noix de coco, vinaigre distill\u00e9, acide citrique, produit de fermentation de Bacillus coagulans s\u00e9ch\u00e9, m\u00e9lange de tocoph\u00e9rols.<\/p>\n<p>UNE SEULE PROT\u00c9INE D\u2019ORIGINE ANIMALE<\/p>\n<p>Nourriture sp\u00e9cialement pr\u00e9par\u00e9e pour les animaux de compagnie pr\u00e9f\u00e9rant une alimentation simplifi\u00e9e.<\/p>\n<p>PURE ET SIMPLE<\/p>\n<p>Sans sel ni sucre ajout\u00e9.<\/p>\n<p>L\u2019AVANTAGE PROBIOTIQUE<\/p>\n<p>QUALIT\u00c9 SUP\u00c9RIEURE<\/p>\n<p>Des prot\u00e9ines d\u2019origine am\u00e9ricaine associ\u00e9es \u00e0 des produits frais.<\/p>\n<p>EXCELLENTS GO\u00dbT ET TEXTURE<\/p>\n<p>Languettes souples et pliables, faciles \u00e0 d\u00e9chirer.<\/p>\n<p>QUALIT\u00c9 ARTISANALE<\/p>\n<p>Cuits lentement jusqu\u2019\u00e0 la perfection dans un fumoir naturel<\/p>\n<p>GANEDENBC30\u00ae<\/p>\n<p>Le probiotique<\/p>\n<p>GanedenBC30\u00ae favorise la sant\u00e9 digestive et immunitaire de votre animal.<\/p>\n<p>Format 5oz<\/p>\n<p>Produit fabriqu\u00e9 aux \u00c9tats Unis<\/p>\n","protected":false},"excerpt":{"rendered":"<p>Assis, couch\u00e9, reste, bon chien ! Du canard, des patates douces et des prunes composent cette recette de languettes de&#8230;<\/p>\n","protected":false},"featured_media":703,"comment_status":"open","ping_status":"closed","template":"","meta":{"advanced_seo_description":"","jetpack_seo_html_title":"","jetpack_seo_noindex":false},"product_brand":[],"product_cat":[18,27,37],"product_tag":[42],"class_list":{"0":"post-702","1":"product","2":"type-product","3":"status-publish","4":"has-post-thumbnail","6":"product_cat-fine-gueule","7":"product_cat-non-classe","8":"product_cat-nulo","9":"product_tag-scarlet","11":"first","12":"outofstock","13":"taxable","14":"shipping-taxable","15":"purchasable","16":"product-type-simple"},"jetpack_sharing_enabled":true,"_links":{"self":[{"href":"https:\/\/fantaisiescaninfelin.com\/index.php?rest_route=\/wp\/v2\/product\/702","targetHints":{"allow":["GET"]}}],"collection":[{"href":"https:\/\/fantaisiescaninfelin.com\/index.php?rest_route=\/wp\/v2\/product"}],"about":[{"href":"https:\/\/fantaisiescaninfelin.com\/index.php?rest_route=\/wp\/v2\/types\/product"}],"replies":[{"embeddable":true,"href":"https:\/\/fantaisiescaninfelin.com\/index.php?rest_route=%2Fwp%2Fv2%2Fcomments&post=702"}],"wp:featuredmedia":[{"embeddable":true,"href":"https:\/\/fantaisiescaninfelin.com\/index.php?rest_route=\/wp\/v2\/media\/703"}],"wp:attachment":[{"href":"https:\/\/fantaisiescaninfelin.com\/index.php?rest_route=%2Fwp%2Fv2%2Fmedia&parent=702"}],"wp:term":[{"taxonomy":"product_brand","embeddable":true,"href":"https:\/\/fantaisiescaninfelin.com\/index.php?rest_route=%2Fwp%2Fv2%2Fproduct_brand&post=702"},{"taxonomy":"product_cat","embeddable":true,"href":"https:\/\/fantaisiescaninfelin.com\/index.php?rest_route=%2Fwp%2Fv2%2Fproduct_cat&post=702"},{"taxonomy":"product_tag","embeddable":true,"href":"https:\/\/fantaisiescaninfelin.com\/index.php?rest_route=%2Fwp%2Fv2%2Fproduct_tag&post=702"}],"curies":[{"name":"wp","href":"https:\/\/api.w.org\/{rel}","templated":true}]}}