{"id":713,"date":"2024-09-16T01:14:55","date_gmt":"2024-09-16T01:14:55","guid":{"rendered":"https:\/\/fantaisies:8890\/?post_type=product&#038;p=713"},"modified":"2025-05-07T19:44:36","modified_gmt":"2025-05-07T23:44:36","slug":"nulo-freestyle-recette-morue-et-lentilles-a-haute-teneur-en-viande-pour-chien","status":"publish","type":"product","link":"https:\/\/fantaisiescaninfelin.com\/?product=nulo-freestyle-recette-morue-et-lentilles-a-haute-teneur-en-viande-pour-chien","title":{"rendered":"Nulo Freestyle recette morue et lentilles \u00e0 haute teneur en viande pour chien"},"content":{"rendered":"<p>Rester en forme et mince peut \u00eatre plus difficile pour certains chiens. C\u2019est pourquoi nous avons \u00e9labor\u00e9 notre formule Nulo FreeStyleTM Sant\u00e9 pour chiens adultes. Notre recette Morue et lentilles sans c\u00e9r\u00e9ales fournit les prot\u00e9ines et les acides amin\u00e9s dont les chiens ont besoin, mais comporte plus de fibres, ainsi que moins de mati\u00e8res grasses et de calories que nos autres recettes. L\u2019addition de L-Carnitine favorise le m\u00e9tabolisme des mati\u00e8res grasses. Id\u00e9al pour toutes les races et toutes les tailles qui ont besoin d\u2019un petit coup de pouce pour devenir le chien qu\u2019ils r\u00eavent d\u2019\u00eatre.<\/p>\n<p>Ingr\u00e9dients<\/p>\n<p>Morue d\u00e9soss\u00e9e, farine de dinde, farine de saumon, lentilles, pois jaunes, patates douces, pois chiches, fibres de pois, dinde d\u00e9soss\u00e9e, gras de poulet (conserv\u00e9 avec un m\u00e9lange de tocoph\u00e9rols et d\u2019acide citrique), ar\u00f4me naturel, culture de levure, racine de chicor\u00e9e s\u00e9ch\u00e9e, tomates s\u00e9ch\u00e9es, carottes s\u00e9ch\u00e9es, bleuets s\u00e9ch\u00e9s, pommes s\u00e9ch\u00e9es, sel, carbonate de calcium, L-carnitine, chlorure de choline, chlorure de potassium, prot\u00e9inate de zinc, suppl\u00e9ment de vitamine E, L-Ascorbyl-2-Polyphosphate (source de vitamine C), prot\u00e9inate de fer, niacine, prot\u00e9inate de cuivre, mononitrate de thiamine (source de vitamine B1), pantoth\u00e9nate de calcium, suppl\u00e9ment de vitamine A, oxyde manganeux, chlorhydrate de pyridoxine (source de vitamine B6), s\u00e9l\u00e9nite de sodium, riboflavine, suppl\u00e9ment de vitamine D3, biotine, produit de fermentation de Bacillus coagulans s\u00e9ch\u00e9, suppl\u00e9ment de vitamine B12, iodate de calcium, acide folique, extrait de romarin.<\/p>\n<p>SANS C\u00c9R\u00c9ALES<\/p>\n<p>Sans pommes de terre blanches ni tapioca.<\/p>\n<p>L\u2019AVANTAGE PROBIOTIQUE<\/p>\n<p>GANEDENBC30\u00ae<\/p>\n<p>Le probiotique GanedenBC30\u00ae favorise la sant\u00e9 digestive et immunitaire de votre animal.<\/p>\n<p>SANS PROT\u00c9INES D\u2019\u0152UFS NI DE POULET<\/p>\n<p>Les chiens ne sont pas tous friands de poulet et d\u2019\u0153ufs, qui sont des allerg\u00e8nes fr\u00e9quemment signal\u00e9s. C\u2019est pourquoi nous avons d\u00e9velopp\u00e9 des recettes utilisant d\u2019autres sources de prot\u00e9ines.<\/p>\n<p>L-CARNITINE<\/p>\n<p>Aide le m\u00e9tabolisme des mati\u00e8res grasses.<\/p>\n<p>UN SYST\u00c8ME IMMUNITAIRE SAIN<\/p>\n<p>Les recettes de Nulo contiennent des l\u00e9gumes et des fruits sains ainsi que des vitamines C et E qui agissent ensemble pour soutenir la sant\u00e9 immunitaire.<\/p>\n<p>GLUCOSAMINE ET CHONDRO\u00cfTINE<\/p>\n<p>Suppl\u00e9ment de chlorhydrate de glucosamine et de sulfate de chondro\u00eftine pour la sant\u00e9 des hanches et des articulations<\/p>\n<p>Format 22lbs<\/p>\n<p>Produit fabriqu\u00e9 aux \u00c9tats Unis<\/p>\n","protected":false},"excerpt":{"rendered":"<p>Rester en forme et mince peut \u00eatre plus difficile pour certains chiens. C\u2019est pourquoi nous avons \u00e9labor\u00e9 notre formule Nulo&#8230;<\/p>\n","protected":false},"featured_media":714,"comment_status":"open","ping_status":"closed","template":"","meta":{"advanced_seo_description":"","jetpack_seo_html_title":"","jetpack_seo_noindex":false},"product_brand":[],"product_cat":[29,27,16,37],"product_tag":[],"class_list":{"0":"post-713","1":"product","2":"type-product","3":"status-publish","4":"has-post-thumbnail","6":"product_cat-controle-poids","7":"product_cat-non-classe","8":"product_cat-nourriture","9":"product_cat-nulo","11":"first","12":"instock","13":"sale","14":"taxable","15":"shipping-taxable","16":"purchasable","17":"product-type-simple"},"jetpack_sharing_enabled":true,"_links":{"self":[{"href":"https:\/\/fantaisiescaninfelin.com\/index.php?rest_route=\/wp\/v2\/product\/713","targetHints":{"allow":["GET"]}}],"collection":[{"href":"https:\/\/fantaisiescaninfelin.com\/index.php?rest_route=\/wp\/v2\/product"}],"about":[{"href":"https:\/\/fantaisiescaninfelin.com\/index.php?rest_route=\/wp\/v2\/types\/product"}],"replies":[{"embeddable":true,"href":"https:\/\/fantaisiescaninfelin.com\/index.php?rest_route=%2Fwp%2Fv2%2Fcomments&post=713"}],"wp:featuredmedia":[{"embeddable":true,"href":"https:\/\/fantaisiescaninfelin.com\/index.php?rest_route=\/wp\/v2\/media\/714"}],"wp:attachment":[{"href":"https:\/\/fantaisiescaninfelin.com\/index.php?rest_route=%2Fwp%2Fv2%2Fmedia&parent=713"}],"wp:term":[{"taxonomy":"product_brand","embeddable":true,"href":"https:\/\/fantaisiescaninfelin.com\/index.php?rest_route=%2Fwp%2Fv2%2Fproduct_brand&post=713"},{"taxonomy":"product_cat","embeddable":true,"href":"https:\/\/fantaisiescaninfelin.com\/index.php?rest_route=%2Fwp%2Fv2%2Fproduct_cat&post=713"},{"taxonomy":"product_tag","embeddable":true,"href":"https:\/\/fantaisiescaninfelin.com\/index.php?rest_route=%2Fwp%2Fv2%2Fproduct_tag&post=713"}],"curies":[{"name":"wp","href":"https:\/\/api.w.org\/{rel}","templated":true}]}}