{"id":730,"date":"2024-09-15T21:15:49","date_gmt":"2024-09-16T01:15:49","guid":{"rendered":"https:\/\/fantaisies:8890\/?post_type=product&#038;p=730"},"modified":"2025-08-25T08:18:18","modified_gmt":"2025-08-25T12:18:18","slug":"nulo-nourriture-ingredients-limites-au-goberge-dalaska-sans-grains-toutes-etapes-de-vies","status":"publish","type":"product","link":"https:\/\/fantaisiescaninfelin.com\/?product=nulo-nourriture-ingredients-limites-au-goberge-dalaska-sans-grains-toutes-etapes-de-vies","title":{"rendered":"Nulo nourriture ingr\u00e9dients limit\u00e9s au goberge d\u2019Alaska sans grains toutes \u00e9tapes de vies 22lbs"},"content":{"rendered":"<p>Notre recette Goberge d\u2019Alaska FreeStyleTM Limited+ pour chiots et chiens adultes est une recette plus riche en prot\u00e9ines et plus faible<\/p>\n<p>en glucides, sp\u00e9cialement formul\u00e9e pour les chiens pr\u00e9f\u00e9rant une alimentation simplifi\u00e9e. Un r\u00e9gime \u00e0 ingr\u00e9dients limit\u00e9s est id\u00e9al pour les animaux de compagnie souffrant de sensibilit\u00e9s alimentaires. De plus, notre recette Goberge d\u2019Alaska contient le probiotique brevet\u00e9 GanedenBC30, le premier de son genre \u00e0 survivre au processus de cuisson et d\u2019extrusion qui intervient dans la fabrication des croquettes. Cela signifie que le probiotique se retrouve directement dans la gamelle de votre chiot pour l\u2019aider \u00e0 pr\u00e9server sa sant\u00e9 intestinale et digestive ! Avec 42 % d\u2019une tasse de 8 oz provenant directement de la goberge et de la farine de goberge, votre chien ne pourra pas r\u00e9sister \u00e0 l\u2019heure du repas !<\/p>\n<p>Ingr\u00e9dients<\/p>\n<p>Goberge, farine de goberge, lentilles vertes, lentilles rouges, huile de canola (conserv\u00e9e avec un m\u00e9lange de tocoph\u00e9rols et d\u2019acide citrique), graines de lin enti\u00e8res, patates douces s\u00e9ch\u00e9es, herbe de miscanthus, ar\u00f4me naturel, chlorure de potassium, sel, carbonate de calcium, racine de chicor\u00e9e s\u00e9ch\u00e9e, chlorure de choline, phosphate monosodique, suppl\u00e9ment de vitamine E, prot\u00e9inate de zinc, suppl\u00e9ment de<\/p>\n<p>vitamine E, sulfate de zinc, L-ascorbyle-2-polyphosphate (source de vitamine C), prot\u00e9inate de fer, suppl\u00e9ment de niacine, sulfate ferreux, prot\u00e9inate de cuivre, sulfate de cuivre, suppl\u00e9ment de vitamine A, prot\u00e9inate de mangan\u00e8se, mononitrate de thiamine, pantoth\u00e9nate de calcium, suppl\u00e9ment de riboflavine, chlorhydrate de pyridoxine, oxyde manganeux, biotine, produit de fermentation de Bacillus coagulans s\u00e9ch\u00e9, suppl\u00e9ment de vitamine B12, suppl\u00e9ment de vitamine D3, acide folique, s\u00e9l\u00e9nite de sodium, iodate de calcium, extrait de romarin.<\/p>\n<p>UNE SEULE<\/p>\n<p>LIMIT\u00c9, PAS MOINS<\/p>\n<p>30 % de prot\u00e9ines brutes d\u00e9sormais dans un r\u00e9gime \u00e0 ingr\u00e9dients limit\u00e9s.<\/p>\n<p>L\u2019AVANTAGE<\/p>\n<p>CE QUE LIMITED+ NE CONTIENT PAS<\/p>\n<p>Confectionn\u00e9 sans les ingr\u00e9dients courants comme le poulet, le gras de poulet, les \u0153ufs, les pois, les prot\u00e9ines de pois, les pommes de terre blanches, le tapioca, le ma\u00efs, le bl\u00e9 ou le soja. Sans colorants ni agents de conservation artificiels.<\/p>\n<p>SANS C\u00c9R\u00c9ALES<\/p>\n<p>Sans pommes de terre blanches ni tapioca.<\/p>\n<p>UNE PEAU SAINE<\/p>\n<p>PROT\u00c9INE<\/p>\n<p>PROBIOTIQUE<\/p>\n<p>ET UN POIL<\/p>\n<p>D\u2019ORIGINE ANIMALE<\/p>\n<p>GANEDENBC30\u00ae<\/p>\n<p>LUISANT<\/p>\n<p>Nourriture sp\u00e9cialement pr\u00e9par\u00e9e pour les animaux de compagnie pr\u00e9f\u00e9rant une alimentation simplifi\u00e9e.<\/p>\n<p>Le probiotique GanedenBC30\u00ae favorise la sant\u00e9 digestive et immunitaire de votre animal.<\/p>\n<p>Une quantit\u00e9 \u00e9quilibr\u00e9e d\u2019acides gras om\u00e9ga-3 et om\u00e9ga-6 nourrit la peau de votre animal et favorise un beau pelage luisant.<\/p>\n<p>Format 22lbs<\/p>\n<p>Produit fabriqu\u00e9 aux \u00c9tats Unis<\/p>\n","protected":false},"excerpt":{"rendered":"<p>Notre recette Goberge d\u2019Alaska FreeStyleTM Limited+ pour chiots et chiens adultes est une recette plus riche en prot\u00e9ines et plus&#8230;<\/p>\n","protected":false},"featured_media":731,"comment_status":"open","ping_status":"closed","template":"","meta":{"advanced_seo_description":"","jetpack_seo_html_title":"","jetpack_seo_noindex":false},"product_brand":[],"product_cat":[27,16,37],"product_tag":[],"class_list":{"0":"post-730","1":"product","2":"type-product","3":"status-publish","4":"has-post-thumbnail","6":"product_cat-non-classe","7":"product_cat-nourriture","8":"product_cat-nulo","10":"first","11":"instock","12":"sale","13":"taxable","14":"shipping-taxable","15":"purchasable","16":"product-type-simple"},"jetpack_sharing_enabled":true,"_links":{"self":[{"href":"https:\/\/fantaisiescaninfelin.com\/index.php?rest_route=\/wp\/v2\/product\/730","targetHints":{"allow":["GET"]}}],"collection":[{"href":"https:\/\/fantaisiescaninfelin.com\/index.php?rest_route=\/wp\/v2\/product"}],"about":[{"href":"https:\/\/fantaisiescaninfelin.com\/index.php?rest_route=\/wp\/v2\/types\/product"}],"replies":[{"embeddable":true,"href":"https:\/\/fantaisiescaninfelin.com\/index.php?rest_route=%2Fwp%2Fv2%2Fcomments&post=730"}],"wp:featuredmedia":[{"embeddable":true,"href":"https:\/\/fantaisiescaninfelin.com\/index.php?rest_route=\/wp\/v2\/media\/731"}],"wp:attachment":[{"href":"https:\/\/fantaisiescaninfelin.com\/index.php?rest_route=%2Fwp%2Fv2%2Fmedia&parent=730"}],"wp:term":[{"taxonomy":"product_brand","embeddable":true,"href":"https:\/\/fantaisiescaninfelin.com\/index.php?rest_route=%2Fwp%2Fv2%2Fproduct_brand&post=730"},{"taxonomy":"product_cat","embeddable":true,"href":"https:\/\/fantaisiescaninfelin.com\/index.php?rest_route=%2Fwp%2Fv2%2Fproduct_cat&post=730"},{"taxonomy":"product_tag","embeddable":true,"href":"https:\/\/fantaisiescaninfelin.com\/index.php?rest_route=%2Fwp%2Fv2%2Fproduct_tag&post=730"}],"curies":[{"name":"wp","href":"https:\/\/api.w.org\/{rel}","templated":true}]}}