{"id":733,"date":"2024-09-15T21:15:59","date_gmt":"2024-09-16T01:15:59","guid":{"rendered":"https:\/\/fantaisies:8890\/?post_type=product&#038;p=733"},"modified":"2025-09-08T18:22:46","modified_gmt":"2025-09-08T22:22:46","slug":"livstrong-supplement-pour-le-controle-du-poids","status":"publish","type":"product","link":"https:\/\/fantaisiescaninfelin.com\/?product=livstrong-supplement-pour-le-controle-du-poids","title":{"rendered":"Livstrong suppl\u00e9ment pour le contr\u00f4le du poids"},"content":{"rendered":"<p>Ce suppl\u00e9ment est compos\u00e9s de quatre herbes :<\/p>\n<p>-Le cumin et le gingembre : diminue le poids corporel<\/p>\n<p>&#8211; le th\u00e9 vert : stimule le m\u00e9tabolisme et les capacit\u00e9s de combustion des graisses.<\/p>\n<p>&#8211; le varech: dig\u00e8re les graisses par son fibre alginate<\/p>\n<p>Format de 145gr avec une petite cuill\u00e8re doseuse facile \u00e0 utiliser<\/p>\n<p>Produit compatible sur les chats et les chiens<\/p>\n<p>\u2b50\ufe0f Nous vous sugg\u00e9rons d&rsquo;utiliser ce produit surtout sur les races de chiens de type bouledogues ou pug qui doivent perdre du poids mais qui sont limit\u00e9s dans leur activit\u00e9s physique<\/p>\n","protected":false},"excerpt":{"rendered":"<p>Ce suppl\u00e9ment est compos\u00e9s de quatre herbes : -Le cumin et le gingembre : diminue le poids corporel &#8211; le&#8230;<\/p>\n","protected":false},"featured_media":734,"comment_status":"open","ping_status":"closed","template":"","meta":{"advanced_seo_description":"","jetpack_seo_html_title":"","jetpack_seo_noindex":false},"product_brand":[],"product_cat":[29,22,20,27],"product_tag":[],"class_list":{"0":"post-733","1":"product","2":"type-product","3":"status-publish","4":"has-post-thumbnail","6":"product_cat-controle-poids","7":"product_cat-inconfort-quotidiens","8":"product_cat-miaou","9":"product_cat-non-classe","11":"first","12":"instock","13":"taxable","14":"shipping-taxable","15":"purchasable","16":"product-type-simple"},"jetpack_sharing_enabled":true,"_links":{"self":[{"href":"https:\/\/fantaisiescaninfelin.com\/index.php?rest_route=\/wp\/v2\/product\/733","targetHints":{"allow":["GET"]}}],"collection":[{"href":"https:\/\/fantaisiescaninfelin.com\/index.php?rest_route=\/wp\/v2\/product"}],"about":[{"href":"https:\/\/fantaisiescaninfelin.com\/index.php?rest_route=\/wp\/v2\/types\/product"}],"replies":[{"embeddable":true,"href":"https:\/\/fantaisiescaninfelin.com\/index.php?rest_route=%2Fwp%2Fv2%2Fcomments&post=733"}],"wp:featuredmedia":[{"embeddable":true,"href":"https:\/\/fantaisiescaninfelin.com\/index.php?rest_route=\/wp\/v2\/media\/734"}],"wp:attachment":[{"href":"https:\/\/fantaisiescaninfelin.com\/index.php?rest_route=%2Fwp%2Fv2%2Fmedia&parent=733"}],"wp:term":[{"taxonomy":"product_brand","embeddable":true,"href":"https:\/\/fantaisiescaninfelin.com\/index.php?rest_route=%2Fwp%2Fv2%2Fproduct_brand&post=733"},{"taxonomy":"product_cat","embeddable":true,"href":"https:\/\/fantaisiescaninfelin.com\/index.php?rest_route=%2Fwp%2Fv2%2Fproduct_cat&post=733"},{"taxonomy":"product_tag","embeddable":true,"href":"https:\/\/fantaisiescaninfelin.com\/index.php?rest_route=%2Fwp%2Fv2%2Fproduct_tag&post=733"}],"curies":[{"name":"wp","href":"https:\/\/api.w.org\/{rel}","templated":true}]}}