{"id":735,"date":"2024-09-15T21:16:02","date_gmt":"2024-09-16T01:16:02","guid":{"rendered":"https:\/\/fantaisies:8890\/?post_type=product&#038;p=735"},"modified":"2025-06-29T21:16:13","modified_gmt":"2025-06-30T01:16:13","slug":"livstrong-supplement-au-pollen-dabeilles-allergies-saisonnieres","status":"publish","type":"product","link":"https:\/\/fantaisiescaninfelin.com\/?product=livstrong-supplement-au-pollen-dabeilles-allergies-saisonnieres","title":{"rendered":"Livstrong suppl\u00e9ment au pollen d\u2019abeilles (allergies saisonni\u00e8res)"},"content":{"rendered":"<p>Le suppl\u00e9ment est compos\u00e9s de granul\u00e9 d&rsquo;abeille: elles permettent de r\u00e9duire tout les sympt\u00f4mes d&rsquo;allergies saisonni\u00e8res et les r\u00e9actions allergiques. Elles contiennent des acides gras dont les omega-3-6 qui sont excellent pour une peau et un pelage en sant\u00e9. Elles sont aussi de super antioxydants<\/p>\n<p>Format 150gr<\/p>\n<p>\u2b50\ufe0f Tr\u00e8s important d&rsquo;avoir fait un test sur les allergies d&rsquo;abeille avant d&rsquo;utiliser ce produit<\/p>\n","protected":false},"excerpt":{"rendered":"<p>Le suppl\u00e9ment est compos\u00e9s de granul\u00e9 d&rsquo;abeille: elles permettent de r\u00e9duire tout les sympt\u00f4mes d&rsquo;allergies saisonni\u00e8res et les r\u00e9actions allergiques&#8230;.<\/p>\n","protected":false},"featured_media":736,"comment_status":"open","ping_status":"closed","template":"","meta":{"advanced_seo_description":"","jetpack_seo_html_title":"","jetpack_seo_noindex":false},"product_brand":[],"product_cat":[22,27,28],"product_tag":[43],"class_list":{"0":"post-735","1":"product","2":"type-product","3":"status-publish","4":"has-post-thumbnail","6":"product_cat-inconfort-quotidiens","7":"product_cat-non-classe","8":"product_cat-peau-pelage","9":"product_tag-noel","11":"first","12":"outofstock","13":"taxable","14":"shipping-taxable","15":"purchasable","16":"product-type-simple"},"jetpack_sharing_enabled":true,"_links":{"self":[{"href":"https:\/\/fantaisiescaninfelin.com\/index.php?rest_route=\/wp\/v2\/product\/735","targetHints":{"allow":["GET"]}}],"collection":[{"href":"https:\/\/fantaisiescaninfelin.com\/index.php?rest_route=\/wp\/v2\/product"}],"about":[{"href":"https:\/\/fantaisiescaninfelin.com\/index.php?rest_route=\/wp\/v2\/types\/product"}],"replies":[{"embeddable":true,"href":"https:\/\/fantaisiescaninfelin.com\/index.php?rest_route=%2Fwp%2Fv2%2Fcomments&post=735"}],"wp:featuredmedia":[{"embeddable":true,"href":"https:\/\/fantaisiescaninfelin.com\/index.php?rest_route=\/wp\/v2\/media\/736"}],"wp:attachment":[{"href":"https:\/\/fantaisiescaninfelin.com\/index.php?rest_route=%2Fwp%2Fv2%2Fmedia&parent=735"}],"wp:term":[{"taxonomy":"product_brand","embeddable":true,"href":"https:\/\/fantaisiescaninfelin.com\/index.php?rest_route=%2Fwp%2Fv2%2Fproduct_brand&post=735"},{"taxonomy":"product_cat","embeddable":true,"href":"https:\/\/fantaisiescaninfelin.com\/index.php?rest_route=%2Fwp%2Fv2%2Fproduct_cat&post=735"},{"taxonomy":"product_tag","embeddable":true,"href":"https:\/\/fantaisiescaninfelin.com\/index.php?rest_route=%2Fwp%2Fv2%2Fproduct_tag&post=735"}],"curies":[{"name":"wp","href":"https:\/\/api.w.org\/{rel}","templated":true}]}}