{"id":737,"date":"2024-09-15T21:16:04","date_gmt":"2024-09-16T01:16:04","guid":{"rendered":"https:\/\/fantaisies:8890\/?post_type=product&#038;p=737"},"modified":"2025-10-24T17:52:36","modified_gmt":"2025-10-24T21:52:36","slug":"livstrong-supplement-a-la-moule-verte-pour-les-articulations","status":"publish","type":"product","link":"https:\/\/fantaisiescaninfelin.com\/?product=livstrong-supplement-a-la-moule-verte-pour-les-articulations","title":{"rendered":"Livstrong suppl\u00e9ment \u00e0 la moule verte pour les articulations"},"content":{"rendered":"<p>Ce suppl\u00e9ment est compos\u00e9 de moule verte de la Nouvelle-Z\u00e9lande. Cette moule aide \u00e0 maintenir des articulations et des hanches saines. Elle est puissante en source compl\u00e8te d&rsquo;antioxydants et acide gras notamment le sulfate de glucose mine,la chondro\u00eftine et les om\u00e9gas 3 .<\/p>\n<p>Format 150 gr<\/p>\n<p>produit compatible sur les chats et les chiens<\/p>\n","protected":false},"excerpt":{"rendered":"<p>Ce suppl\u00e9ment est compos\u00e9 de moule verte de la Nouvelle-Z\u00e9lande. Cette moule aide \u00e0 maintenir des articulations et des hanches&#8230;<\/p>\n","protected":false},"featured_media":738,"comment_status":"open","ping_status":"closed","template":"","meta":{"advanced_seo_description":"","jetpack_seo_html_title":"","jetpack_seo_noindex":false},"product_brand":[],"product_cat":[22,24,20,27],"product_tag":[],"class_list":{"0":"post-737","1":"product","2":"type-product","3":"status-publish","4":"has-post-thumbnail","6":"product_cat-inconfort-quotidiens","7":"product_cat-les-articulations","8":"product_cat-miaou","9":"product_cat-non-classe","11":"first","12":"outofstock","13":"taxable","14":"shipping-taxable","15":"purchasable","16":"product-type-simple"},"jetpack_sharing_enabled":true,"_links":{"self":[{"href":"https:\/\/fantaisiescaninfelin.com\/index.php?rest_route=\/wp\/v2\/product\/737","targetHints":{"allow":["GET"]}}],"collection":[{"href":"https:\/\/fantaisiescaninfelin.com\/index.php?rest_route=\/wp\/v2\/product"}],"about":[{"href":"https:\/\/fantaisiescaninfelin.com\/index.php?rest_route=\/wp\/v2\/types\/product"}],"replies":[{"embeddable":true,"href":"https:\/\/fantaisiescaninfelin.com\/index.php?rest_route=%2Fwp%2Fv2%2Fcomments&post=737"}],"wp:featuredmedia":[{"embeddable":true,"href":"https:\/\/fantaisiescaninfelin.com\/index.php?rest_route=\/wp\/v2\/media\/738"}],"wp:attachment":[{"href":"https:\/\/fantaisiescaninfelin.com\/index.php?rest_route=%2Fwp%2Fv2%2Fmedia&parent=737"}],"wp:term":[{"taxonomy":"product_brand","embeddable":true,"href":"https:\/\/fantaisiescaninfelin.com\/index.php?rest_route=%2Fwp%2Fv2%2Fproduct_brand&post=737"},{"taxonomy":"product_cat","embeddable":true,"href":"https:\/\/fantaisiescaninfelin.com\/index.php?rest_route=%2Fwp%2Fv2%2Fproduct_cat&post=737"},{"taxonomy":"product_tag","embeddable":true,"href":"https:\/\/fantaisiescaninfelin.com\/index.php?rest_route=%2Fwp%2Fv2%2Fproduct_tag&post=737"}],"curies":[{"name":"wp","href":"https:\/\/api.w.org\/{rel}","templated":true}]}}