{"id":762,"date":"2024-09-15T21:16:48","date_gmt":"2024-09-16T01:16:48","guid":{"rendered":"https:\/\/fantaisies:8890\/?post_type=product&#038;p=762"},"modified":"2025-12-15T15:39:54","modified_gmt":"2025-12-15T20:39:54","slug":"land-sea-garnitures-de-repas-pour-chats-a-la-peau-de-morue-et-herbe-a-chat-25gr","status":"publish","type":"product","link":"https:\/\/fantaisiescaninfelin.com\/?product=land-sea-garnitures-de-repas-pour-chats-a-la-peau-de-morue-et-herbe-a-chat-25gr","title":{"rendered":"Land &amp; Sea garnitures de repas pour chats \u00e0 la peau de morue et herbe \u00e0 chat 25gr"},"content":{"rendered":"<ul>\n<li style=\"margin-top: 0rem;margin-bottom: 1rem\">La mission de Land &amp; Sea est d\u2019utiliser exclusivement des sous-produits de morue de Terre-Neuve-et-Labrador pour cr\u00e9er des produits haut de gamme pour animaux de compagnie.<\/li>\n<li style=\"margin-top: 0rem;margin-bottom: 1rem\">Chaque peau de morue provient d&rsquo;une usine de poisson certifi\u00e9e durable, et est roul\u00e9e \u00e0 la main et s\u00e9ch\u00e9e \u00e0 l\u2019air dans la communaut\u00e9 rurale de Trinity Bonavista Bay.<\/li>\n<li style=\"margin-top: 0rem;margin-bottom: 1rem\">Les peaux de morue, qui sont g\u00e9n\u00e9ralement jet\u00e9es lors du processus de filetage, peuvent \u00eatre essentielles pour fournir aux animaux de compagnie des prot\u00e9ines, des acides gras om\u00e9ga-3 et du collag\u00e8ne, pour une peau, un pelage et des articulations sains.<\/li>\n<li style=\"margin-top: 0rem;margin-bottom: 1rem\">Le suppl\u00e9ment en flocons a \u00e9t\u00e9 combin\u00e9 avec de l&rsquo;herbe \u00e0 chat fra\u00eeche de premi\u00e8re qualit\u00e9 cultiv\u00e9e au Canada, pour un m\u00e9lange sain et stimulant.<\/li>\n<li style=\"margin-top: 0rem;margin-bottom: 1rem\">Utiliser comme garniture de repas pour les chats<\/li>\n<\/ul>\n<p>Format 25gr<\/p>\n<p>Produit fi\u00e8rement canadien<\/p>\n","protected":false},"excerpt":{"rendered":"<p>La mission de Land &amp; Sea est d\u2019utiliser exclusivement des sous-produits de morue de Terre-Neuve-et-Labrador pour cr\u00e9er des produits haut&#8230;<\/p>\n","protected":false},"featured_media":763,"comment_status":"open","ping_status":"closed","template":"","meta":{"advanced_seo_description":"","jetpack_seo_html_title":"","jetpack_seo_noindex":false},"product_brand":[],"product_cat":[20,27,28],"product_tag":[],"class_list":{"0":"post-762","1":"product","2":"type-product","3":"status-publish","4":"has-post-thumbnail","6":"product_cat-miaou","7":"product_cat-non-classe","8":"product_cat-peau-pelage","10":"first","11":"instock","12":"taxable","13":"shipping-taxable","14":"purchasable","15":"product-type-simple"},"jetpack_sharing_enabled":true,"_links":{"self":[{"href":"https:\/\/fantaisiescaninfelin.com\/index.php?rest_route=\/wp\/v2\/product\/762","targetHints":{"allow":["GET"]}}],"collection":[{"href":"https:\/\/fantaisiescaninfelin.com\/index.php?rest_route=\/wp\/v2\/product"}],"about":[{"href":"https:\/\/fantaisiescaninfelin.com\/index.php?rest_route=\/wp\/v2\/types\/product"}],"replies":[{"embeddable":true,"href":"https:\/\/fantaisiescaninfelin.com\/index.php?rest_route=%2Fwp%2Fv2%2Fcomments&post=762"}],"wp:featuredmedia":[{"embeddable":true,"href":"https:\/\/fantaisiescaninfelin.com\/index.php?rest_route=\/wp\/v2\/media\/763"}],"wp:attachment":[{"href":"https:\/\/fantaisiescaninfelin.com\/index.php?rest_route=%2Fwp%2Fv2%2Fmedia&parent=762"}],"wp:term":[{"taxonomy":"product_brand","embeddable":true,"href":"https:\/\/fantaisiescaninfelin.com\/index.php?rest_route=%2Fwp%2Fv2%2Fproduct_brand&post=762"},{"taxonomy":"product_cat","embeddable":true,"href":"https:\/\/fantaisiescaninfelin.com\/index.php?rest_route=%2Fwp%2Fv2%2Fproduct_cat&post=762"},{"taxonomy":"product_tag","embeddable":true,"href":"https:\/\/fantaisiescaninfelin.com\/index.php?rest_route=%2Fwp%2Fv2%2Fproduct_tag&post=762"}],"curies":[{"name":"wp","href":"https:\/\/api.w.org\/{rel}","templated":true}]}}