{"id":764,"date":"2024-09-15T21:16:51","date_gmt":"2024-09-16T01:16:51","guid":{"rendered":"https:\/\/fantaisies:8890\/?post_type=product&#038;p=764"},"modified":"2025-12-28T11:36:11","modified_gmt":"2025-12-28T16:36:11","slug":"land-sea-peau-de-morue-sechee-12-pouces-pour-chien","status":"publish","type":"product","link":"https:\/\/fantaisiescaninfelin.com\/?product=land-sea-peau-de-morue-sechee-12-pouces-pour-chien","title":{"rendered":"Land &amp; Sea Peau de morue s\u00e9ch\u00e9e 12\u00a0pouces pour chien"},"content":{"rendered":"<ul>\n<li style=\"margin-top: 0rem;margin-bottom: 1rem\">La mission de Land &amp; Sea est d\u2019utiliser exclusivement des sous-produits de morue de Terre-Neuve-et-Labrador pour cr\u00e9er des produits haut de gamme pour animaux de compagnie.<\/li>\n<li style=\"margin-top: 0rem;margin-bottom: 1rem\">Chaque peau de morue provient d&rsquo;une usine de poisson certifi\u00e9e durable, et est roul\u00e9e \u00e0 la main et s\u00e9ch\u00e9e \u00e0 l\u2019air dans la communaut\u00e9 rurale de Trinity Bonavista Bay.<\/li>\n<li style=\"margin-top: 0rem;margin-bottom: 1rem\">Les peaux de morue, qui sont g\u00e9n\u00e9ralement jet\u00e9es lors du processus de filetage, peuvent \u00eatre essentielles pour fournir aux animaux de compagnie des prot\u00e9ines, des acides gras om\u00e9ga-3 et du collag\u00e8ne, pour une peau, un pelage et des articulations sains.<\/li>\n<li style=\"margin-top: 0rem;margin-bottom: 1rem\">Les peaux de morue ont un croquant incroyable que votre animal adorera.<\/li>\n<li style=\"margin-top: 0rem;margin-bottom: 1rem\">Les peaux mesurent 12 pouces de long.<\/li>\n<li style=\"margin-top: 0rem;margin-bottom: 1rem\">Emballages z\u00e9ro plastiques.<\/li>\n<\/ul>\n<p>Produit fi\u00e8rement canadien<\/p>\n","protected":false},"excerpt":{"rendered":"<p>La mission de Land &amp; Sea est d\u2019utiliser exclusivement des sous-produits de morue de Terre-Neuve-et-Labrador pour cr\u00e9er des produits haut&#8230;<\/p>\n","protected":false},"featured_media":765,"comment_status":"open","ping_status":"closed","template":"","meta":{"advanced_seo_description":"","jetpack_seo_html_title":"","jetpack_seo_noindex":false},"product_brand":[],"product_cat":[30,27,28],"product_tag":[],"class_list":{"0":"post-764","1":"product","2":"type-product","3":"status-publish","4":"has-post-thumbnail","6":"product_cat-mastication","7":"product_cat-non-classe","8":"product_cat-peau-pelage","10":"first","11":"instock","12":"taxable","13":"shipping-taxable","14":"purchasable","15":"product-type-simple"},"jetpack_sharing_enabled":true,"_links":{"self":[{"href":"https:\/\/fantaisiescaninfelin.com\/index.php?rest_route=\/wp\/v2\/product\/764","targetHints":{"allow":["GET"]}}],"collection":[{"href":"https:\/\/fantaisiescaninfelin.com\/index.php?rest_route=\/wp\/v2\/product"}],"about":[{"href":"https:\/\/fantaisiescaninfelin.com\/index.php?rest_route=\/wp\/v2\/types\/product"}],"replies":[{"embeddable":true,"href":"https:\/\/fantaisiescaninfelin.com\/index.php?rest_route=%2Fwp%2Fv2%2Fcomments&post=764"}],"wp:featuredmedia":[{"embeddable":true,"href":"https:\/\/fantaisiescaninfelin.com\/index.php?rest_route=\/wp\/v2\/media\/765"}],"wp:attachment":[{"href":"https:\/\/fantaisiescaninfelin.com\/index.php?rest_route=%2Fwp%2Fv2%2Fmedia&parent=764"}],"wp:term":[{"taxonomy":"product_brand","embeddable":true,"href":"https:\/\/fantaisiescaninfelin.com\/index.php?rest_route=%2Fwp%2Fv2%2Fproduct_brand&post=764"},{"taxonomy":"product_cat","embeddable":true,"href":"https:\/\/fantaisiescaninfelin.com\/index.php?rest_route=%2Fwp%2Fv2%2Fproduct_cat&post=764"},{"taxonomy":"product_tag","embeddable":true,"href":"https:\/\/fantaisiescaninfelin.com\/index.php?rest_route=%2Fwp%2Fv2%2Fproduct_tag&post=764"}],"curies":[{"name":"wp","href":"https:\/\/api.w.org\/{rel}","templated":true}]}}