{"id":768,"date":"2024-09-15T21:16:55","date_gmt":"2024-09-16T01:16:55","guid":{"rendered":"https:\/\/fantaisies:8890\/?post_type=product&#038;p=768"},"modified":"2025-10-24T17:51:36","modified_gmt":"2025-10-24T21:51:36","slug":"land-sea-supplements-en-flocon-pour-chien-et-chat-peaux-de-morue-os-mous-et-viande-25gr","status":"publish","type":"product","link":"https:\/\/fantaisiescaninfelin.com\/?product=land-sea-supplements-en-flocon-pour-chien-et-chat-peaux-de-morue-os-mous-et-viande-25gr","title":{"rendered":"Land &amp; Sea Suppl\u00e9ments En Flocon Pour Chien Et Chat, Peaux De Morue, Os Mous Et Viande 25gr"},"content":{"rendered":"<ul>\n<li style=\"margin-top: 0rem;margin-bottom: 1rem\">La mission de Land &amp; Sea est d\u2019utiliser exclusivement des sous-produits de morue de Terre-Neuve-et-Labrador pour cr\u00e9er des produits haut de gamme pour animaux de compagnie.<\/li>\n<li style=\"margin-top: 0rem;margin-bottom: 1rem\">Chaque peau de morue provient d&rsquo;une usine de poisson certifi\u00e9e durable, et est roul\u00e9e \u00e0 la main et s\u00e9ch\u00e9e \u00e0 l\u2019air dans la communaut\u00e9 rurale de Trinity Bonavista Bay.<\/li>\n<li style=\"margin-top: 0rem;margin-bottom: 1rem\">Les peaux de morue, qui sont g\u00e9n\u00e9ralement jet\u00e9es lors du processus de filetage, peuvent \u00eatre essentielles pour fournir aux animaux de compagnie des prot\u00e9ines, des acides gras om\u00e9ga-3 et du collag\u00e8ne, pour une peau, un pelage et des articulations sains.<\/li>\n<li style=\"margin-top: 0rem;margin-bottom: 1rem\">Suppl\u00e9ment en flocons enti\u00e8rement naturel issu du processus de sous-produits de morue fra\u00eeche.<\/li>\n<li style=\"margin-top: 0rem;margin-bottom: 1rem\">Peut \u00eatre utilis\u00e9 comme garniture de repas ou sur des tapis de l\u00e9chage pour une stimulation suppl\u00e9mentaire.<\/li>\n<li style=\"margin-top: 0rem;margin-bottom: 1rem\">Fabriqu\u00e9 \u00e0 90 % d&rsquo;os et de chair de morue.<\/li>\n<li style=\"margin-top: 0rem;margin-bottom: 1rem\">Suppl\u00e9ment 100% naturel pour chiens et chats.<\/li>\n<\/ul>\n<p>Produit fi\u00e8rement canadien<\/p>\n<p>\u2b50\ufe0f Astuce : \u00e0 utiliser en garniture pour donner go\u00fbt au repas de votre animal avec ce suppl\u00e9ment de morue qui apporte collag\u00e8ne et om\u00e9ga 3 \ud83d\ude3b<\/p>\n","protected":false},"excerpt":{"rendered":"<p>La mission de Land &amp; Sea est d\u2019utiliser exclusivement des sous-produits de morue de Terre-Neuve-et-Labrador pour cr\u00e9er des produits haut&#8230;<\/p>\n","protected":false},"featured_media":769,"comment_status":"open","ping_status":"closed","template":"","meta":{"advanced_seo_description":"","jetpack_seo_html_title":"","jetpack_seo_noindex":false},"product_brand":[],"product_cat":[18,20,27,28],"product_tag":[43],"class_list":{"0":"post-768","1":"product","2":"type-product","3":"status-publish","4":"has-post-thumbnail","6":"product_cat-fine-gueule","7":"product_cat-miaou","8":"product_cat-non-classe","9":"product_cat-peau-pelage","10":"product_tag-noel","12":"first","13":"outofstock","14":"taxable","15":"shipping-taxable","16":"purchasable","17":"product-type-simple"},"jetpack_sharing_enabled":true,"_links":{"self":[{"href":"https:\/\/fantaisiescaninfelin.com\/index.php?rest_route=\/wp\/v2\/product\/768","targetHints":{"allow":["GET"]}}],"collection":[{"href":"https:\/\/fantaisiescaninfelin.com\/index.php?rest_route=\/wp\/v2\/product"}],"about":[{"href":"https:\/\/fantaisiescaninfelin.com\/index.php?rest_route=\/wp\/v2\/types\/product"}],"replies":[{"embeddable":true,"href":"https:\/\/fantaisiescaninfelin.com\/index.php?rest_route=%2Fwp%2Fv2%2Fcomments&post=768"}],"wp:featuredmedia":[{"embeddable":true,"href":"https:\/\/fantaisiescaninfelin.com\/index.php?rest_route=\/wp\/v2\/media\/769"}],"wp:attachment":[{"href":"https:\/\/fantaisiescaninfelin.com\/index.php?rest_route=%2Fwp%2Fv2%2Fmedia&parent=768"}],"wp:term":[{"taxonomy":"product_brand","embeddable":true,"href":"https:\/\/fantaisiescaninfelin.com\/index.php?rest_route=%2Fwp%2Fv2%2Fproduct_brand&post=768"},{"taxonomy":"product_cat","embeddable":true,"href":"https:\/\/fantaisiescaninfelin.com\/index.php?rest_route=%2Fwp%2Fv2%2Fproduct_cat&post=768"},{"taxonomy":"product_tag","embeddable":true,"href":"https:\/\/fantaisiescaninfelin.com\/index.php?rest_route=%2Fwp%2Fv2%2Fproduct_tag&post=768"}],"curies":[{"name":"wp","href":"https:\/\/api.w.org\/{rel}","templated":true}]}}