{"id":792,"date":"2024-09-16T01:17:30","date_gmt":"2024-09-16T01:17:30","guid":{"rendered":"https:\/\/fantaisies:8890\/?post_type=product&#038;p=792"},"modified":"2024-12-03T00:03:23","modified_gmt":"2024-12-03T05:03:23","slug":"rcpet-harnais-tempo-no-pull-noir","status":"publish","type":"product","link":"https:\/\/fantaisiescaninfelin.com\/?product=rcpet-harnais-tempo-no-pull-noir","title":{"rendered":"Rcpet harnais Tempo no pull noir"},"content":{"rendered":"<ul class=\"a-unordered-list a-vertical a-spacing-mini\">\n<li class=\"a-spacing-mini\" style=\"margin: 0px\"><span class=\"a-list-item\">Deux points de connexion pour un contr\u00f4le ultime<\/span><span class=\"a-list-item\"><span class=\"Apple-converted-space\">&nbsp;<\/span><\/span><\/li>\n<li class=\"a-spacing-mini\" style=\"margin: 0px\"><span class=\"a-list-item\">La boucle martingale arri\u00e8re fournit une pression sur les \u00e9paules pour \u00e9viter de tirer, le point de connexion avant redirige l&rsquo;attention du chien<\/span><span class=\"a-list-item\"><span class=\"Apple-converted-space\">&nbsp;<\/span><\/span><\/li>\n<li class=\"a-spacing-mini\" style=\"margin: 0px\"><span class=\"a-list-item\">Les boucles lat\u00e9rales emp\u00eachent les irritations, 4 points de r\u00e9glage pour emp\u00eacher le harnais de bouger<\/span><span class=\"a-list-item\"><span class=\"Apple-converted-space\">&nbsp;<\/span><\/span><\/li>\n<li class=\"a-spacing-mini\" style=\"margin: 0px\"><span class=\"a-list-item\">Mat\u00e9riel durable r\u00e9sistant \u00e0 l&rsquo;usure et \u00e9tiquette r\u00e9fl\u00e9chissante pour plus de visibilit\u00e9 \u00e0 la tomb\u00e9e de la nuit<\/span><\/li>\n<\/ul>\n<p><span class=\"a-list-item\">Produit <\/span>fi\u00e8rement<span class=\"a-list-item\"> canadien <\/span><\/p>\n<p><span class=\"a-list-item\">Charte des grandeurs :<\/span><\/p>\n<p><span class=\"a-list-item\">M\/M 25-45 lbs<\/span><\/p>\n<p><span class=\"a-list-item\">L\/G 45-75lbs<\/span><\/p>\n<p><span class=\"a-list-item\">XL\/TG 70-110lbs<\/span><\/p>\n","protected":false},"excerpt":{"rendered":"<p>Deux points de connexion pour un contr\u00f4le ultime&nbsp; La boucle martingale arri\u00e8re fournit une pression sur les \u00e9paules pour \u00e9viter&#8230;<\/p>\n","protected":false},"featured_media":793,"comment_status":"open","ping_status":"closed","template":"","meta":{"advanced_seo_description":"","jetpack_seo_html_title":"","jetpack_seo_noindex":false},"product_brand":[],"product_cat":[39,27],"product_tag":[],"class_list":{"0":"post-792","1":"product","2":"type-product","3":"status-publish","4":"has-post-thumbnail","6":"product_cat-mode-canine","7":"product_cat-non-classe","9":"first","10":"instock","11":"taxable","12":"shipping-taxable","13":"purchasable","14":"product-type-variable","15":"has-default-attributes"},"jetpack_sharing_enabled":true,"_links":{"self":[{"href":"https:\/\/fantaisiescaninfelin.com\/index.php?rest_route=\/wp\/v2\/product\/792","targetHints":{"allow":["GET"]}}],"collection":[{"href":"https:\/\/fantaisiescaninfelin.com\/index.php?rest_route=\/wp\/v2\/product"}],"about":[{"href":"https:\/\/fantaisiescaninfelin.com\/index.php?rest_route=\/wp\/v2\/types\/product"}],"replies":[{"embeddable":true,"href":"https:\/\/fantaisiescaninfelin.com\/index.php?rest_route=%2Fwp%2Fv2%2Fcomments&post=792"}],"wp:featuredmedia":[{"embeddable":true,"href":"https:\/\/fantaisiescaninfelin.com\/index.php?rest_route=\/wp\/v2\/media\/793"}],"wp:attachment":[{"href":"https:\/\/fantaisiescaninfelin.com\/index.php?rest_route=%2Fwp%2Fv2%2Fmedia&parent=792"}],"wp:term":[{"taxonomy":"product_brand","embeddable":true,"href":"https:\/\/fantaisiescaninfelin.com\/index.php?rest_route=%2Fwp%2Fv2%2Fproduct_brand&post=792"},{"taxonomy":"product_cat","embeddable":true,"href":"https:\/\/fantaisiescaninfelin.com\/index.php?rest_route=%2Fwp%2Fv2%2Fproduct_cat&post=792"},{"taxonomy":"product_tag","embeddable":true,"href":"https:\/\/fantaisiescaninfelin.com\/index.php?rest_route=%2Fwp%2Fv2%2Fproduct_tag&post=792"}],"curies":[{"name":"wp","href":"https:\/\/api.w.org\/{rel}","templated":true}]}}