{"id":847,"date":"2024-09-15T21:18:58","date_gmt":"2024-09-16T01:18:58","guid":{"rendered":"https:\/\/fantaisies:8890\/?post_type=product&#038;p=847"},"modified":"2025-08-20T10:17:13","modified_gmt":"2025-08-20T14:17:13","slug":"purodora-brumisateurs-de-neutralisant-dodeurs-peau-sensible","status":"publish","type":"product","link":"https:\/\/fantaisiescaninfelin.com\/?product=purodora-brumisateurs-de-neutralisant-dodeurs-peau-sensible","title":{"rendered":"Purodora Brumisateurs de neutralisant d\u2019odeurs peau sensible"},"content":{"rendered":"<ul>\n<li style=\"margin-top: 0rem;margin-bottom: 1rem\">Entre deux shampoings, vous aimeriez \u00e9liminer la mauvaise odeur de poils mouill\u00e9s sur votre animal \u00e0 la peau sensible?<\/li>\n<li style=\"margin-top: 0rem;margin-bottom: 1rem\">Ce neutralisant d&rsquo;odeurs, fait \u00e0 base d\u2019huile et de prot\u00e9ine de riz, favorise l&rsquo;hydratation et redonne douceur et brillance au pelage de l\u2019animal tout en respectant son pH.<\/li>\n<li style=\"margin-top: 0rem;margin-bottom: 1rem\">Facile et rapide : vaporiser, masser et laisser agir! Sans rin\u00e7age.<\/li>\n<li style=\"margin-top: 0rem;margin-bottom: 1rem\">Il neutralise les odeurs du quotidien facilement et s\u00e9curitairement.<\/li>\n<li style=\"margin-top: 0rem;margin-bottom: 1rem\">Votre petit sensible d\u00e9gagera une douce odeur d&rsquo;alo\u00e8s et de th\u00e9 blanc!<\/li>\n<\/ul>\n<p>Produit fi\u00e8rement qu\u00e9b\u00e9cois<\/p>\n<p>Format 237ml<\/p>\n","protected":false},"excerpt":{"rendered":"<p>Entre deux shampoings, vous aimeriez \u00e9liminer la mauvaise odeur de poils mouill\u00e9s sur votre animal \u00e0 la peau sensible? Ce&#8230;<\/p>\n","protected":false},"featured_media":848,"comment_status":"open","ping_status":"closed","template":"","meta":{"advanced_seo_description":"","jetpack_seo_html_title":"","jetpack_seo_noindex":false},"product_brand":[],"product_cat":[40,27],"product_tag":[],"class_list":{"0":"post-847","1":"product","2":"type-product","3":"status-publish","4":"has-post-thumbnail","6":"product_cat-beaute-canine","7":"product_cat-non-classe","9":"first","10":"outofstock","11":"taxable","12":"shipping-taxable","13":"purchasable","14":"product-type-simple"},"jetpack_sharing_enabled":true,"_links":{"self":[{"href":"https:\/\/fantaisiescaninfelin.com\/index.php?rest_route=\/wp\/v2\/product\/847","targetHints":{"allow":["GET"]}}],"collection":[{"href":"https:\/\/fantaisiescaninfelin.com\/index.php?rest_route=\/wp\/v2\/product"}],"about":[{"href":"https:\/\/fantaisiescaninfelin.com\/index.php?rest_route=\/wp\/v2\/types\/product"}],"replies":[{"embeddable":true,"href":"https:\/\/fantaisiescaninfelin.com\/index.php?rest_route=%2Fwp%2Fv2%2Fcomments&post=847"}],"wp:featuredmedia":[{"embeddable":true,"href":"https:\/\/fantaisiescaninfelin.com\/index.php?rest_route=\/wp\/v2\/media\/848"}],"wp:attachment":[{"href":"https:\/\/fantaisiescaninfelin.com\/index.php?rest_route=%2Fwp%2Fv2%2Fmedia&parent=847"}],"wp:term":[{"taxonomy":"product_brand","embeddable":true,"href":"https:\/\/fantaisiescaninfelin.com\/index.php?rest_route=%2Fwp%2Fv2%2Fproduct_brand&post=847"},{"taxonomy":"product_cat","embeddable":true,"href":"https:\/\/fantaisiescaninfelin.com\/index.php?rest_route=%2Fwp%2Fv2%2Fproduct_cat&post=847"},{"taxonomy":"product_tag","embeddable":true,"href":"https:\/\/fantaisiescaninfelin.com\/index.php?rest_route=%2Fwp%2Fv2%2Fproduct_tag&post=847"}],"curies":[{"name":"wp","href":"https:\/\/api.w.org\/{rel}","templated":true}]}}