{"id":849,"date":"2024-09-15T21:19:00","date_gmt":"2024-09-16T01:19:00","guid":{"rendered":"https:\/\/fantaisies:8890\/?post_type=product&#038;p=849"},"modified":"2025-02-07T18:30:49","modified_gmt":"2025-02-07T23:30:49","slug":"purodora-neutralisant-dodeurs-pour-poil-frise","status":"publish","type":"product","link":"https:\/\/fantaisiescaninfelin.com\/?product=purodora-neutralisant-dodeurs-pour-poil-frise","title":{"rendered":"Purodora neutralisant d\u2019odeurs pour poil fris\u00e9"},"content":{"rendered":"<ul>\n<li style=\"margin-top: 0rem;margin-bottom: 1rem\">Entre deux shampoings, vous aimeriez \u00e9liminer la mauvaise odeur de poils mouill\u00e9s sur votre animal \u00e0 poils fris\u00e9s?<\/li>\n<li style=\"margin-top: 0rem;margin-bottom: 1rem\">Ce neutralisant d&rsquo;odeurs, fait \u00e0 base d\u2019huile d\u2019olive et de prot\u00e9ine de baobab, favorise l\u2019hydratation et redonne douceur et souplesse au pelage fris\u00e9 de l\u2019animal tout en respectant le pH de la peau.<\/li>\n<li style=\"margin-top: 0rem;margin-bottom: 1rem\">Laisse un parfum frais de pamplemousse et de goyave sur le pelage pendant plusieurs jours.<\/li>\n<li style=\"margin-top: 0rem;margin-bottom: 1rem\">Facile et rapide : vaporiser, masser et laisser agir! Sans rin\u00e7age.<\/li>\n<li style=\"margin-top: 0rem;margin-bottom: 1rem\">Il neutralise les odeurs du quotidien facilement et s\u00e9curitairement. Votre petit ou grand fris\u00e9 n&rsquo;attendra que vos calins!<\/li>\n<\/ul>\n<p>Produit fi\u00e8rement qu\u00e9b\u00e9cois<\/p>\n<p>Format 237 ml<\/p>\n","protected":false},"excerpt":{"rendered":"<p>Entre deux shampoings, vous aimeriez \u00e9liminer la mauvaise odeur de poils mouill\u00e9s sur votre animal \u00e0 poils fris\u00e9s? Ce neutralisant&#8230;<\/p>\n","protected":false},"featured_media":850,"comment_status":"open","ping_status":"closed","template":"","meta":{"advanced_seo_description":"","jetpack_seo_html_title":"","jetpack_seo_noindex":false},"product_brand":[],"product_cat":[40,27],"product_tag":[],"class_list":{"0":"post-849","1":"product","2":"type-product","3":"status-publish","4":"has-post-thumbnail","6":"product_cat-beaute-canine","7":"product_cat-non-classe","9":"first","10":"outofstock","11":"taxable","12":"shipping-taxable","13":"purchasable","14":"product-type-simple"},"jetpack_sharing_enabled":true,"_links":{"self":[{"href":"https:\/\/fantaisiescaninfelin.com\/index.php?rest_route=\/wp\/v2\/product\/849","targetHints":{"allow":["GET"]}}],"collection":[{"href":"https:\/\/fantaisiescaninfelin.com\/index.php?rest_route=\/wp\/v2\/product"}],"about":[{"href":"https:\/\/fantaisiescaninfelin.com\/index.php?rest_route=\/wp\/v2\/types\/product"}],"replies":[{"embeddable":true,"href":"https:\/\/fantaisiescaninfelin.com\/index.php?rest_route=%2Fwp%2Fv2%2Fcomments&post=849"}],"wp:featuredmedia":[{"embeddable":true,"href":"https:\/\/fantaisiescaninfelin.com\/index.php?rest_route=\/wp\/v2\/media\/850"}],"wp:attachment":[{"href":"https:\/\/fantaisiescaninfelin.com\/index.php?rest_route=%2Fwp%2Fv2%2Fmedia&parent=849"}],"wp:term":[{"taxonomy":"product_brand","embeddable":true,"href":"https:\/\/fantaisiescaninfelin.com\/index.php?rest_route=%2Fwp%2Fv2%2Fproduct_brand&post=849"},{"taxonomy":"product_cat","embeddable":true,"href":"https:\/\/fantaisiescaninfelin.com\/index.php?rest_route=%2Fwp%2Fv2%2Fproduct_cat&post=849"},{"taxonomy":"product_tag","embeddable":true,"href":"https:\/\/fantaisiescaninfelin.com\/index.php?rest_route=%2Fwp%2Fv2%2Fproduct_tag&post=849"}],"curies":[{"name":"wp","href":"https:\/\/api.w.org\/{rel}","templated":true}]}}