{"id":851,"date":"2024-09-15T21:19:03","date_gmt":"2024-09-16T01:19:03","guid":{"rendered":"https:\/\/fantaisies:8890\/?post_type=product&#038;p=851"},"modified":"2025-02-07T20:18:53","modified_gmt":"2025-02-08T01:18:53","slug":"purodora-brumisateurs-de-neutralisant-dodeurs-pour-poil-court-long","status":"publish","type":"product","link":"https:\/\/fantaisiescaninfelin.com\/?product=purodora-brumisateurs-de-neutralisant-dodeurs-pour-poil-court-long","title":{"rendered":"Purodora Brumisateurs de neutralisant d\u2019odeurs pour poil court \/long"},"content":{"rendered":"<ul>\n<li style=\"margin-top: 0rem;margin-bottom: 1rem\">Entre deux shampoings, vous aimeriez \u00e9liminer la mauvaise odeur de poils mouill\u00e9s sur votre animal \u00e0 poils longs?<\/li>\n<li style=\"margin-top: 0rem;margin-bottom: 1rem\">Ce neutralisant d&rsquo;odeurs, fait \u00e0 base d\u2019huile d\u2019avocat et de prot\u00e9ine d\u2019orge, neutralise les odeurs du quotidien facilement et s\u00e9curitairement.<\/li>\n<li style=\"margin-top: 0rem;margin-bottom: 1rem\">Il hydrate, revitalise et donne du corps au pelage long de l\u2019animal. Il redonne douceur et brillance tout en respectant le pH.<\/li>\n<li style=\"margin-top: 0rem;margin-bottom: 1rem\">Facile et rapide : vaporiser, masser et laisser agir! Sans rin\u00e7age.<\/li>\n<li style=\"margin-top: 0rem;margin-bottom: 1rem\">Attention! Vous aurez le go\u00fbt de c\u00e2liner sans cesse votre bel animal poilu car il sentira tellement bon!<\/li>\n<li style=\"margin-top: 0rem;margin-bottom: 1rem\">Merci \u00e0 la douce senteur de th\u00e9 blanc.<\/li>\n<\/ul>\n<p>Format 237 ml<\/p>\n<p>Produit fi\u00e8rement qu\u00e9b\u00e9cois<\/p>\n","protected":false},"excerpt":{"rendered":"<p>Entre deux shampoings, vous aimeriez \u00e9liminer la mauvaise odeur de poils mouill\u00e9s sur votre animal \u00e0 poils longs? Ce neutralisant&#8230;<\/p>\n","protected":false},"featured_media":852,"comment_status":"open","ping_status":"closed","template":"","meta":{"advanced_seo_description":"","jetpack_seo_html_title":"","jetpack_seo_noindex":false},"product_brand":[],"product_cat":[40,27],"product_tag":[],"class_list":{"0":"post-851","1":"product","2":"type-product","3":"status-publish","4":"has-post-thumbnail","6":"product_cat-beaute-canine","7":"product_cat-non-classe","9":"first","10":"outofstock","11":"taxable","12":"shipping-taxable","13":"purchasable","14":"product-type-simple"},"jetpack_sharing_enabled":true,"_links":{"self":[{"href":"https:\/\/fantaisiescaninfelin.com\/index.php?rest_route=\/wp\/v2\/product\/851","targetHints":{"allow":["GET"]}}],"collection":[{"href":"https:\/\/fantaisiescaninfelin.com\/index.php?rest_route=\/wp\/v2\/product"}],"about":[{"href":"https:\/\/fantaisiescaninfelin.com\/index.php?rest_route=\/wp\/v2\/types\/product"}],"replies":[{"embeddable":true,"href":"https:\/\/fantaisiescaninfelin.com\/index.php?rest_route=%2Fwp%2Fv2%2Fcomments&post=851"}],"wp:featuredmedia":[{"embeddable":true,"href":"https:\/\/fantaisiescaninfelin.com\/index.php?rest_route=\/wp\/v2\/media\/852"}],"wp:attachment":[{"href":"https:\/\/fantaisiescaninfelin.com\/index.php?rest_route=%2Fwp%2Fv2%2Fmedia&parent=851"}],"wp:term":[{"taxonomy":"product_brand","embeddable":true,"href":"https:\/\/fantaisiescaninfelin.com\/index.php?rest_route=%2Fwp%2Fv2%2Fproduct_brand&post=851"},{"taxonomy":"product_cat","embeddable":true,"href":"https:\/\/fantaisiescaninfelin.com\/index.php?rest_route=%2Fwp%2Fv2%2Fproduct_cat&post=851"},{"taxonomy":"product_tag","embeddable":true,"href":"https:\/\/fantaisiescaninfelin.com\/index.php?rest_route=%2Fwp%2Fv2%2Fproduct_tag&post=851"}],"curies":[{"name":"wp","href":"https:\/\/api.w.org\/{rel}","templated":true}]}}