{"id":855,"date":"2024-09-15T21:19:08","date_gmt":"2024-09-16T01:19:08","guid":{"rendered":"https:\/\/fantaisies:8890\/?post_type=product&#038;p=855"},"modified":"2025-12-28T11:30:35","modified_gmt":"2025-12-28T16:30:35","slug":"first-choice-nourriture-hyppoallergene-au-canard-sans-grains-pour-chien","status":"publish","type":"product","link":"https:\/\/fantaisiescaninfelin.com\/?product=first-choice-nourriture-hyppoallergene-au-canard-sans-grains-pour-chien","title":{"rendered":"First choice nourriture hyppoallergene au canard sans grains pour chien"},"content":{"rendered":"<ul>\n<li style=\"margin-top: 0rem;margin-bottom: 1rem\">D\u00e9velopp\u00e9es par des experts en nutrition, la gamme 1st Choice r\u00e9pond aux besoins de sant\u00e9 sp\u00e9cifiques de votre animal et aux diff\u00e9rents stades de sa vie.<\/li>\n<li style=\"margin-top: 0rem;margin-bottom: 1rem\">Les formules 1st Choice sont fabriqu\u00e9es \u00e0 partir d\u2019ingr\u00e9dients de qualit\u00e9 sup\u00e9rieure, sans aucun sous-produit de viande.<\/li>\n<li style=\"margin-top: 0rem;margin-bottom: 1rem\">La formule HYPOALLERG\u00c8NE \u00e0 base de canard a \u00e9t\u00e9 con\u00e7ue pour r\u00e9pondre aux besoins des chiens adultes qui ont des allergies, des intol\u00e9rances alimentaires ou qui doivent \u00e9viter les grains.<\/li>\n<li style=\"margin-top: 0rem;margin-bottom: 1rem\">Afin d\u2019obtenir une nourriture qui est douce pour leur estomac, notre \u00e9quipe d\u2019experts en nutrition animale s\u2019est assur\u00e9e de choisir des ingr\u00e9dients qui se dig\u00e8rent facilement et qui suscitent peu de r\u00e9actions allergiques.<\/li>\n<li style=\"margin-top: 0rem;margin-bottom: 1rem\">De plus, cette formule renferme notre \u00c9quilibre de Fibres Pr\u00e9biotiques.<\/li>\n<li style=\"margin-top: 0rem;margin-bottom: 1rem\">Le ratio de fibres solubles et insolubles favorise la sant\u00e9 intestinale afin que les chiens se sentent bien et pleins d\u2019\u00e9nergie!<\/li>\n<li style=\"margin-top: 0rem;margin-bottom: 1rem\">Chaque croquette offre un apport optimal en fibres pr\u00e9biotiques contribuant \u00e0 nourrir la flore intestinale.<\/li>\n<li style=\"margin-top: 0rem;margin-bottom: 1rem\">Pour une meilleure sant\u00e9 digestive au quotidien, un syst\u00e8me immunitaire fort et une vitalit\u00e9 accrue.<\/li>\n<li style=\"margin-top: 0rem;margin-bottom: 1rem\">Votre animal m\u00e9rite de manger Qu\u00e9b\u00e9cois!<\/li>\n<\/ul>\n<p>Format 24,2lbs<\/p>\n","protected":false},"excerpt":{"rendered":"<p>D\u00e9velopp\u00e9es par des experts en nutrition, la gamme 1st Choice r\u00e9pond aux besoins de sant\u00e9 sp\u00e9cifiques de votre animal et&#8230;<\/p>\n","protected":false},"featured_media":856,"comment_status":"open","ping_status":"closed","template":"","meta":{"advanced_seo_description":"","jetpack_seo_html_title":"","jetpack_seo_noindex":false},"product_brand":[],"product_cat":[23,27,16,28],"product_tag":[43],"class_list":{"0":"post-855","1":"product","2":"type-product","3":"status-publish","4":"has-post-thumbnail","6":"product_cat-digestion","7":"product_cat-non-classe","8":"product_cat-nourriture","9":"product_cat-peau-pelage","10":"product_tag-noel","12":"first","13":"instock","14":"taxable","15":"shipping-taxable","16":"purchasable","17":"product-type-variable"},"jetpack_sharing_enabled":true,"_links":{"self":[{"href":"https:\/\/fantaisiescaninfelin.com\/index.php?rest_route=\/wp\/v2\/product\/855","targetHints":{"allow":["GET"]}}],"collection":[{"href":"https:\/\/fantaisiescaninfelin.com\/index.php?rest_route=\/wp\/v2\/product"}],"about":[{"href":"https:\/\/fantaisiescaninfelin.com\/index.php?rest_route=\/wp\/v2\/types\/product"}],"replies":[{"embeddable":true,"href":"https:\/\/fantaisiescaninfelin.com\/index.php?rest_route=%2Fwp%2Fv2%2Fcomments&post=855"}],"wp:featuredmedia":[{"embeddable":true,"href":"https:\/\/fantaisiescaninfelin.com\/index.php?rest_route=\/wp\/v2\/media\/856"}],"wp:attachment":[{"href":"https:\/\/fantaisiescaninfelin.com\/index.php?rest_route=%2Fwp%2Fv2%2Fmedia&parent=855"}],"wp:term":[{"taxonomy":"product_brand","embeddable":true,"href":"https:\/\/fantaisiescaninfelin.com\/index.php?rest_route=%2Fwp%2Fv2%2Fproduct_brand&post=855"},{"taxonomy":"product_cat","embeddable":true,"href":"https:\/\/fantaisiescaninfelin.com\/index.php?rest_route=%2Fwp%2Fv2%2Fproduct_cat&post=855"},{"taxonomy":"product_tag","embeddable":true,"href":"https:\/\/fantaisiescaninfelin.com\/index.php?rest_route=%2Fwp%2Fv2%2Fproduct_tag&post=855"}],"curies":[{"name":"wp","href":"https:\/\/api.w.org\/{rel}","templated":true}]}}