{"id":861,"date":"2024-09-16T01:19:15","date_gmt":"2024-09-16T01:19:15","guid":{"rendered":"https:\/\/fantaisies:8890\/?post_type=product&#038;p=861"},"modified":"2025-04-13T11:01:24","modified_gmt":"2025-04-13T15:01:24","slug":"redbarn-sabot-de-vache","status":"publish","type":"product","link":"https:\/\/fantaisiescaninfelin.com\/?product=redbarn-sabot-de-vache","title":{"rendered":"Redbarn Sabot de vache"},"content":{"rendered":"<ul>\n<li style=\"margin-top: 0rem;margin-bottom: 1rem\">Les chiens ne semblent pas pouvoir garder leurs pattes \u00e9loign\u00e9es des sabots de vache naturels de Redbarn. C&rsquo;est probablement parce que ces produits \u00e0 m\u00e2cher durent longtemps sans avoir besoin d&rsquo;ingr\u00e9dients ajout\u00e9s.<\/li>\n<li style=\"margin-top: 0rem;margin-bottom: 1rem\">Pourquoi ? Tout est question de texture. Fabriqu\u00e9 \u00e0 partir de sabots nettoy\u00e9s et par\u00e9s, ce produit \u00e0 m\u00e2cher enti\u00e8rement naturel a une forme unique qui est suffisamment durable et agr\u00e9able au go\u00fbt pour que les m\u00e2cheurs difficiles puissent en profiter sans craindre de perdre rapidement leur int\u00e9r\u00eat.<\/li>\n<li style=\"margin-top: 0rem;margin-bottom: 1rem\">Au lieu que votre chien mordille les pattes de votre table \u00e0 manger, il vous suppliera pour des sabots. Les sabots naturels de Redbarn ne sont pas seulement anti-ennui, ils sont \u00e9galement un excellent r\u00e9gal pour promouvoir des sourires sains en grattant doucement les accumulations et en massant les gencives.<\/li>\n<li style=\"margin-top: 0rem;margin-bottom: 1rem\">Ils sont \u00e9galement une source naturellement \u00e9lev\u00e9e de prot\u00e9ines, sans grains ni gluten, non gras et ne tachent pas.<\/li>\n<li style=\"margin-top: 0rem;margin-bottom: 1rem\">Rien de mieux qu&rsquo;une mastication simple \u00e0 ingr\u00e9dient unique, amusante et sans prise de t\u00eate.<\/li>\n<\/ul>\n<p>\u2b50\ufe0f Toujours avoir une supervision lors des s\u00e9ances de mastication<\/p>\n","protected":false},"excerpt":{"rendered":"<p>Les chiens ne semblent pas pouvoir garder leurs pattes \u00e9loign\u00e9es des sabots de vache naturels de Redbarn. C&rsquo;est probablement parce&#8230;<\/p>\n","protected":false},"featured_media":862,"comment_status":"open","ping_status":"closed","template":"","meta":{"advanced_seo_description":"","jetpack_seo_html_title":"","jetpack_seo_noindex":false},"product_brand":[],"product_cat":[30,27],"product_tag":[],"class_list":{"0":"post-861","1":"product","2":"type-product","3":"status-publish","4":"has-post-thumbnail","6":"product_cat-mastication","7":"product_cat-non-classe","9":"first","10":"instock","11":"taxable","12":"shipping-taxable","13":"purchasable","14":"product-type-simple"},"jetpack_sharing_enabled":true,"_links":{"self":[{"href":"https:\/\/fantaisiescaninfelin.com\/index.php?rest_route=\/wp\/v2\/product\/861","targetHints":{"allow":["GET"]}}],"collection":[{"href":"https:\/\/fantaisiescaninfelin.com\/index.php?rest_route=\/wp\/v2\/product"}],"about":[{"href":"https:\/\/fantaisiescaninfelin.com\/index.php?rest_route=\/wp\/v2\/types\/product"}],"replies":[{"embeddable":true,"href":"https:\/\/fantaisiescaninfelin.com\/index.php?rest_route=%2Fwp%2Fv2%2Fcomments&post=861"}],"wp:featuredmedia":[{"embeddable":true,"href":"https:\/\/fantaisiescaninfelin.com\/index.php?rest_route=\/wp\/v2\/media\/862"}],"wp:attachment":[{"href":"https:\/\/fantaisiescaninfelin.com\/index.php?rest_route=%2Fwp%2Fv2%2Fmedia&parent=861"}],"wp:term":[{"taxonomy":"product_brand","embeddable":true,"href":"https:\/\/fantaisiescaninfelin.com\/index.php?rest_route=%2Fwp%2Fv2%2Fproduct_brand&post=861"},{"taxonomy":"product_cat","embeddable":true,"href":"https:\/\/fantaisiescaninfelin.com\/index.php?rest_route=%2Fwp%2Fv2%2Fproduct_cat&post=861"},{"taxonomy":"product_tag","embeddable":true,"href":"https:\/\/fantaisiescaninfelin.com\/index.php?rest_route=%2Fwp%2Fv2%2Fproduct_tag&post=861"}],"curies":[{"name":"wp","href":"https:\/\/api.w.org\/{rel}","templated":true}]}}