{"id":877,"date":"2024-09-15T21:19:32","date_gmt":"2024-09-16T01:19:32","guid":{"rendered":"https:\/\/fantaisies:8890\/?post_type=product&#038;p=877"},"modified":"2025-08-20T10:17:14","modified_gmt":"2025-08-20T14:17:14","slug":"woof-shampoing-fleur-daloes-et-calendula","status":"publish","type":"product","link":"https:\/\/fantaisiescaninfelin.com\/?product=woof-shampoing-fleur-daloes-et-calendula","title":{"rendered":"Woof Shampoing fleur d\u2019alo\u00e8s et calendula"},"content":{"rendered":"<p><strong style=\"padding: 0px;margin: 0px;font-weight: 700;font-family: Tahoma, Geneva, sans-serif;font-size: 18px;font-style: normal;letter-spacing: normal;text-align: start;text-indent: 0px;text-transform: none;text-decoration: none;background-repeat: no-repeat no-repeat\">Fleur d\u2019alo\u00e8s et calendula, pour les chiots ou les chiens \u00e0 peau&nbsp;sensible.&nbsp;<\/p>\n<p>La fleur de calendula est reconnue pour ses propri\u00e9t\u00e9s cicatrisantes et antibact\u00e9riennes. Elle soulage les inflammations et les irritations de la peau. L\u2019aloe vera hydrate et est riche en vitamines A, C et E qui favorisent des poils plus sains et plus brillants. La vitamine B5 est un nutriment qui renforce et am\u00e9liore la texture du pelage.<\/strong><\/p>\n<p>Les avantages :<\/p>\n<ul style=\"padding: 0px 0px 0px 24px;margin: 0px;font-family: Roboto, sans-serif;font-size: 13px;font-style: normal;font-weight: 400;letter-spacing: normal;text-align: start;text-indent: 0px;text-transform: none;text-decoration: none;background-repeat: no-repeat no-repeat\">\n<li style=\"padding: 0px;margin: 0px;background-repeat: no-repeat no-repeat\"><span style=\"padding: 0px;margin: 0px;font-size: 18px;background-repeat: no-repeat no-repeat\"><span style=\"padding: 0px;margin: 0px;font-family: Tahoma, Geneva, sans-serif;background-repeat: no-repeat no-repeat\">Fait d\u2019une base d\u2019excellente qualit\u00e9, 100 % v\u00e9g\u00e9tale &nbsp;provenant de l\u2019huile de coco, de ma\u00efs et de sucre. &nbsp;<\/span><\/span><\/li>\n<li style=\"padding: 0px;margin: 0px;background-repeat: no-repeat no-repeat\"><span style=\"padding: 0px;margin: 0px;font-size: 18px;background-repeat: no-repeat no-repeat\"><span style=\"padding: 0px;margin: 0px;font-family: Tahoma, Geneva, sans-serif;background-repeat: no-repeat no-repeat\">Tr\u00e8s doux, aussi doux qu\u2019un shampooing pour b\u00e9b\u00e9, pas de d\u00e9tersif agressif.<\/span><\/span><\/li>\n<li style=\"padding: 0px;margin: 0px;background-repeat: no-repeat no-repeat\"><span style=\"padding: 0px;margin: 0px;font-size: 18px;background-repeat: no-repeat no-repeat\"><span style=\"padding: 0px;margin: 0px;font-family: Tahoma, Geneva, sans-serif;background-repeat: no-repeat no-repeat\">Rends le poil souple, doux et brillant sans ass\u00e9cher ou irriter la peau.<\/span><\/span><\/li>\n<li style=\"padding: 0px;margin: 0px;background-repeat: no-repeat no-repeat\"><span style=\"padding: 0px;margin: 0px;font-size: 18px;background-repeat: no-repeat no-repeat\"><span style=\"padding: 0px;margin: 0px;font-family: Tahoma, Geneva, sans-serif;background-repeat: no-repeat no-repeat\">Tr\u00e8s facile \u00e0 rincer.<\/span><\/span><\/li>\n<li style=\"padding: 0px;margin: 0px;background-repeat: no-repeat no-repeat\"><span style=\"padding: 0px;margin: 0px;font-size: 18px;background-repeat: no-repeat no-repeat\"><span style=\"padding: 0px;margin: 0px;font-family: Tahoma, Geneva, sans-serif;background-repeat: no-repeat no-repeat\">Sans Parabens ni phtalate et sans savon.&nbsp;<\/span><\/span><\/li>\n<li style=\"padding: 0px;margin: 0px;background-repeat: no-repeat no-repeat\"><span style=\"padding: 0px;margin: 0px;font-size: 18px;background-repeat: no-repeat no-repeat\"><span style=\"padding: 0px;margin: 0px;font-family: Tahoma, Geneva, sans-serif;background-repeat: no-repeat no-repeat\">V\u00e9gan, biod\u00e9gradable et fabriqu\u00e9 sans cruaut\u00e9 envers les animaux.<\/span><\/span><\/li>\n<li style=\"padding: 0px;margin: 0px;background-repeat: no-repeat no-repeat\"><span style=\"padding: 0px;margin: 0px;font-size: 18px;background-repeat: no-repeat no-repeat\"><span style=\"padding: 0px;margin: 0px;font-family: Tahoma, Geneva, sans-serif;background-repeat: no-repeat no-repeat\">pH \u00e9quilibr\u00e9.<\/span><\/span><\/li>\n<li style=\"padding: 0px;margin: 0px;background-repeat: no-repeat no-repeat\"><span style=\"padding: 0px;margin: 0px;font-size: 18px;background-repeat: no-repeat no-repeat\"><span style=\"padding: 0px;margin: 0px;font-family: Tahoma, Geneva, sans-serif;background-repeat: no-repeat no-repeat\">Hypoallerg\u00e8ne, bon m\u00eame pour les peaux les plus sensibles.<\/span><\/span><\/li>\n<li style=\"padding: 0px;margin: 0px;background-repeat: no-repeat no-repeat\"><span style=\"padding: 0px;margin: 0px;font-size: 18px;background-repeat: no-repeat no-repeat\"><span style=\"padding: 0px;margin: 0px;font-family: Tahoma, Geneva, sans-serif;background-repeat: no-repeat no-repeat\">Sans larmes pour les yeux sensibles des chiens.<\/span><\/span><\/li>\n<li style=\"padding: 0px;margin: 0px;background-repeat: no-repeat no-repeat\"><span style=\"padding: 0px;margin: 0px;font-size: 18px;background-repeat: no-repeat no-repeat\"><span style=\"padding: 0px;margin: 0px;font-family: Tahoma, Geneva, sans-serif;background-repeat: no-repeat no-repeat\">Fi\u00e8rement fabriqu\u00e9 au Qu\u00e9bec depuis 2004.<\/span><\/span><\/li>\n<li style=\"padding: 0px;margin: 0px;background-repeat: no-repeat no-repeat\"><span style=\"padding: 0px;margin: 0px;font-size: 18px;background-repeat: no-repeat no-repeat\"><span style=\"padding: 0px;margin: 0px;font-family: Tahoma, Geneva, sans-serif;background-repeat: no-repeat no-repeat\">Nos bouteilles sont faites au Qu\u00e9bec \u00e0 partir d\u2019une r\u00e9sine de plastique HDPE (no. 2) qui est r\u00e9utilis\u00e9e \u00e0 93% au Qu\u00e9bec.<\/span><\/span><\/li>\n<\/ul>\n<p style=\"padding: 0px;margin: 0px 0px 16px;font-family: Roboto, sans-serif;font-size: 13px;font-style: normal;font-weight: 400;letter-spacing: normal;text-align: start;text-indent: 0px;text-transform: none;text-decoration: none;background-repeat: no-repeat no-repeat\"><span style=\"padding: 0px;margin: 0px;font-size: 18px;background-repeat: no-repeat no-repeat\"><span style=\"padding: 0px;margin: 0px;font-family: Tahoma, Geneva, sans-serif;background-repeat: no-repeat no-repeat\"><strong style=\"padding: 0px;margin: 0px;font-weight: 700;background-repeat: no-repeat no-repeat\">Comment l\u2019utiliser?<\/strong><\/span><\/span><\/p>\n<p style=\"padding: 0px;margin: 0px;font-family: Roboto, sans-serif;font-size: 13px;font-style: normal;font-weight: 400;letter-spacing: normal;text-align: start;text-indent: 0px;text-transform: none;text-decoration: none;background-repeat: no-repeat no-repeat\"><span style=\"padding: 0px;margin: 0px;font-size: 18px;background-repeat: no-repeat no-repeat\"><span style=\"padding: 0px;margin: 0px;font-family: Tahoma, Geneva, sans-serif;background-repeat: no-repeat no-repeat\">Mouillez le poil du chien. Appliquez une petite quantit\u00e9 et massez. Rincer abondamment la fourrure. Nous sugg\u00e9rons fortement de r\u00e9p\u00e9ter une deuxi\u00e8me fois. Le premier lavage va enlever la grosse salet\u00e9 et le deuxi\u00e8me lavage va nettoyer profond\u00e9ment. Le rin\u00e7age en profondeur est vraiment important. Ce sont souvent les r\u00e9sidus de shampooing dans le poil qui causent l\u2019ass\u00e8chement de la peau.<\/span><\/span><span style=\"padding: 0px;margin: 0px;font-size: 18px;background-repeat: no-repeat no-repeat\"><span style=\"padding: 0px;margin: 0px;font-family: Tahoma, Geneva, sans-serif;background-repeat: no-repeat no-repeat\"><span class=\"Apple-converted-space\">&nbsp;<\/span><\/span><\/span><span style=\"padding: 0px;margin: 0px;font-size: 18px;background-repeat: no-repeat no-repeat\"><span style=\"padding: 0px;margin: 0px;font-family: Tahoma, Geneva, sans-serif;background-repeat: no-repeat no-repeat\">&nbsp;<\/span><\/span><span style=\"padding: 0px;margin: 0px;font-size: 18px;background-repeat: no-repeat no-repeat\"><span style=\"padding: 0px;margin: 0px;font-family: Tahoma, Geneva, sans-serif;background-repeat: no-repeat no-repeat\">Pour les chiots de plus de 3 mois.<\/span><\/span><\/p>\n<p>Format<span style=\"padding: 0px;margin: 0px;font-size: 18px;background-repeat: no-repeat no-repeat\"><span style=\"padding: 0px;margin: 0px;font-family: Tahoma, Geneva, sans-serif;background-repeat: no-repeat no-repeat\"> 325ml<\/span><\/span><\/p>\n","protected":false},"excerpt":{"rendered":"<p>Fleur d\u2019alo\u00e8s et calendula, pour les chiots ou les chiens \u00e0 peau&nbsp;sensible.&nbsp; La fleur de calendula est reconnue pour ses&#8230;<\/p>\n","protected":false},"featured_media":878,"comment_status":"open","ping_status":"closed","template":"","meta":{"advanced_seo_description":"","jetpack_seo_html_title":"","jetpack_seo_noindex":false},"product_brand":[],"product_cat":[40,27],"product_tag":[],"class_list":{"0":"post-877","1":"product","2":"type-product","3":"status-publish","4":"has-post-thumbnail","6":"product_cat-beaute-canine","7":"product_cat-non-classe","9":"first","10":"onbackorder","11":"taxable","12":"shipping-taxable","13":"purchasable","14":"product-type-simple"},"jetpack_sharing_enabled":true,"_links":{"self":[{"href":"https:\/\/fantaisiescaninfelin.com\/index.php?rest_route=\/wp\/v2\/product\/877","targetHints":{"allow":["GET"]}}],"collection":[{"href":"https:\/\/fantaisiescaninfelin.com\/index.php?rest_route=\/wp\/v2\/product"}],"about":[{"href":"https:\/\/fantaisiescaninfelin.com\/index.php?rest_route=\/wp\/v2\/types\/product"}],"replies":[{"embeddable":true,"href":"https:\/\/fantaisiescaninfelin.com\/index.php?rest_route=%2Fwp%2Fv2%2Fcomments&post=877"}],"wp:featuredmedia":[{"embeddable":true,"href":"https:\/\/fantaisiescaninfelin.com\/index.php?rest_route=\/wp\/v2\/media\/878"}],"wp:attachment":[{"href":"https:\/\/fantaisiescaninfelin.com\/index.php?rest_route=%2Fwp%2Fv2%2Fmedia&parent=877"}],"wp:term":[{"taxonomy":"product_brand","embeddable":true,"href":"https:\/\/fantaisiescaninfelin.com\/index.php?rest_route=%2Fwp%2Fv2%2Fproduct_brand&post=877"},{"taxonomy":"product_cat","embeddable":true,"href":"https:\/\/fantaisiescaninfelin.com\/index.php?rest_route=%2Fwp%2Fv2%2Fproduct_cat&post=877"},{"taxonomy":"product_tag","embeddable":true,"href":"https:\/\/fantaisiescaninfelin.com\/index.php?rest_route=%2Fwp%2Fv2%2Fproduct_tag&post=877"}],"curies":[{"name":"wp","href":"https:\/\/api.w.org\/{rel}","templated":true}]}}