{"id":88,"date":"2024-09-03T08:36:24","date_gmt":"2024-09-03T12:36:24","guid":{"rendered":"https:\/\/fantaisies:8890\/?post_type=product&#038;p=88"},"modified":"2025-12-01T09:54:22","modified_gmt":"2025-12-01T14:54:22","slug":"nutram-s49-recette-de-farine-de-saumon-de-truite-et-dorge","status":"publish","type":"product","link":"https:\/\/fantaisiescaninfelin.com\/?product=nutram-s49-recette-de-farine-de-saumon-de-truite-et-dorge","title":{"rendered":"Nutram S49 recette de farine de saumon, de truite et d&rsquo;orge"},"content":{"rendered":"<p>La nourriture pour chien adult S49 convient pour tout les types de chiens \u00e0 intol\u00e9rance au poulet puisqu&rsquo;elle ne contient aucune trace de poulet. C&rsquo;est une recette holistique multi-b\u00e9n\u00e9fique et riche en nutriments qui am\u00e9liore le bien-\u00eatre de votre animal de l&rsquo;int\u00e9rieur.<\/p>\n<p>Ingr\u00e9dients actifs: Huile de saumon + graines de lin favorisent un pelage lustr\u00e9 \/ chou vert fris\u00e9 + menthe poivr\u00e9e favorisent une d\u00e9toxication naturelle.<\/p>\n<p>Produit fi\u00e8rement canadien.<\/p>\n","protected":false},"excerpt":{"rendered":"<p>La nourriture pour chien adult S49 convient pour tout les types de chiens \u00e0 intol\u00e9rance au poulet puisqu&rsquo;elle ne contient&#8230;<\/p>\n","protected":false},"featured_media":114,"comment_status":"open","ping_status":"closed","template":"","meta":{"advanced_seo_description":"","jetpack_seo_html_title":"","jetpack_seo_noindex":false},"product_brand":[],"product_cat":[16,19],"product_tag":[],"class_list":{"0":"post-88","1":"product","2":"type-product","3":"status-publish","4":"has-post-thumbnail","6":"product_cat-nourriture","7":"product_cat-nutram","9":"first","10":"instock","11":"taxable","12":"shipping-taxable","13":"purchasable","14":"product-type-variable"},"jetpack_sharing_enabled":true,"_links":{"self":[{"href":"https:\/\/fantaisiescaninfelin.com\/index.php?rest_route=\/wp\/v2\/product\/88","targetHints":{"allow":["GET"]}}],"collection":[{"href":"https:\/\/fantaisiescaninfelin.com\/index.php?rest_route=\/wp\/v2\/product"}],"about":[{"href":"https:\/\/fantaisiescaninfelin.com\/index.php?rest_route=\/wp\/v2\/types\/product"}],"replies":[{"embeddable":true,"href":"https:\/\/fantaisiescaninfelin.com\/index.php?rest_route=%2Fwp%2Fv2%2Fcomments&post=88"}],"wp:featuredmedia":[{"embeddable":true,"href":"https:\/\/fantaisiescaninfelin.com\/index.php?rest_route=\/wp\/v2\/media\/114"}],"wp:attachment":[{"href":"https:\/\/fantaisiescaninfelin.com\/index.php?rest_route=%2Fwp%2Fv2%2Fmedia&parent=88"}],"wp:term":[{"taxonomy":"product_brand","embeddable":true,"href":"https:\/\/fantaisiescaninfelin.com\/index.php?rest_route=%2Fwp%2Fv2%2Fproduct_brand&post=88"},{"taxonomy":"product_cat","embeddable":true,"href":"https:\/\/fantaisiescaninfelin.com\/index.php?rest_route=%2Fwp%2Fv2%2Fproduct_cat&post=88"},{"taxonomy":"product_tag","embeddable":true,"href":"https:\/\/fantaisiescaninfelin.com\/index.php?rest_route=%2Fwp%2Fv2%2Fproduct_tag&post=88"}],"curies":[{"name":"wp","href":"https:\/\/api.w.org\/{rel}","templated":true}]}}