{"id":896,"date":"2024-09-15T21:20:23","date_gmt":"2024-09-16T01:20:23","guid":{"rendered":"https:\/\/fantaisies:8890\/?post_type=product&#038;p=896"},"modified":"2024-10-23T13:35:24","modified_gmt":"2024-10-23T17:35:24","slug":"pretty-paw-harnais-brun-tartan","status":"publish","type":"product","link":"https:\/\/fantaisiescaninfelin.com\/?product=pretty-paw-harnais-brun-tartan","title":{"rendered":"Pretty Paw harnais Scotland Taupe"},"content":{"rendered":"<p>Les harnais Pretty Paw sont PARFAITS pour les chiens de tr\u00e8s petites tailles ou bien les petites races \u00e0 forte poitrine tel que les bouledogues fran\u00e7ais ou bien le Pug .<\/p>\n<p>Tr\u00e8s facile \u00e0 installer : Ins\u00e9rer les 2 pattes avant et hop attacher l&rsquo;attache sur le dos du chien .<\/p>\n<p>\ud83c\udde8\ud83c\udde6 Produit fi\u00e8rement canadien<\/p>\n","protected":false},"excerpt":{"rendered":"<p>Les harnais Pretty Paw sont PARFAITS pour les chiens de tr\u00e8s petites tailles ou bien les petites races \u00e0 forte&#8230;<\/p>\n","protected":false},"featured_media":897,"comment_status":"open","ping_status":"closed","template":"","meta":{"advanced_seo_description":"","jetpack_seo_html_title":"","jetpack_seo_noindex":false},"product_brand":[],"product_cat":[39,27],"product_tag":[42],"class_list":{"0":"post-896","1":"product","2":"type-product","3":"status-publish","4":"has-post-thumbnail","6":"product_cat-mode-canine","7":"product_cat-non-classe","8":"product_tag-scarlet","10":"first","11":"instock","12":"taxable","13":"shipping-taxable","14":"purchasable","15":"product-type-variable"},"jetpack_sharing_enabled":true,"_links":{"self":[{"href":"https:\/\/fantaisiescaninfelin.com\/index.php?rest_route=\/wp\/v2\/product\/896","targetHints":{"allow":["GET"]}}],"collection":[{"href":"https:\/\/fantaisiescaninfelin.com\/index.php?rest_route=\/wp\/v2\/product"}],"about":[{"href":"https:\/\/fantaisiescaninfelin.com\/index.php?rest_route=\/wp\/v2\/types\/product"}],"replies":[{"embeddable":true,"href":"https:\/\/fantaisiescaninfelin.com\/index.php?rest_route=%2Fwp%2Fv2%2Fcomments&post=896"}],"wp:featuredmedia":[{"embeddable":true,"href":"https:\/\/fantaisiescaninfelin.com\/index.php?rest_route=\/wp\/v2\/media\/897"}],"wp:attachment":[{"href":"https:\/\/fantaisiescaninfelin.com\/index.php?rest_route=%2Fwp%2Fv2%2Fmedia&parent=896"}],"wp:term":[{"taxonomy":"product_brand","embeddable":true,"href":"https:\/\/fantaisiescaninfelin.com\/index.php?rest_route=%2Fwp%2Fv2%2Fproduct_brand&post=896"},{"taxonomy":"product_cat","embeddable":true,"href":"https:\/\/fantaisiescaninfelin.com\/index.php?rest_route=%2Fwp%2Fv2%2Fproduct_cat&post=896"},{"taxonomy":"product_tag","embeddable":true,"href":"https:\/\/fantaisiescaninfelin.com\/index.php?rest_route=%2Fwp%2Fv2%2Fproduct_tag&post=896"}],"curies":[{"name":"wp","href":"https:\/\/api.w.org\/{rel}","templated":true}]}}